{"id":4262,"date":"2022-11-06T17:18:12","date_gmt":"2022-11-06T17:18:12","guid":{"rendered":"https:\/\/shop.xn--altmhl-bogensport-52b.de\/?post_type=product&#038;p=4262"},"modified":"2025-08-18T16:35:20","modified_gmt":"2025-08-18T16:35:20","slug":"mohawk-ilf-take-down-58","status":"publish","type":"product","link":"https:\/\/shop.xn--altmhl-bogensport-52b.de\/?product=mohawk-ilf-take-down-58","title":{"rendered":"Mohawk ILF Take Down 58&#8243;"},"content":{"rendered":"<p><strong>Eine Kombination, die \u00fcberzeugt.<\/strong><\/p>\n<p>Du bist auf der Suche nach einem hochwertigen Mittelteil und sportlichen Wurfarmen? Dann ist dieses Produkt genau richtig f\u00fcr Dich. Der Take Down Bogen besteht aus dem Mohawk ILF Mittelteil und Shadow ILF Wurfarmen von der Marke Penthalon.<\/p>\n<p>Das Mohawk ILF Mittelteil ist aus Bubinga gebaut. Damit hat das Mittelteil genug Eigengewicht, um Restenergie aufzunehmen. Wir k\u00f6nnen garantieren, dass das Mohawk ILF Mittelteil ohne sp\u00fcrbarem Handschock zu schie\u00dfen ist. Die Schichtverleimung im Mittelteil punktet nicht nur in Bezug auf Optik und Design. Zudem versteifen unsere Verleimung aus Bubinga, Ahorn und Mycarta das gesamte Mittelteil und garantiert so ein Maximum an Stabilit\u00e4t.<\/p>\n<p>Bei den Shadow ILF Wurfarmen haben wir uns f\u00fcr eine schlichte Optik mit schwarzem Fiberglas entschieden. Dadurch passen die Wurfarme perfekt zu unserem Mohawk ILF Mittelteil. Selbstverst\u00e4ndlich kann der Penthalon Shadow Wurfarm mit jeder handels\u00fcblichen Hochleistungssehne geschossen werden.<\/p>\n<p>Was bedeutet &#8220;ILF&#8221;?<br \/>\nDas ILF System (International Limb Fitting System) garantiert die M\u00f6glichkeit, ILF Mittelteile und ILF Wurfarme von vielen ILF Anbietern und Herstellern miteinander zu kombinieren.<\/p>\n<p>Produktinformationen auf einen Blick:<\/p>\n<p>Mittelteil:<\/p>\n<ul>\n<li>L\u00e4nge Mittelteil: 17 Zoll<\/li>\n<li>Gewicht Mittelteil: Ca. 625 gr.<\/li>\n<li>Materialien Mittelteil: Bubinga mit Ahorn und Mycarta Akzentstreifen<\/li>\n<li>Garantie: 30 Jahre BEARPAW PRODUCTS Garantie*<\/li>\n<\/ul>\n<p>Wurfarme:<\/p>\n<ul>\n<li>Zuggewichte: 25 &#8211; 55 lbs<\/li>\n<li>L\u00e4nge: L\u00e4nge 58 Zoll mit 17 Zoll Mittelteil<\/li>\n<li>Materialien Wurfarme: Ahorn mit Schwarzglas<\/li>\n<li>Sehne: Whisper String, Fast Flight, Dynaflight<\/li>\n<li>Garantie: 2 Jahre Penthalon Garantie*<\/li>\n<\/ul>\n<p>&nbsp;<\/p>\n<table class=\"table table-sm\">\n<tbody>\n<tr class=\"attr-custom\">\n<td class=\"attr-value\"><strong>Herstellername:<\/strong><br \/>\nBEARPAW GmbH<br \/>\n<strong>Anschrift:<\/strong><br \/>\nHannebach 30, 96269 Rossach<br \/>\n<strong>Herkunftsland:<\/strong><br \/>\nDeutschland<br \/>\n<strong>Webseite:<\/strong><br \/>\nhttps:\/\/www.bearpaw-products.de\/<br \/>\n<strong>Kontakt:<\/strong><br \/>\ninfo@bearpaw-products.com<br \/>\n<strong>Marke:<\/strong><br \/>\nBearpaw Products<\/td>\n<\/tr>\n<\/tbody>\n<\/table>\n","protected":false},"excerpt":{"rendered":"<p>Bearpaw Mohawk ILF Shadow<\/p>\n","protected":false},"featured_media":4263,"comment_status":"open","ping_status":"closed","template":"","meta":[],"product_brand":[],"product_cat":[49,391,658],"product_tag":[1329,30,52,186,187,589],"class_list":{"0":"post-4262","1":"product","2":"type-product","3":"status-publish","4":"has-post-thumbnail","6":"product_cat-take-down-bogen","7":"product_cat-jagdbogen","8":"product_cat-griffstueck-ilf","9":"product_tag-bogen","10":"product_tag-bearpaw","11":"product_tag-takedown","12":"product_tag-shadow","13":"product_tag-ilf","14":"product_tag-mohawk","16":"first","17":"onbackorder","18":"taxable","19":"shipping-taxable","20":"product-type-variable"},"_links":{"self":[{"href":"https:\/\/shop.xn--altmhl-bogensport-52b.de\/index.php?rest_route=\/wp\/v2\/product\/4262","targetHints":{"allow":["GET"]}}],"collection":[{"href":"https:\/\/shop.xn--altmhl-bogensport-52b.de\/index.php?rest_route=\/wp\/v2\/product"}],"about":[{"href":"https:\/\/shop.xn--altmhl-bogensport-52b.de\/index.php?rest_route=\/wp\/v2\/types\/product"}],"replies":[{"embeddable":true,"href":"https:\/\/shop.xn--altmhl-bogensport-52b.de\/index.php?rest_route=%2Fwp%2Fv2%2Fcomments&post=4262"}],"wp:featuredmedia":[{"embeddable":true,"href":"https:\/\/shop.xn--altmhl-bogensport-52b.de\/index.php?rest_route=\/wp\/v2\/media\/4263"}],"wp:attachment":[{"href":"https:\/\/shop.xn--altmhl-bogensport-52b.de\/index.php?rest_route=%2Fwp%2Fv2%2Fmedia&parent=4262"}],"wp:term":[{"taxonomy":"product_brand","embeddable":true,"href":"https:\/\/shop.xn--altmhl-bogensport-52b.de\/index.php?rest_route=%2Fwp%2Fv2%2Fproduct_brand&post=4262"},{"taxonomy":"product_cat","embeddable":true,"href":"https:\/\/shop.xn--altmhl-bogensport-52b.de\/index.php?rest_route=%2Fwp%2Fv2%2Fproduct_cat&post=4262"},{"taxonomy":"product_tag","embeddable":true,"href":"https:\/\/shop.xn--altmhl-bogensport-52b.de\/index.php?rest_route=%2Fwp%2Fv2%2Fproduct_tag&post=4262"}],"curies":[{"name":"wp","href":"https:\/\/api.w.org\/{rel}","templated":true}]}}