{"id":4244,"date":"2022-10-18T12:06:45","date_gmt":"2022-10-18T12:06:45","guid":{"rendered":"https:\/\/shop.xn--altmhl-bogensport-52b.de\/?post_type=product&#038;p=4244"},"modified":"2025-01-05T15:19:25","modified_gmt":"2025-01-05T15:19:25","slug":"tophat-messing-3d-feld-spitze","status":"publish","type":"product","link":"https:\/\/shop.xn--altmhl-bogensport-52b.de\/?product=tophat-messing-3d-feld-spitze","title":{"rendered":"TOPHAT Messing 3D Feld &#8211; Spitze"},"content":{"rendered":"<p>TopHat Spitze\u00a0Messing 3D<\/p>\n<p>Kein Kleben mehr!<\/p>\n<p>TopHat\u00ae wird ohne Kleber auf den stumpfen Schaft aufgedreht. Durch ein Keilgewinde ist ein selbst\u00e4ndiges L\u00f6sen der Spitze nicht mehr m\u00f6glich!<\/p>\n<p>Selbstzentrierung der Spitze<br \/>\nBeim Eindrehen des stumpfen Schaftendes zentriert sich TopHat\u00ae selbst durch einen konischen Bereich im vorderen Teil der Spitze. Dadurch entstehen\u00a0bessere Flugeigenschaften und eine h\u00f6here Zielgenauigkeit.<\/p>\n<p>L\u00e4ngere Haltbarkeit des Schaftes<br \/>\nDer Holzschaft wird durch die zylindrische Ummantelung gesch\u00fctzt, dort wo die heftigsten Schlag- und Splitterkr\u00e4fte auftreten.<\/p>\n<p>Leichtes Entfernen aus der Zielscheibe<br \/>\nDer Durchmesser der Spitze ist etwas gr\u00f6\u00dfer als der des Schaftes, was zu einer Ausweitung der Einschussstelle f\u00fchrt und somit das Herausziehen des Pfeils sp\u00fcrbar erleichtert.<br \/>\nDamit der \u00dcbergang der Spitze zum Schaft kaum sp\u00fcrbar ist, l\u00e4uft der Durchmesser der Spitze nach hinten leicht konisch aus.<\/p>\n<p>Erh\u00e4ltliche Gr\u00f6\u00dfen:<br \/>\n5\/16 &#8211; \u00a0 70gr<br \/>\n5\/16 &#8211; 100gr<br \/>\n5\/16 &#8211; 125gr<br \/>\n11\/32 &#8211; \u00a0 80gr<br \/>\n11\/32 &#8211; 100gr<br \/>\n11\/32 &#8211; 125gr<\/p>\n<p>&nbsp;<\/p>\n<table class=\"table table-sm\">\n<tbody>\n<tr class=\"attr-custom\">\n<td class=\"attr-value\"><strong>Herstellername:<\/strong><br \/>\nArc&amp;Us UG<br \/>\n<strong>Anschrift:<\/strong><br \/>\nWiesentalstr. 79, 79618 Rheinfelden<br \/>\n<strong>Herkunftsland:<\/strong><br \/>\nDeutschland<br \/>\n<strong>Webseite:<\/strong><br \/>\nhttps:\/\/tophatarchery.com\/<br \/>\n<strong>Kontakt:<\/strong><br \/>\nsupport@tophatarchery.com<br \/>\n<strong>Marke:<\/strong><br \/>\nTophat<\/td>\n<\/tr>\n<\/tbody>\n<\/table>\n","protected":false},"excerpt":{"rendered":"<p>Tophat Messingspitze classic 3D f\u00fcr Holzpfeile<\/p>\n","protected":false},"featured_media":4245,"comment_status":"open","ping_status":"closed","template":"","meta":[],"product_brand":[],"product_cat":[912],"product_tag":[916,1225,83,1228,84,1230],"class_list":{"0":"post-4244","1":"product","2":"type-product","3":"status-publish","4":"has-post-thumbnail","6":"product_cat-spitzen-holzpfeile","7":"product_tag-5-16","8":"product_tag-classic","9":"product_tag-tophat","10":"product_tag-aufschraubspitze","11":"product_tag-3d","12":"product_tag-messing","14":"first","15":"instock","16":"taxable","17":"shipping-taxable","18":"purchasable","19":"product-type-variable"},"_links":{"self":[{"href":"https:\/\/shop.xn--altmhl-bogensport-52b.de\/index.php?rest_route=\/wp\/v2\/product\/4244","targetHints":{"allow":["GET"]}}],"collection":[{"href":"https:\/\/shop.xn--altmhl-bogensport-52b.de\/index.php?rest_route=\/wp\/v2\/product"}],"about":[{"href":"https:\/\/shop.xn--altmhl-bogensport-52b.de\/index.php?rest_route=\/wp\/v2\/types\/product"}],"replies":[{"embeddable":true,"href":"https:\/\/shop.xn--altmhl-bogensport-52b.de\/index.php?rest_route=%2Fwp%2Fv2%2Fcomments&post=4244"}],"wp:featuredmedia":[{"embeddable":true,"href":"https:\/\/shop.xn--altmhl-bogensport-52b.de\/index.php?rest_route=\/wp\/v2\/media\/4245"}],"wp:attachment":[{"href":"https:\/\/shop.xn--altmhl-bogensport-52b.de\/index.php?rest_route=%2Fwp%2Fv2%2Fmedia&parent=4244"}],"wp:term":[{"taxonomy":"product_brand","embeddable":true,"href":"https:\/\/shop.xn--altmhl-bogensport-52b.de\/index.php?rest_route=%2Fwp%2Fv2%2Fproduct_brand&post=4244"},{"taxonomy":"product_cat","embeddable":true,"href":"https:\/\/shop.xn--altmhl-bogensport-52b.de\/index.php?rest_route=%2Fwp%2Fv2%2Fproduct_cat&post=4244"},{"taxonomy":"product_tag","embeddable":true,"href":"https:\/\/shop.xn--altmhl-bogensport-52b.de\/index.php?rest_route=%2Fwp%2Fv2%2Fproduct_tag&post=4244"}],"curies":[{"name":"wp","href":"https:\/\/api.w.org\/{rel}","templated":true}]}}