{"id":4162,"date":"2022-09-02T17:44:09","date_gmt":"2022-09-02T17:44:09","guid":{"rendered":"https:\/\/shop.xn--altmhl-bogensport-52b.de\/?post_type=product&#038;p=4162"},"modified":"2025-03-18T07:50:40","modified_gmt":"2025-03-18T07:50:40","slug":"profi-625-big-bore-blasrohr-4-fuss","status":"publish","type":"product","link":"https:\/\/shop.xn--altmhl-bogensport-52b.de\/?product=profi-625-big-bore-blasrohr-4-fuss","title":{"rendered":"Profi .625 Big Bore Blasrohr, 4 Fuss"},"content":{"rendered":"<p><strong>Profi .625 Magnum\u00ae Big Bore\u00ae\u00a0Blasrohr, 4 Fu\u00df<\/strong><\/p>\n<p>Das Blasrohr hat weltweit eine lange Geschichte. Es wird vermutet, dass es in Malaysia entstand und sich \u00fcber die malaysischen und indonesischen Inselgruppen seinen Weg auf die Philippinen und sogar nach Japan bahnte. Allerdings war das Blasrohr nicht ausschlie\u00dflich in S\u00fcdostasien vertreten. Es tauchte auch in der westlichen Hemisph\u00e4re auf &#8211; von den Dschungeln S\u00fcd- und\u00a0 Mittelamerikas, bis hin zu den s\u00fcd\u00f6stlichen Gebieten der heutigen USA. Blasrohre wurden mit kleinen Steinen oder geh\u00e4rteten Lehmpellets als Munition best\u00fcckt und zur Jagd auf Kleintiere und V\u00f6gel verwendet.<\/p>\n<p>Cold Steels Big Bore\u00ae Blasrohre verf\u00fcgen \u00fcber gro\u00dfe .625 Kaliber Magnum Gesch\u00fctzrohre und sind in der Lage, schwerere Pfeile schneller zu verschie\u00dfen als manche andere Modelle auf dem Markt! Sie haben eine effektive Reichweite von ca. 18 Metern und mit ihnen kann ein erfahrener Sch\u00fctze mit entsprechendem Training einen 5 cm Kreis aus unglaublicher Entfernung treffen und schwere Pfeile schie\u00dfen, die eine ca. 1,3 cm dicke Sperrholzplatte durchdringen k\u00f6nnen.<\/p>\n<p>Obwohl die regul\u00e4ren .625 Magnum\u00ae Blasrohre hervorragend sind, hat Cold Steel mit dem\u00a0<i>Professional<\/i> .625 Blasrohr noch einen drauf gelegt. Dieses Profi-Modell verf\u00fcgt \u00fcber ein optimiertes Mundst\u00fcck und ein Gesch\u00fctzrohr mit 3 mm Wandst\u00e4rke. Es ist also fast doppelt so dick und 45% schwerer als das Standardmodell, und somit das heute im Handel schwerste industriell produzierte Blasrohr der Welt. Aber der eigentliche Grund, weshalb Du die Extra-Kohle lockermachen solltest, ist der enorme Gewinn an Zielgenauigkeit, der dem wesentlich biegesteiferen Gesch\u00fctzrohr zuzuschreiben ist.<\/p>\n<p><strong>Details:<\/strong><br \/>\n&#8211; Profi .625 Magnum Big Bore Blasrohr, 4 Fu\u00df (ca. 1,2 m)<br \/>\n&#8211; 3 mm Wandst\u00e4rke<br \/>\n&#8211; Mundst\u00fcck, Gummit\u00fclle,\u00a0K\u00f6cher, Schutzring und 36\u00a0Pfeile\u00a0(15 Bambuspfeile, 15 Mini Broadhead-Pfeile und 6 St\u00f6pselpfeile &#8211; sog.<i>Stun Darts<\/i>) sind im Lieferumfang enthalten.<br \/>\n&#8211; Cold Steel Artikelnummer: B6254P \/ B6254PZ<\/p>\n<p><b>Bitte beachte:<\/b>\u00a0In Deutschland d\u00fcrfen Blasrohre nicht zur Jagd verwendet werden!<br \/>\n<strong>Hersteller:<\/strong>\u00a0GSM Outdoors, LLC, 5250 Frye Road, USA-75061, Irving, TX, info@gsmorg.com<br \/>\n<strong>Verantwortliche Person: Battle-Merchant Wacken GmbH &amp; Co. KG, Gehrn 4, 25596 Wacken<\/strong><br \/>\n<strong>Kontakt: info@battlemerchant.com<\/strong><\/p>\n","protected":false},"excerpt":{"rendered":"<p>Blasrohr Profi 625 Magnum<\/p>\n","protected":false},"featured_media":4163,"comment_status":"open","ping_status":"closed","template":"","meta":[],"product_brand":[],"product_cat":[620],"product_tag":[623,1199,1204,1205,517],"class_list":{"0":"post-4162","1":"product","2":"type-product","3":"status-publish","4":"has-post-thumbnail","6":"product_cat-blasrohre-zubehoer","7":"product_tag-big-bore","8":"product_tag-cold-steel","9":"product_tag-4-fuss","10":"product_tag-625-magnum","11":"product_tag-blasrohr","13":"first","14":"onbackorder","15":"taxable","16":"shipping-taxable","17":"purchasable","18":"product-type-simple"},"_links":{"self":[{"href":"https:\/\/shop.xn--altmhl-bogensport-52b.de\/index.php?rest_route=\/wp\/v2\/product\/4162","targetHints":{"allow":["GET"]}}],"collection":[{"href":"https:\/\/shop.xn--altmhl-bogensport-52b.de\/index.php?rest_route=\/wp\/v2\/product"}],"about":[{"href":"https:\/\/shop.xn--altmhl-bogensport-52b.de\/index.php?rest_route=\/wp\/v2\/types\/product"}],"replies":[{"embeddable":true,"href":"https:\/\/shop.xn--altmhl-bogensport-52b.de\/index.php?rest_route=%2Fwp%2Fv2%2Fcomments&post=4162"}],"wp:featuredmedia":[{"embeddable":true,"href":"https:\/\/shop.xn--altmhl-bogensport-52b.de\/index.php?rest_route=\/wp\/v2\/media\/4163"}],"wp:attachment":[{"href":"https:\/\/shop.xn--altmhl-bogensport-52b.de\/index.php?rest_route=%2Fwp%2Fv2%2Fmedia&parent=4162"}],"wp:term":[{"taxonomy":"product_brand","embeddable":true,"href":"https:\/\/shop.xn--altmhl-bogensport-52b.de\/index.php?rest_route=%2Fwp%2Fv2%2Fproduct_brand&post=4162"},{"taxonomy":"product_cat","embeddable":true,"href":"https:\/\/shop.xn--altmhl-bogensport-52b.de\/index.php?rest_route=%2Fwp%2Fv2%2Fproduct_cat&post=4162"},{"taxonomy":"product_tag","embeddable":true,"href":"https:\/\/shop.xn--altmhl-bogensport-52b.de\/index.php?rest_route=%2Fwp%2Fv2%2Fproduct_tag&post=4162"}],"curies":[{"name":"wp","href":"https:\/\/api.w.org\/{rel}","templated":true}]}}