{"id":416,"date":"2020-01-16T18:38:51","date_gmt":"2020-01-16T18:38:51","guid":{"rendered":"http:\/\/shop.xn--altmhl-bogensport-52b.de\/?post_type=product&#038;p=416"},"modified":"2025-01-29T08:51:36","modified_gmt":"2025-01-29T08:51:36","slug":"feder-rw-volle-laenge-barred-bearpaw","status":"publish","type":"product","link":"https:\/\/shop.xn--altmhl-bogensport-52b.de\/?product=feder-rw-volle-laenge-barred-bearpaw","title":{"rendered":"Feder RW Volle L\u00e4nge barred Bearpaw"},"content":{"rendered":"<p>Wir verwenden bei der Herstellung unserer Bearpaw Naturfedern nur echte Truthahnfedern. Bearpaw Federn werden von Bogensch\u00fctzen auf der ganzen Welt f\u00fcr den Bau ihrer Pfeile benutzt. Insbesondere im traditionellen Bogensport sind Naturfedern wegen ihrer Sch\u00f6nheit und den tollen Eigenschaften nicht wegzudenken.<\/p>\n<p>Federn in der vollen L\u00e4nge werden bevorzugt zum Herstellen der eigenen individuellen Federformen benutzt. Bogensch\u00fctzen verleihen ihren Pfeilen eine pers\u00f6nliche Note und k\u00f6nnen bei Benutzung der Bearpaw Federstanze aus vielen individuellen Federformen ausw\u00e4hlen. Federn in der vollen L\u00e4nge sind ein reines Naturprodukt und variieren in ihrer L\u00e4nge und Kielst\u00e4rke.<\/p>\n<p>Federn mit barred Farbmustern verleihen Ihrem Pfeil ein besonderes Aussehen und werden von Bogensch\u00fctzen auf der ganzen Welt zur Darstellung des eigenen Stils benutzt.<\/p>\n<ul>\n<li>Ausf\u00fchrung: Volle L\u00e4nge rechtsgewunden<\/li>\n<li>L\u00e4nge: ca. 8 &#8211; 14 Zoll<\/li>\n<li>Farbstruktur: Barred<\/li>\n<li>Farben: Verschiedene Farben<\/li>\n<\/ul>\n<p><b>Im Untermen\u00fc k\u00f6nnen sie ihre ganz pers\u00f6nliche Wunschfarbe ausw\u00e4hlen!<\/b><\/p>\n<p>&nbsp;<\/p>\n<table class=\"table table-sm\">\n<tbody>\n<tr class=\"attr-custom\">\n<td class=\"attr-value\"><strong>Herstellername:<\/strong><br \/>\nBEARPAW GmbH<br \/>\n<strong>Anschrift:<\/strong><br \/>\nHannebach 30, 96269 Rossach<br \/>\n<strong>Herkunftsland:<\/strong><br \/>\nDeutschland<br \/>\n<strong>Webseite:<\/strong><br \/>\nhttps:\/\/www.bearpaw-products.de\/<br \/>\n<strong>Kontakt:<\/strong><br \/>\ninfo@bearpaw-products.com<br \/>\n<strong>Marke:<\/strong><br \/>\nBearpaw Products<\/td>\n<\/tr>\n<\/tbody>\n<\/table>\n","protected":false},"excerpt":{"rendered":"<p>rechtsgewundene Naturfeder barred von Bearpaw<\/p>\n","protected":false},"featured_media":417,"comment_status":"open","ping_status":"closed","template":"","meta":[],"product_brand":[],"product_cat":[110],"product_tag":[30,111,112,113,114],"class_list":{"0":"post-416","1":"product","2":"type-product","3":"status-publish","4":"has-post-thumbnail","6":"product_cat-naturfedern-volle-laenge","7":"product_tag-bearpaw","8":"product_tag-feder","9":"product_tag-naturfeder","10":"product_tag-barred","11":"product_tag-volle-laenge","13":"first","14":"instock","15":"taxable","16":"shipping-taxable","17":"purchasable","18":"product-type-variable"},"_links":{"self":[{"href":"https:\/\/shop.xn--altmhl-bogensport-52b.de\/index.php?rest_route=\/wp\/v2\/product\/416","targetHints":{"allow":["GET"]}}],"collection":[{"href":"https:\/\/shop.xn--altmhl-bogensport-52b.de\/index.php?rest_route=\/wp\/v2\/product"}],"about":[{"href":"https:\/\/shop.xn--altmhl-bogensport-52b.de\/index.php?rest_route=\/wp\/v2\/types\/product"}],"replies":[{"embeddable":true,"href":"https:\/\/shop.xn--altmhl-bogensport-52b.de\/index.php?rest_route=%2Fwp%2Fv2%2Fcomments&post=416"}],"wp:featuredmedia":[{"embeddable":true,"href":"https:\/\/shop.xn--altmhl-bogensport-52b.de\/index.php?rest_route=\/wp\/v2\/media\/417"}],"wp:attachment":[{"href":"https:\/\/shop.xn--altmhl-bogensport-52b.de\/index.php?rest_route=%2Fwp%2Fv2%2Fmedia&parent=416"}],"wp:term":[{"taxonomy":"product_brand","embeddable":true,"href":"https:\/\/shop.xn--altmhl-bogensport-52b.de\/index.php?rest_route=%2Fwp%2Fv2%2Fproduct_brand&post=416"},{"taxonomy":"product_cat","embeddable":true,"href":"https:\/\/shop.xn--altmhl-bogensport-52b.de\/index.php?rest_route=%2Fwp%2Fv2%2Fproduct_cat&post=416"},{"taxonomy":"product_tag","embeddable":true,"href":"https:\/\/shop.xn--altmhl-bogensport-52b.de\/index.php?rest_route=%2Fwp%2Fv2%2Fproduct_tag&post=416"}],"curies":[{"name":"wp","href":"https:\/\/api.w.org\/{rel}","templated":true}]}}