{"id":4133,"date":"2022-08-25T08:49:05","date_gmt":"2022-08-25T08:49:05","guid":{"rendered":"https:\/\/shop.xn--altmhl-bogensport-52b.de\/?post_type=product&#038;p=4133"},"modified":"2025-11-19T08:51:42","modified_gmt":"2025-11-19T08:51:42","slug":"gateway-feather-tracers-2-feather-pointer-12-stueck","status":"publish","type":"product","link":"https:\/\/shop.xn--altmhl-bogensport-52b.de\/?product=gateway-feather-tracers-2-feather-pointer-12-stueck","title":{"rendered":"Gateway Feather Tracers 2&#8243;\/ Feather Pointer- 12 St\u00fcck"},"content":{"rendered":"<p><strong>Feather Tracer &#8211; 12 St\u00fcck<\/strong><\/p>\n<p>Wer kennt das nicht, ein bisschen daneben und der Pfeil zischt am Ziel vorbei oder landet unter der Grasnarbe. Aber wo er genau hingeflogen ist, kann man meist nicht erkennen.<\/p>\n<p>Dabei helfen z.B. die Feather Tracer. Diese sehr d\u00fcnnen Federn werden hinter der Befiederung an den Schaft bzw. um den Schaft geklebt und machen den Pfeilflug besser sichtbar. Durch die \u00e4u\u00dferst feine und d\u00fcnne Beschaffenheit der Naturfeder verliert der Pfeil w\u00e4hrend des Fluges auch nur ein Minimum an Energie.<\/p>\n<p>&nbsp;<\/p>\n<p><strong>Lieferumfang:<\/strong><br \/>\n12 St\u00fcck<\/p>\n","protected":false},"excerpt":{"rendered":"<p>Feather Tracer<\/p>\n","protected":false},"featured_media":4134,"comment_status":"open","ping_status":"closed","template":"","meta":[],"product_brand":[],"product_cat":[631,20,122,163],"product_tag":[420,563,994,1195],"class_list":{"0":"post-4133","1":"product","2":"type-product","3":"status-publish","4":"has-post-thumbnail","6":"product_cat-zubehoer-kids","7":"product_cat-zubehoer","8":"product_cat-naturfedern-4-zoll-rw","9":"product_cat-sale","10":"product_tag-puschel","11":"product_tag-gateway","12":"product_tag-tracer","13":"product_tag-feather-tracer","15":"first","16":"instock","17":"taxable","18":"shipping-taxable","19":"purchasable","20":"product-type-variable"},"_links":{"self":[{"href":"https:\/\/shop.xn--altmhl-bogensport-52b.de\/index.php?rest_route=\/wp\/v2\/product\/4133","targetHints":{"allow":["GET"]}}],"collection":[{"href":"https:\/\/shop.xn--altmhl-bogensport-52b.de\/index.php?rest_route=\/wp\/v2\/product"}],"about":[{"href":"https:\/\/shop.xn--altmhl-bogensport-52b.de\/index.php?rest_route=\/wp\/v2\/types\/product"}],"replies":[{"embeddable":true,"href":"https:\/\/shop.xn--altmhl-bogensport-52b.de\/index.php?rest_route=%2Fwp%2Fv2%2Fcomments&post=4133"}],"wp:featuredmedia":[{"embeddable":true,"href":"https:\/\/shop.xn--altmhl-bogensport-52b.de\/index.php?rest_route=\/wp\/v2\/media\/4134"}],"wp:attachment":[{"href":"https:\/\/shop.xn--altmhl-bogensport-52b.de\/index.php?rest_route=%2Fwp%2Fv2%2Fmedia&parent=4133"}],"wp:term":[{"taxonomy":"product_brand","embeddable":true,"href":"https:\/\/shop.xn--altmhl-bogensport-52b.de\/index.php?rest_route=%2Fwp%2Fv2%2Fproduct_brand&post=4133"},{"taxonomy":"product_cat","embeddable":true,"href":"https:\/\/shop.xn--altmhl-bogensport-52b.de\/index.php?rest_route=%2Fwp%2Fv2%2Fproduct_cat&post=4133"},{"taxonomy":"product_tag","embeddable":true,"href":"https:\/\/shop.xn--altmhl-bogensport-52b.de\/index.php?rest_route=%2Fwp%2Fv2%2Fproduct_tag&post=4133"}],"curies":[{"name":"wp","href":"https:\/\/api.w.org\/{rel}","templated":true}]}}