{"id":4121,"date":"2022-08-19T14:42:26","date_gmt":"2022-08-19T14:42:26","guid":{"rendered":"https:\/\/shop.xn--altmhl-bogensport-52b.de\/?post_type=product&#038;p=4121"},"modified":"2024-12-29T15:30:54","modified_gmt":"2024-12-29T15:30:54","slug":"srt-target-3d-brown-bear-cub","status":"publish","type":"product","link":"https:\/\/shop.xn--altmhl-bogensport-52b.de\/?product=srt-target-3d-brown-bear-cub","title":{"rendered":"SRT Target 3D Brown Bear Cub"},"content":{"rendered":"<p><strong>SRT B\u00e4renjunges<\/strong><\/p>\n<p>Die Firma SRT wurde 1994 gegr\u00fcndet und ist seitdem bekannt f\u00fcr seine detaillierten und naturgetreuen 3D Nachbildungen europ\u00e4ischer Tiere, deren Qualit\u00e4t ihresgleichen sucht. SRT bietet eine Vielzahl verschiedener Tiere an, deren Gestaltung der Killzonen sich nach den IBO Regeln richten. Nicht nur deshalb ist SRT die am h\u00e4ufigsten verwendete Marke bei nationalen und internationalen IFAA, FITA und FIARC Wettbewerben, sondern auch europ\u00e4ischer Marktf\u00fchrer.<\/p>\n<p>Bei der Produktion der 3D-Ziele denkt SRT auch an die Umwelt. So ist der verwendete Polyurethan-Schaum (PU) FCKW-frei und die verwendeten, wasserbasierten Farben l\u00f6sungsmittelfrei.<\/p>\n<p><strong>Technische Daten:<\/strong><br \/>\nL\u00e4nge: 102cm<br \/>\nH\u00f6he: 57cm<br \/>\nGewicht: 10kg<\/p>\n<p>FITA-Gruppe: 3<br \/>\nAnzahl der Ringe: 3<\/p>\n<p>Farbe \u00fcberwiegend schwarz, kann leicht vom Bild abweichen.<\/p>\n<p><strong>Herstellername:<\/strong><br \/>\nSRT-Targets srl<br \/>\n<strong>Anschrift:<\/strong><br \/>\nVia Milano 129, 22063 Cantu<br \/>\n<strong>Herkunftsland:<\/strong><br \/>\nItalien<br \/>\n<strong>Webseite:<\/strong><br \/>\nhttps:\/\/www.srt-targets.com\/<br \/>\n<strong>Kontakt:<\/strong><br \/>\nandrea@srt-targets.com<br \/>\n<strong>Marke:<\/strong><br \/>\nSRT Targets<\/p>\n","protected":false},"excerpt":{"rendered":"<p>SRT B\u00e4renjunges<\/p>\n","protected":false},"featured_media":4122,"comment_status":"open","ping_status":"closed","template":"","meta":[],"product_brand":[],"product_cat":[224],"product_tag":[226,674,1074,1191,177],"class_list":{"0":"post-4121","1":"product","2":"type-product","3":"status-publish","4":"has-post-thumbnail","6":"product_cat-srt-targets","7":"product_tag-srt","8":"product_tag-baer","9":"product_tag-target","10":"product_tag-baerenjunges","11":"product_tag-3d-ziel","13":"first","14":"onbackorder","15":"taxable","16":"shipping-taxable","17":"purchasable","18":"product-type-simple"},"_links":{"self":[{"href":"https:\/\/shop.xn--altmhl-bogensport-52b.de\/index.php?rest_route=\/wp\/v2\/product\/4121","targetHints":{"allow":["GET"]}}],"collection":[{"href":"https:\/\/shop.xn--altmhl-bogensport-52b.de\/index.php?rest_route=\/wp\/v2\/product"}],"about":[{"href":"https:\/\/shop.xn--altmhl-bogensport-52b.de\/index.php?rest_route=\/wp\/v2\/types\/product"}],"replies":[{"embeddable":true,"href":"https:\/\/shop.xn--altmhl-bogensport-52b.de\/index.php?rest_route=%2Fwp%2Fv2%2Fcomments&post=4121"}],"wp:featuredmedia":[{"embeddable":true,"href":"https:\/\/shop.xn--altmhl-bogensport-52b.de\/index.php?rest_route=\/wp\/v2\/media\/4122"}],"wp:attachment":[{"href":"https:\/\/shop.xn--altmhl-bogensport-52b.de\/index.php?rest_route=%2Fwp%2Fv2%2Fmedia&parent=4121"}],"wp:term":[{"taxonomy":"product_brand","embeddable":true,"href":"https:\/\/shop.xn--altmhl-bogensport-52b.de\/index.php?rest_route=%2Fwp%2Fv2%2Fproduct_brand&post=4121"},{"taxonomy":"product_cat","embeddable":true,"href":"https:\/\/shop.xn--altmhl-bogensport-52b.de\/index.php?rest_route=%2Fwp%2Fv2%2Fproduct_cat&post=4121"},{"taxonomy":"product_tag","embeddable":true,"href":"https:\/\/shop.xn--altmhl-bogensport-52b.de\/index.php?rest_route=%2Fwp%2Fv2%2Fproduct_tag&post=4121"}],"curies":[{"name":"wp","href":"https:\/\/api.w.org\/{rel}","templated":true}]}}