{"id":4022,"date":"2022-07-23T08:05:34","date_gmt":"2022-07-23T08:05:34","guid":{"rendered":"https:\/\/shop.xn--altmhl-bogensport-52b.de\/?post_type=product&#038;p=4022"},"modified":"2025-01-08T17:48:06","modified_gmt":"2025-01-08T17:48:06","slug":"kundenpfeil-penthalon-slim-line-black-naturfedern-4-shield","status":"publish","type":"product","link":"https:\/\/shop.xn--altmhl-bogensport-52b.de\/?product=kundenpfeil-penthalon-slim-line-black-naturfedern-4-shield","title":{"rendered":"Kundenpfeil Penthalon Slim Line Black Naturfedern 4&#8243; shield"},"content":{"rendered":"<p>F\u00fcr den Standard Carbonpfeil Slim Line Black dient der\u00a0 Carbonschaft Penthalon Slim Line Black als wichtigste Grundlage.<\/p>\n<p>Wir achten auch beim Bau unserer Standardpfeile darauf, da\u00df die Pfeile mit gr\u00f6\u00dft m\u00f6glicher Sorgfalt f\u00fcr Sie angefertigt werden. Schlie\u00dflich ist der Pfeil eine wichtige Grundlage f\u00fcr den erfolgreichen Schu\u00df.<\/p>\n<p>Es ist ebenso wichtig, einen preiswerten Carbonpfeil mit guten Eigenschaften anzubieten. Dieser Carbonpfeil ist mit hochwertigen und sch\u00f6nen Bearpaw Naturfedern befiedert. Damit kann dieser Pfeil uneingeschr\u00e4nkt f\u00fcr alle Bogenarten verwendet werden.<\/p>\n<ul>\n<li>Verf\u00fcgbare Spinewerte:\u00a0 500, 600, 700, 800, 1000, 1300<\/li>\n<li>Rundlauf: 006<\/li>\n<li>Qualit\u00e4t: 100% Carbon<\/li>\n<li>Optik: Carbon schwarz<\/li>\n<li>Schaftl\u00e4nge 32 Zoll, wird auf Kundenwunsch gek\u00fcrzt<\/li>\n<li>Befiederung: Bearpaw Naturfedern 4&#8243; shield einfarbig<\/li>\n<li>Lieferumfang: Komplett befiedert, Penthalon Nocke<\/li>\n<li>Spitze + Protectorring vo. verklebt<\/li>\n<\/ul>\n<p><b>F\u00fcr genauere Infos \u00fcber diese Pfeile dr\u00fccken Sie bitte den nachfolgenden Button<\/b><\/p>\n<p><b><a class=\"myButton\" href=\"http:\/\/download.bearpaw-blog.com\/wp-content\/uploads\/dateien\/penthalon-slim-line-data-file-web.jpg\" target=\"_blank\" rel=\"noreferrer noopener\">Technische Daten Penthalon Carbonsch\u00e4fte<\/a><\/b><\/p>\n<p>Diese Pfeile sind normalerweise innerhalb 5-7 Tagen lieferbar.<\/p>\n<p>Sollte es Schwierigkeiten mit der Materialbeschaffung geben, melden wir uns bei Ihnen.<\/p>\n<p>&nbsp;<\/p>\n<table class=\"table table-sm\">\n<tbody>\n<tr class=\"attr-custom\">\n<td class=\"attr-value\"><strong>Herstellername:<\/strong><br \/>\nBEARPAW GmbH<br \/>\n<strong>Anschrift:<\/strong><br \/>\nHannebach 30, 96269 Rossach<br \/>\n<strong>Herkunftsland:<\/strong><br \/>\nDeutschland<br \/>\n<strong>Webseite:<\/strong><br \/>\nhttps:\/\/www.bearpaw-products.de\/<br \/>\n<strong>Kontakt:<\/strong><br \/>\ninfo@bearpaw-products.com<br \/>\n<strong>Marke:<\/strong><br \/>\nBearpaw Products<\/td>\n<\/tr>\n<\/tbody>\n<\/table>\n<p>&nbsp;<\/p>\n","protected":false},"excerpt":{"rendered":"<p>Kundenpfeil Penthalon Slim Line Black<\/p>\n","protected":false},"featured_media":4030,"comment_status":"open","ping_status":"closed","template":"","meta":[],"product_brand":[],"product_cat":[946,86],"product_tag":[947,89,436,543,564,30],"class_list":{"0":"post-4022","1":"product","2":"type-product","3":"status-publish","4":"has-post-thumbnail","6":"product_cat-custompfeil-sonderanfertigung","7":"product_cat-carbonpfeil","8":"product_tag-custompfeil","9":"product_tag-penthalon","10":"product_tag-slim-line","11":"product_tag-fertigpfeil","12":"product_tag-shield","13":"product_tag-bearpaw","15":"first","16":"instock","17":"taxable","18":"shipping-taxable","19":"purchasable","20":"product-type-variable"},"_links":{"self":[{"href":"https:\/\/shop.xn--altmhl-bogensport-52b.de\/index.php?rest_route=\/wp\/v2\/product\/4022","targetHints":{"allow":["GET"]}}],"collection":[{"href":"https:\/\/shop.xn--altmhl-bogensport-52b.de\/index.php?rest_route=\/wp\/v2\/product"}],"about":[{"href":"https:\/\/shop.xn--altmhl-bogensport-52b.de\/index.php?rest_route=\/wp\/v2\/types\/product"}],"replies":[{"embeddable":true,"href":"https:\/\/shop.xn--altmhl-bogensport-52b.de\/index.php?rest_route=%2Fwp%2Fv2%2Fcomments&post=4022"}],"wp:featuredmedia":[{"embeddable":true,"href":"https:\/\/shop.xn--altmhl-bogensport-52b.de\/index.php?rest_route=\/wp\/v2\/media\/4030"}],"wp:attachment":[{"href":"https:\/\/shop.xn--altmhl-bogensport-52b.de\/index.php?rest_route=%2Fwp%2Fv2%2Fmedia&parent=4022"}],"wp:term":[{"taxonomy":"product_brand","embeddable":true,"href":"https:\/\/shop.xn--altmhl-bogensport-52b.de\/index.php?rest_route=%2Fwp%2Fv2%2Fproduct_brand&post=4022"},{"taxonomy":"product_cat","embeddable":true,"href":"https:\/\/shop.xn--altmhl-bogensport-52b.de\/index.php?rest_route=%2Fwp%2Fv2%2Fproduct_cat&post=4022"},{"taxonomy":"product_tag","embeddable":true,"href":"https:\/\/shop.xn--altmhl-bogensport-52b.de\/index.php?rest_route=%2Fwp%2Fv2%2Fproduct_tag&post=4022"}],"curies":[{"name":"wp","href":"https:\/\/api.w.org\/{rel}","templated":true}]}}