{"id":3984,"date":"2022-07-19T17:04:14","date_gmt":"2022-07-19T17:04:14","guid":{"rendered":"https:\/\/shop.xn--altmhl-bogensport-52b.de\/?post_type=product&#038;p=3984"},"modified":"2025-08-20T12:41:16","modified_gmt":"2025-08-20T12:41:16","slug":"legend-archery-xt-320-seitenkoecher-side-quiver-rh-oder-lh","status":"publish","type":"product","link":"https:\/\/shop.xn--altmhl-bogensport-52b.de\/?product=legend-archery-xt-320-seitenkoecher-side-quiver-rh-oder-lh","title":{"rendered":"Legend Archery  XT-320 Seitenk\u00f6cher Side Quiver RH oder LH"},"content":{"rendered":"<p><strong>LEGEND ARCHERY Side Quiver XT-320 &#8211; Seitenk\u00f6cher<\/strong><\/p>\n<p>Der XT320 von LEGEND ARCHERY sieht verdammt gut aus!\u00a0Der noch vorn gerichtete Seitenk\u00f6cher\u00a0ist aber nicht nur\u00a0in acht\u00a0attraktiven Farben erh\u00e4ltlich, sondern \u00fcberzeugt auch durch seine Funktionalit\u00e4t: Ausgestattet mit drei R\u00f6hren, lassen sich die Pfeile optimal organisieren und unterbringen. F\u00fcr das viele Zubeh\u00f6r, das ein Bogensch\u00fctze bei sich hat, verf\u00fcgt der XT320 \u00fcber mehrere F\u00e4cher und aufgesetzte Taschen. Eine gro\u00dfe Tasche mit zus\u00e4tzlicher Einschubtasche, befindet sich direkt auf dem K\u00f6cher. Eine weitere Tasche befindet sich an der G\u00fcrtelhalterung. Weiteres Zubeh\u00f6r l\u00e4sst sich an zwei \u00d6sen anh\u00e4ngen. Der im Lieferumfang enthaltene G\u00fcrtel ist 42 Zoll (ca. 106cm)\u00a0lang und verf\u00fcgt \u00fcber einen Clip-Verschluss.<\/p>\n<p><strong>Eigenschaften:<\/strong><\/p>\n<ul>\n<li>Modernes und leichtes Design.<\/li>\n<li>Hergestellt aus hochwertigen, robusten\u00a0Materialien.<\/li>\n<li>Inkl. 3 Pfeilr\u00f6hren<\/li>\n<li>Verstellbarer 42 Zoll (ca. 106cm)\u00a0langer G\u00fcrtel mit Clip-Verschluss.<\/li>\n<li>Mehrere Taschen zur Aufbewahrung.<\/li>\n<li>Verschiedene \u00d6sen\u00a0zum Aufh\u00e4ngen von zus\u00e4tzlichem Zubeh\u00f6r.<\/li>\n<li>Acht auff\u00e4llige Farboptionen verf\u00fcgbar.<\/li>\n<li>Als Rechts- oder Linkshandmodell verf\u00fcgbar.<\/li>\n<\/ul>\n<p><strong>Lieferumfang:<\/strong><\/p>\n<p>K\u00f6cher incl. R\u00f6hren, Ohne abgebildete Pfeile oder Werkzeug.<\/p>\n<p>&nbsp;<\/p>\n<table class=\"table table-sm\">\n<tbody>\n<tr class=\"attr-custom\">\n<td><b>Herstellerangaben<\/b>:<\/td>\n<td class=\"attr-value\"><strong>Herstellername:<\/strong><br \/>\nLEGEND OUTDOOR INDUSTRIES LLC<br \/>\n<strong>Anschrift:<\/strong><br \/>\n16192 Coastal Highway, Lewes &#8211; 19958 Delaware<br \/>\n<strong>Herkunftsland:<\/strong><br \/>\nUSA<br \/>\n<strong>Webseite:<\/strong><br \/>\nhttps:\/\/legendarchery.com\/<br \/>\n<strong>Kontakt:<\/strong><br \/>\ncust@legendarchery.com<br \/>\n<strong>Marke:<\/strong><br \/>\nLegend<\/td>\n<\/tr>\n<tr class=\"attr-custom\">\n<td><b>Verantwortliche Person<\/b>:<\/td>\n<td class=\"attr-value\"><strong>verantwortliche Person:<\/strong><br \/>\nJVD Group B.V.<br \/>\n<strong>Anschrift:<\/strong><br \/>\nLooier 9, 5253 RA Nieuwkuijk<br \/>\n<strong>Herkunftsland:<\/strong><br \/>\nNiederlande<br \/>\n<strong>Kontakt:<\/strong><br \/>\ncontact@jvd-group.com<\/td>\n<\/tr>\n<\/tbody>\n<\/table>\n","protected":false},"excerpt":{"rendered":"<p>Legend Archery Seitenk\u00f6cher<\/p>\n","protected":false},"featured_media":4001,"comment_status":"open","ping_status":"closed","template":"","meta":[],"product_brand":[],"product_cat":[454,1504],"product_tag":[80,216,1168,1505],"class_list":{"0":"post-3984","1":"product","2":"type-product","3":"status-publish","4":"has-post-thumbnail","6":"product_cat-seitenkoecher","7":"product_cat-sommerschlussverkauf","8":"product_tag-legend-archery","9":"product_tag-seitenkoecher","10":"product_tag-side-quiver","11":"product_tag-pfeilkoecher","13":"first","14":"instock","15":"sale","16":"taxable","17":"shipping-taxable","18":"purchasable","19":"product-type-variable"},"_links":{"self":[{"href":"https:\/\/shop.xn--altmhl-bogensport-52b.de\/index.php?rest_route=\/wp\/v2\/product\/3984","targetHints":{"allow":["GET"]}}],"collection":[{"href":"https:\/\/shop.xn--altmhl-bogensport-52b.de\/index.php?rest_route=\/wp\/v2\/product"}],"about":[{"href":"https:\/\/shop.xn--altmhl-bogensport-52b.de\/index.php?rest_route=\/wp\/v2\/types\/product"}],"replies":[{"embeddable":true,"href":"https:\/\/shop.xn--altmhl-bogensport-52b.de\/index.php?rest_route=%2Fwp%2Fv2%2Fcomments&post=3984"}],"wp:featuredmedia":[{"embeddable":true,"href":"https:\/\/shop.xn--altmhl-bogensport-52b.de\/index.php?rest_route=\/wp\/v2\/media\/4001"}],"wp:attachment":[{"href":"https:\/\/shop.xn--altmhl-bogensport-52b.de\/index.php?rest_route=%2Fwp%2Fv2%2Fmedia&parent=3984"}],"wp:term":[{"taxonomy":"product_brand","embeddable":true,"href":"https:\/\/shop.xn--altmhl-bogensport-52b.de\/index.php?rest_route=%2Fwp%2Fv2%2Fproduct_brand&post=3984"},{"taxonomy":"product_cat","embeddable":true,"href":"https:\/\/shop.xn--altmhl-bogensport-52b.de\/index.php?rest_route=%2Fwp%2Fv2%2Fproduct_cat&post=3984"},{"taxonomy":"product_tag","embeddable":true,"href":"https:\/\/shop.xn--altmhl-bogensport-52b.de\/index.php?rest_route=%2Fwp%2Fv2%2Fproduct_tag&post=3984"}],"curies":[{"name":"wp","href":"https:\/\/api.w.org\/{rel}","templated":true}]}}