{"id":3959,"date":"2022-07-19T15:41:42","date_gmt":"2022-07-19T15:41:42","guid":{"rendered":"https:\/\/shop.xn--altmhl-bogensport-52b.de\/?post_type=product&#038;p=3959"},"modified":"2026-01-31T18:29:47","modified_gmt":"2026-01-31T18:29:47","slug":"legend-archery-holsterkoecher-field-quiver-rh-oder-lh","status":"publish","type":"product","link":"https:\/\/shop.xn--altmhl-bogensport-52b.de\/?product=legend-archery-holsterkoecher-field-quiver-rh-oder-lh","title":{"rendered":"Legend Archery  XT-420 Holsterk\u00f6cher Field Quiver RH oder LH"},"content":{"rendered":"<p><strong>LEGEND ARCHERY Field Quiver XT-420 &#8211; Holsterk\u00f6cher<\/strong><\/p>\n<p>Der XT420 von LEGEND ARCHERY\u00a0attraktiver, leichter\u00a0Seitenk\u00f6cher, der\u00a0nicht nur\u00a0in acht\u00a0attraktiven Farben erh\u00e4ltlich ist, sondern auch durch seine Funktionalit\u00e4t \u00fcberzeugt: Ausgestattet mit zwei Pfeilseparatoren lassen sich die Pfeile in drei F\u00e4chern optimal organisieren und unterbringen. F\u00fcr das viele Zubeh\u00f6r, das ein Bogensch\u00fctze meist bei sich hat, verf\u00fcgt der XT420 \u00fcber eine gro\u00dfe Tasche\u00a0mit Rei\u00dfverschluss, die\u00a0sich direkt auf dem K\u00f6cher befindet. Eine weitere Tasche befindet sich an der G\u00fcrtelhalterung. Weiteres Zubeh\u00f6r l\u00e4sst sich an zwei \u00d6sen aufh\u00e4ngen. Der im Lieferumfang enthaltene G\u00fcrtel ist 42 Zoll (ca. 106cm)\u00a0lang und verf\u00fcgt \u00fcber einen Clip-Verschluss.<\/p>\n<p><strong>Eigenschaften:<\/strong><\/p>\n<ul>\n<li>Modernes und leichtes Design.<\/li>\n<li>Hergestellt aus hochwertigen, robusten\u00a0Materialien.<\/li>\n<li>Verstellbarer 42 Zoll (ca. 106cm)\u00a0langer G\u00fcrtel mit Clip-Verschluss.<\/li>\n<li>Mehrere Taschen zur Aufbewahrung.<\/li>\n<li>Verschiedene \u00d6sen\u00a0zum Aufh\u00e4ngen von zus\u00e4tzlichem Zubeh\u00f6r.<\/li>\n<li>Acht auff\u00e4llige Farboptionen verf\u00fcgbar.<\/li>\n<li>Als Rechts- oder Linkshandmodell verf\u00fcgbar.<\/li>\n<\/ul>\n<p><strong>Lieferumfang:<\/strong><br \/>\n1x K\u00f6cher<\/p>\n<p>Der Rechtshandk\u00f6cher &#8211; RH &#8211; wird auf der rechten H\u00fcftseite getragen, die Pfeile werden von hinten in den K\u00f6cher eingeschoben.<\/p>\n<p>Der Linkshandk\u00f6cher &#8211; LH &#8211; wird auf der linken H\u00fcftseite getragen, die Pfeile werden von hinten in den K\u00f6cher eingeschoben.<\/p>\n<p>&nbsp;<\/p>\n<table class=\"table table-sm\">\n<tbody>\n<tr class=\"attr-custom\">\n<td><b>Herstellerangaben<\/b>:<\/td>\n<td class=\"attr-value\"><strong>Herstellername:<\/strong><br \/>\nLEGEND OUTDOOR INDUSTRIES LLC<br \/>\n<strong>Anschrift:<\/strong><br \/>\n16192 Coastal Highway, Lewes &#8211; 19958 Delaware<br \/>\n<strong>Herkunftsland:<\/strong><br \/>\nUSA<br \/>\n<strong>Webseite:<\/strong><br \/>\nhttps:\/\/legendarchery.com\/<br \/>\n<strong>Kontakt:<\/strong><br \/>\ncust@legendarchery.com<br \/>\n<strong>Marke:<\/strong><br \/>\nLegend<\/td>\n<\/tr>\n<tr class=\"attr-custom\">\n<td><b>Verantwortliche Person<\/b>:<\/td>\n<td class=\"attr-value\"><strong>verantwortliche Person:<\/strong><br \/>\nJVD Group B.V.<br \/>\n<strong>Anschrift:<\/strong><br \/>\nLooier 9, 5253 RA Nieuwkuijk<br \/>\n<strong>Herkunftsland:<\/strong><br \/>\nNiederlande<br \/>\n<strong>Kontakt:<\/strong><br \/>\ncontact@jvd-group.com<\/td>\n<\/tr>\n<\/tbody>\n<\/table>\n","protected":false},"excerpt":{"rendered":"<p>Legend Archery Holsterk\u00f6cher<\/p>\n","protected":false},"featured_media":3960,"comment_status":"open","ping_status":"closed","template":"","meta":[],"product_brand":[],"product_cat":[1504,454],"product_tag":[80,168,170,216],"class_list":{"0":"post-3959","1":"product","2":"type-product","3":"status-publish","4":"has-post-thumbnail","6":"product_cat-sommerschlussverkauf","7":"product_cat-seitenkoecher","8":"product_tag-legend-archery","9":"product_tag-holsterkoecher","10":"product_tag-field-quiver","11":"product_tag-seitenkoecher","13":"first","14":"instock","15":"taxable","16":"shipping-taxable","17":"purchasable","18":"product-type-variable"},"_links":{"self":[{"href":"https:\/\/shop.xn--altmhl-bogensport-52b.de\/index.php?rest_route=\/wp\/v2\/product\/3959","targetHints":{"allow":["GET"]}}],"collection":[{"href":"https:\/\/shop.xn--altmhl-bogensport-52b.de\/index.php?rest_route=\/wp\/v2\/product"}],"about":[{"href":"https:\/\/shop.xn--altmhl-bogensport-52b.de\/index.php?rest_route=\/wp\/v2\/types\/product"}],"replies":[{"embeddable":true,"href":"https:\/\/shop.xn--altmhl-bogensport-52b.de\/index.php?rest_route=%2Fwp%2Fv2%2Fcomments&post=3959"}],"wp:featuredmedia":[{"embeddable":true,"href":"https:\/\/shop.xn--altmhl-bogensport-52b.de\/index.php?rest_route=\/wp\/v2\/media\/3960"}],"wp:attachment":[{"href":"https:\/\/shop.xn--altmhl-bogensport-52b.de\/index.php?rest_route=%2Fwp%2Fv2%2Fmedia&parent=3959"}],"wp:term":[{"taxonomy":"product_brand","embeddable":true,"href":"https:\/\/shop.xn--altmhl-bogensport-52b.de\/index.php?rest_route=%2Fwp%2Fv2%2Fproduct_brand&post=3959"},{"taxonomy":"product_cat","embeddable":true,"href":"https:\/\/shop.xn--altmhl-bogensport-52b.de\/index.php?rest_route=%2Fwp%2Fv2%2Fproduct_cat&post=3959"},{"taxonomy":"product_tag","embeddable":true,"href":"https:\/\/shop.xn--altmhl-bogensport-52b.de\/index.php?rest_route=%2Fwp%2Fv2%2Fproduct_tag&post=3959"}],"curies":[{"name":"wp","href":"https:\/\/api.w.org\/{rel}","templated":true}]}}