{"id":3912,"date":"2022-07-11T14:45:18","date_gmt":"2022-07-11T14:45:18","guid":{"rendered":"https:\/\/shop.xn--altmhl-bogensport-52b.de\/?post_type=product&#038;p=3912"},"modified":"2025-01-08T17:53:30","modified_gmt":"2025-01-08T17:53:30","slug":"set-penthalon-slimline-black-deluxe-spine-1000-albatros","status":"publish","type":"product","link":"https:\/\/shop.xn--altmhl-bogensport-52b.de\/?product=set-penthalon-slimline-black-deluxe-spine-1000-albatros","title":{"rendered":"Set Penthalon SlimLine black Deluxe Spine 1000 Albatros"},"content":{"rendered":"<p>Die individuellen Kundenpfeile werden in unserer Pfeilmanufaktur in aufwendiger Handarbeit f\u00fcr Sie hergestellt. Als Grundlage individueller Carbonpfeile dienen hier die Penthalon Carbonsch\u00e4fte. Wir verwenden auch hier nur die besten Materialien, um Ihren ganz besonderen Kundenpfeil zu \u201ebauen\u201c.<\/p>\n<p>Mit der Penthalon Slim Line Serie haben wir Carbonpfeile mit einer tollen Leistung und Qualit\u00e4t entwickelt. Der d\u00fcnne Pfeil \u00fcberzeugt durch seinen flachen und pr\u00e4zisen Pfeilflug. D\u00fcnne Pfeile stabilisieren sich deutlich schneller und verlieren so weniger Energie in der Stabilisierungsphase. Die dicke Wandung unserer Slim Line Carbonsch\u00e4fte sorgt f\u00fcr das notwendige Pfeilgewicht und die Widerstandsf\u00e4higkeit dieser tollen Carbonsch\u00e4fte.<\/p>\n<p>Dieser\u00a0 Slim Line Deluxe Pfeil ist bereits mit Crestings, Protector Hat sowie Wicklung am Federkiel und Beringung fertig gestellt.<\/p>\n<p>Dieses Set enth\u00e4lt 6 Pfeile mit einer Beringung ( Numerrierung I-II-III )<\/p>\n<p>St\u00fcckpreis betr\u00e4gt bei diesem Deluxe Pfeil 13,90\u20ac, hier im Set im Angebot.<\/p>\n<ul>\n<li>Spinewerte:\u00a0 1000<\/li>\n<li>Rundlauf: 006<\/li>\n<li>Qualit\u00e4t: 100% Carbon<\/li>\n<li>Optik: Carbon schwarz<\/li>\n<li>Spitzen: Penthalon Slim Line Spitze Break Up Edelstahl 75 gr<\/li>\n<li>Federl\u00e4ngen: 3&#8243;<\/li>\n<li>Federstrukturen: Einfarbig, Leitfeder Silbergrau, 2x Flu gr\u00fcn<\/li>\n<li>Federform: Albatros<\/li>\n<li>Nocken: Penthalon Slim Line Nocke weis<\/li>\n<li>Crestings: Silber<\/li>\n<li>sofort lieferbar<\/li>\n<\/ul>\n<p><b>F\u00fcr genaue technische Daten unserer Penthalon Carbonsch\u00e4fte folgen Sie bitte nachfolgendem Link!<\/b><\/p>\n<p><a class=\"myButton\" href=\"http:\/\/download.bearpaw-blog.com\/wp-content\/uploads\/dateien\/penthalon-slim-line-data-file-web.jpg\" target=\"_blank\" rel=\"noreferrer noopener\">Technische Daten Penthalon Carbonsch\u00e4fte<\/a><\/p>\n<p>&nbsp;<\/p>\n<table class=\"table table-sm\">\n<tbody>\n<tr class=\"attr-custom\">\n<td class=\"attr-value\"><strong>Herstellername:<\/strong><br \/>\nBEARPAW GmbH<br \/>\n<strong>Anschrift:<\/strong><br \/>\nHannebach 30, 96269 Rossach<br \/>\n<strong>Herkunftsland:<\/strong><br \/>\nDeutschland<br \/>\n<strong>Webseite:<\/strong><br \/>\nhttps:\/\/www.bearpaw-products.de\/<br \/>\n<strong>Kontakt:<\/strong><br \/>\ninfo@bearpaw-products.com<br \/>\n<strong>Marke:<\/strong><br \/>\nBearpaw Products<\/td>\n<\/tr>\n<\/tbody>\n<\/table>\n","protected":false},"excerpt":{"rendered":"<p>Pfeilset Penthalon Slimline 1000 Deluxe<\/p>\n","protected":false},"featured_media":3913,"comment_status":"open","ping_status":"closed","template":"","meta":[],"product_brand":[],"product_cat":[85,86],"product_tag":[1154,30,89,194,436,1153],"class_list":{"0":"post-3912","1":"product","2":"type-product","3":"status-publish","4":"has-post-thumbnail","6":"product_cat-fertigpfeile","7":"product_cat-carbonpfeil","8":"product_tag-kundenpfeil","9":"product_tag-bearpaw","10":"product_tag-penthalon","11":"product_tag-deluxe","12":"product_tag-slim-line","13":"product_tag-pfeilset","15":"first","16":"outofstock","17":"taxable","18":"shipping-taxable","19":"purchasable","20":"product-type-simple"},"_links":{"self":[{"href":"https:\/\/shop.xn--altmhl-bogensport-52b.de\/index.php?rest_route=\/wp\/v2\/product\/3912","targetHints":{"allow":["GET"]}}],"collection":[{"href":"https:\/\/shop.xn--altmhl-bogensport-52b.de\/index.php?rest_route=\/wp\/v2\/product"}],"about":[{"href":"https:\/\/shop.xn--altmhl-bogensport-52b.de\/index.php?rest_route=\/wp\/v2\/types\/product"}],"replies":[{"embeddable":true,"href":"https:\/\/shop.xn--altmhl-bogensport-52b.de\/index.php?rest_route=%2Fwp%2Fv2%2Fcomments&post=3912"}],"wp:featuredmedia":[{"embeddable":true,"href":"https:\/\/shop.xn--altmhl-bogensport-52b.de\/index.php?rest_route=\/wp\/v2\/media\/3913"}],"wp:attachment":[{"href":"https:\/\/shop.xn--altmhl-bogensport-52b.de\/index.php?rest_route=%2Fwp%2Fv2%2Fmedia&parent=3912"}],"wp:term":[{"taxonomy":"product_brand","embeddable":true,"href":"https:\/\/shop.xn--altmhl-bogensport-52b.de\/index.php?rest_route=%2Fwp%2Fv2%2Fproduct_brand&post=3912"},{"taxonomy":"product_cat","embeddable":true,"href":"https:\/\/shop.xn--altmhl-bogensport-52b.de\/index.php?rest_route=%2Fwp%2Fv2%2Fproduct_cat&post=3912"},{"taxonomy":"product_tag","embeddable":true,"href":"https:\/\/shop.xn--altmhl-bogensport-52b.de\/index.php?rest_route=%2Fwp%2Fv2%2Fproduct_tag&post=3912"}],"curies":[{"name":"wp","href":"https:\/\/api.w.org\/{rel}","templated":true}]}}