{"id":3904,"date":"2022-07-07T15:07:49","date_gmt":"2022-07-07T15:07:49","guid":{"rendered":"https:\/\/shop.xn--altmhl-bogensport-52b.de\/?post_type=product&#038;p=3904"},"modified":"2022-07-07T15:07:50","modified_gmt":"2022-07-07T15:07:50","slug":"franzisca-axt-wikinger-mittelalter","status":"publish","type":"product","link":"https:\/\/shop.xn--altmhl-bogensport-52b.de\/?product=franzisca-axt-wikinger-mittelalter","title":{"rendered":"Franzisca Axt  \/ Wikinger \/ Mittelalter"},"content":{"rendered":"<p>Eine der verbreitetsten Waffen bei den K\u00e4mpfen im Fr\u00e4nkischen Reich.<\/p>\n<p>Axtblatt geschmiedet aus Kohlenstoffstahl.<\/p>\n<p>Gesamtl\u00e4nge 51 cm<br \/>\nGewicht 700 g<\/p>\n<p>Axtschneide ca 9 cm<\/p>\n<p>&nbsp;<\/p>\n<p>Diese Axt ist auch f\u00fcr Mittelalter-M\u00e4rkte, Lagerleben und als Erg\u00e4nzung f\u00fcr Eure Gewandung nutzbar.<\/p>\n<p>&nbsp;<\/p>\n","protected":false},"excerpt":{"rendered":"<p>Franzisca Mittelalter Axt<\/p>\n","protected":false},"featured_media":3905,"comment_status":"open","ping_status":"closed","template":"","meta":[],"product_brand":[],"product_cat":[536,726],"product_tag":[538,730,731,1019,1150],"class_list":{"0":"post-3904","1":"product","2":"type-product","3":"status-publish","4":"has-post-thumbnail","6":"product_cat-beil-axt","7":"product_cat-lagerleben","8":"product_tag-axt","9":"product_tag-wikinger","10":"product_tag-franziska","11":"product_tag-mittelalter","12":"product_tag-franzisca","14":"first","15":"instock","16":"taxable","17":"shipping-taxable","18":"purchasable","19":"product-type-simple"},"_links":{"self":[{"href":"https:\/\/shop.xn--altmhl-bogensport-52b.de\/index.php?rest_route=\/wp\/v2\/product\/3904","targetHints":{"allow":["GET"]}}],"collection":[{"href":"https:\/\/shop.xn--altmhl-bogensport-52b.de\/index.php?rest_route=\/wp\/v2\/product"}],"about":[{"href":"https:\/\/shop.xn--altmhl-bogensport-52b.de\/index.php?rest_route=\/wp\/v2\/types\/product"}],"replies":[{"embeddable":true,"href":"https:\/\/shop.xn--altmhl-bogensport-52b.de\/index.php?rest_route=%2Fwp%2Fv2%2Fcomments&post=3904"}],"wp:featuredmedia":[{"embeddable":true,"href":"https:\/\/shop.xn--altmhl-bogensport-52b.de\/index.php?rest_route=\/wp\/v2\/media\/3905"}],"wp:attachment":[{"href":"https:\/\/shop.xn--altmhl-bogensport-52b.de\/index.php?rest_route=%2Fwp%2Fv2%2Fmedia&parent=3904"}],"wp:term":[{"taxonomy":"product_brand","embeddable":true,"href":"https:\/\/shop.xn--altmhl-bogensport-52b.de\/index.php?rest_route=%2Fwp%2Fv2%2Fproduct_brand&post=3904"},{"taxonomy":"product_cat","embeddable":true,"href":"https:\/\/shop.xn--altmhl-bogensport-52b.de\/index.php?rest_route=%2Fwp%2Fv2%2Fproduct_cat&post=3904"},{"taxonomy":"product_tag","embeddable":true,"href":"https:\/\/shop.xn--altmhl-bogensport-52b.de\/index.php?rest_route=%2Fwp%2Fv2%2Fproduct_tag&post=3904"}],"curies":[{"name":"wp","href":"https:\/\/api.w.org\/{rel}","templated":true}]}}