{"id":3880,"date":"2022-05-24T16:23:30","date_gmt":"2022-05-24T16:23:30","guid":{"rendered":"https:\/\/shop.xn--altmhl-bogensport-52b.de\/?post_type=product&#038;p=3880"},"modified":"2023-08-10T12:28:59","modified_gmt":"2023-08-10T12:28:59","slug":"gummiblunt-schraub-deluxe","status":"publish","type":"product","link":"https:\/\/shop.xn--altmhl-bogensport-52b.de\/?product=gummiblunt-schraub-deluxe","title":{"rendered":"Gummiblunt Schraub Deluxe"},"content":{"rendered":"<p>Gummiblunts werden weltweit gerne f\u00fcr Training und Jagd verwendet.<\/p>\n<p>Der Deluxe Gummiblunt kann in alle g\u00e4ngigen Inserts f\u00fcr Carbon- und Alusch\u00e4fte eingeschraubt werden. Er kann so problemlos f\u00fcr Trainingssch\u00fcsse auf h\u00e4rtere Gegenst\u00e4nde eingesetzt werden.<\/p>\n<ul>\n<li>Gewicht: 100 oder 125 grain<\/li>\n<li>Ausf\u00fchrung: Schraubblunt f\u00fcr Standardinserts bei Alu- und Carbonpfeilen<\/li>\n<\/ul>\n","protected":false},"excerpt":{"rendered":"<p>Gummiblunt Schraubspitze<\/p>\n","protected":false},"featured_media":3881,"comment_status":"open","ping_status":"closed","template":"","meta":[],"product_brand":[],"product_cat":[529,438],"product_tag":[534,1145,30,82],"class_list":{"0":"post-3880","1":"product","2":"type-product","3":"status-publish","4":"has-post-thumbnail","6":"product_cat-jagdspitzen","7":"product_cat-spitzen-carbon-u-alupfeile","8":"product_tag-jagdspitze","9":"product_tag-gummiblunt","10":"product_tag-bearpaw","11":"product_tag-spitze","13":"first","14":"instock","15":"taxable","16":"shipping-taxable","17":"purchasable","18":"product-type-variable"},"_links":{"self":[{"href":"https:\/\/shop.xn--altmhl-bogensport-52b.de\/index.php?rest_route=\/wp\/v2\/product\/3880","targetHints":{"allow":["GET"]}}],"collection":[{"href":"https:\/\/shop.xn--altmhl-bogensport-52b.de\/index.php?rest_route=\/wp\/v2\/product"}],"about":[{"href":"https:\/\/shop.xn--altmhl-bogensport-52b.de\/index.php?rest_route=\/wp\/v2\/types\/product"}],"replies":[{"embeddable":true,"href":"https:\/\/shop.xn--altmhl-bogensport-52b.de\/index.php?rest_route=%2Fwp%2Fv2%2Fcomments&post=3880"}],"wp:featuredmedia":[{"embeddable":true,"href":"https:\/\/shop.xn--altmhl-bogensport-52b.de\/index.php?rest_route=\/wp\/v2\/media\/3881"}],"wp:attachment":[{"href":"https:\/\/shop.xn--altmhl-bogensport-52b.de\/index.php?rest_route=%2Fwp%2Fv2%2Fmedia&parent=3880"}],"wp:term":[{"taxonomy":"product_brand","embeddable":true,"href":"https:\/\/shop.xn--altmhl-bogensport-52b.de\/index.php?rest_route=%2Fwp%2Fv2%2Fproduct_brand&post=3880"},{"taxonomy":"product_cat","embeddable":true,"href":"https:\/\/shop.xn--altmhl-bogensport-52b.de\/index.php?rest_route=%2Fwp%2Fv2%2Fproduct_cat&post=3880"},{"taxonomy":"product_tag","embeddable":true,"href":"https:\/\/shop.xn--altmhl-bogensport-52b.de\/index.php?rest_route=%2Fwp%2Fv2%2Fproduct_tag&post=3880"}],"curies":[{"name":"wp","href":"https:\/\/api.w.org\/{rel}","templated":true}]}}