{"id":3822,"date":"2022-04-08T06:55:13","date_gmt":"2022-04-08T06:55:13","guid":{"rendered":"https:\/\/shop.xn--altmhl-bogensport-52b.de\/?post_type=product&#038;p=3822"},"modified":"2025-07-29T14:09:26","modified_gmt":"2025-07-29T14:09:26","slug":"kalbshaar-tab-mit-fingertrenner","status":"publish","type":"product","link":"https:\/\/shop.xn--altmhl-bogensport-52b.de\/?product=kalbshaar-tab-mit-fingertrenner","title":{"rendered":"Kalbshaar Tab mit Fingertrenner"},"content":{"rendered":"<p>Kalbshaar erm\u00f6glicht ein sauberes und schnelles L\u00f6sen der Sehne. Weil wir damit \u00e4u\u00dferst positive Erfahrungen gemacht haben, bieten wir diese Option bei unserem bew\u00e4hrten Tab an. Der integrierte Separator aus Kunststoff liegt zur optimalen Positionierung Ihrer Finger zwischen Mittel- und Zeigefinger.<\/p>\n<ul>\n<li>Gr\u00f6\u00dfen: XS, S, M, L, XL<\/li>\n<li>Versionen: Rechtshand, Linkshand<\/li>\n<li>Material: Rinderleder mit Kalbshaar<\/li>\n<\/ul>\n","protected":false},"excerpt":{"rendered":"<p>Tab kalbshaar<\/p>\n","protected":false},"featured_media":3823,"comment_status":"open","ping_status":"closed","template":"","meta":[],"product_brand":[],"product_cat":[100],"product_tag":[30,1088,1405,107,108],"class_list":{"0":"post-3822","1":"product","2":"type-product","3":"status-publish","4":"has-post-thumbnail","6":"product_cat-handschuhe","7":"product_tag-bearpaw","8":"product_tag-schiesstab","9":"product_tag-leder-tab","10":"product_tag-tab","11":"product_tag-fingertrenner","13":"first","14":"instock","15":"taxable","16":"shipping-taxable","17":"purchasable","18":"product-type-variable"},"_links":{"self":[{"href":"https:\/\/shop.xn--altmhl-bogensport-52b.de\/index.php?rest_route=\/wp\/v2\/product\/3822","targetHints":{"allow":["GET"]}}],"collection":[{"href":"https:\/\/shop.xn--altmhl-bogensport-52b.de\/index.php?rest_route=\/wp\/v2\/product"}],"about":[{"href":"https:\/\/shop.xn--altmhl-bogensport-52b.de\/index.php?rest_route=\/wp\/v2\/types\/product"}],"replies":[{"embeddable":true,"href":"https:\/\/shop.xn--altmhl-bogensport-52b.de\/index.php?rest_route=%2Fwp%2Fv2%2Fcomments&post=3822"}],"wp:featuredmedia":[{"embeddable":true,"href":"https:\/\/shop.xn--altmhl-bogensport-52b.de\/index.php?rest_route=\/wp\/v2\/media\/3823"}],"wp:attachment":[{"href":"https:\/\/shop.xn--altmhl-bogensport-52b.de\/index.php?rest_route=%2Fwp%2Fv2%2Fmedia&parent=3822"}],"wp:term":[{"taxonomy":"product_brand","embeddable":true,"href":"https:\/\/shop.xn--altmhl-bogensport-52b.de\/index.php?rest_route=%2Fwp%2Fv2%2Fproduct_brand&post=3822"},{"taxonomy":"product_cat","embeddable":true,"href":"https:\/\/shop.xn--altmhl-bogensport-52b.de\/index.php?rest_route=%2Fwp%2Fv2%2Fproduct_cat&post=3822"},{"taxonomy":"product_tag","embeddable":true,"href":"https:\/\/shop.xn--altmhl-bogensport-52b.de\/index.php?rest_route=%2Fwp%2Fv2%2Fproduct_tag&post=3822"}],"curies":[{"name":"wp","href":"https:\/\/api.w.org\/{rel}","templated":true}]}}