{"id":3818,"date":"2022-04-08T06:30:55","date_gmt":"2022-04-08T06:30:55","guid":{"rendered":"https:\/\/shop.xn--altmhl-bogensport-52b.de\/?post_type=product&#038;p=3818"},"modified":"2022-04-08T06:30:55","modified_gmt":"2022-04-08T06:30:55","slug":"fernglas-faltbar-10-x-42-schwarz-outdoor-feld-und-wald","status":"publish","type":"product","link":"https:\/\/shop.xn--altmhl-bogensport-52b.de\/?product=fernglas-faltbar-10-x-42-schwarz-outdoor-feld-und-wald","title":{"rendered":"Fernglas faltbar 10 x 42 schwarz Outdoor Feld und Wald"},"content":{"rendered":"<p>Das handliche faltbare Fernglas von Mil-Tec ist mit einer Dioptrinfeineinstellung ausgestattet und damit auch f\u00fcr Brillentr\u00e4ger bestens geeignet. Es wird mit einem Trageriemen sowie einer Transporttasche ausgeliefert.<\/p>\n<p>Farbe: schwarz<br \/>\nL\u00e4nge: ca. 14,5 cm<br \/>\nSehfeld: 87 m \/ 1000 m<br \/>\nAustrittspupillen: 4,2 mm<br \/>\nObjektivdurchmesser: 42 mm<br \/>\nVergr\u00f6\u00dferung: 10-fach<br \/>\nGewicht: 457 g (mit Tasche)<br \/>\nMaterial Tasche: 100% Nylon<\/p>\n<p>&nbsp;<\/p>\n<p>Auch f\u00fcr das Bogenschie\u00dfen eine g\u00fcnstige M\u00f6glichkeit, insbesondere bei Feld- und Wald-Meisterschaften.<\/p>\n","protected":false},"excerpt":{"rendered":"<p>Mil-Tec Fernglas faltbar<\/p>\n","protected":false},"featured_media":3819,"comment_status":"open","ping_status":"closed","template":"","meta":[],"product_brand":[],"product_cat":[548,546],"product_tag":[551,1082,1083,1084,1085,1086,1087],"class_list":{"0":"post-3818","1":"product","2":"type-product","3":"status-publish","4":"has-post-thumbnail","6":"product_cat-outdoor-artikel","7":"product_cat-survival","8":"product_tag-outdoor","9":"product_tag-fernglas","10":"product_tag-mil-tec","11":"product_tag-faltbar","12":"product_tag-10x42","13":"product_tag-wald","14":"product_tag-jagd","16":"first","17":"instock","18":"taxable","19":"shipping-taxable","20":"purchasable","21":"product-type-simple"},"_links":{"self":[{"href":"https:\/\/shop.xn--altmhl-bogensport-52b.de\/index.php?rest_route=\/wp\/v2\/product\/3818","targetHints":{"allow":["GET"]}}],"collection":[{"href":"https:\/\/shop.xn--altmhl-bogensport-52b.de\/index.php?rest_route=\/wp\/v2\/product"}],"about":[{"href":"https:\/\/shop.xn--altmhl-bogensport-52b.de\/index.php?rest_route=\/wp\/v2\/types\/product"}],"replies":[{"embeddable":true,"href":"https:\/\/shop.xn--altmhl-bogensport-52b.de\/index.php?rest_route=%2Fwp%2Fv2%2Fcomments&post=3818"}],"wp:featuredmedia":[{"embeddable":true,"href":"https:\/\/shop.xn--altmhl-bogensport-52b.de\/index.php?rest_route=\/wp\/v2\/media\/3819"}],"wp:attachment":[{"href":"https:\/\/shop.xn--altmhl-bogensport-52b.de\/index.php?rest_route=%2Fwp%2Fv2%2Fmedia&parent=3818"}],"wp:term":[{"taxonomy":"product_brand","embeddable":true,"href":"https:\/\/shop.xn--altmhl-bogensport-52b.de\/index.php?rest_route=%2Fwp%2Fv2%2Fproduct_brand&post=3818"},{"taxonomy":"product_cat","embeddable":true,"href":"https:\/\/shop.xn--altmhl-bogensport-52b.de\/index.php?rest_route=%2Fwp%2Fv2%2Fproduct_cat&post=3818"},{"taxonomy":"product_tag","embeddable":true,"href":"https:\/\/shop.xn--altmhl-bogensport-52b.de\/index.php?rest_route=%2Fwp%2Fv2%2Fproduct_tag&post=3818"}],"curies":[{"name":"wp","href":"https:\/\/api.w.org\/{rel}","templated":true}]}}