{"id":3777,"date":"2022-03-31T17:26:05","date_gmt":"2022-03-31T17:26:05","guid":{"rendered":"https:\/\/shop.xn--altmhl-bogensport-52b.de\/?post_type=product&#038;p=3777"},"modified":"2025-01-26T11:13:16","modified_gmt":"2025-01-26T11:13:16","slug":"easton-fertigpfeil-carbon-hunting-legacy-4-shield-helical-linksgewunden-set","status":"publish","type":"product","link":"https:\/\/shop.xn--altmhl-bogensport-52b.de\/?product=easton-fertigpfeil-carbon-hunting-legacy-4-shield-helical-linksgewunden-set","title":{"rendered":"Easton Fertigpfeil Carbon Hunting Legacy 4&#8243; shield helical linksgewunden Set"},"content":{"rendered":"<p>Fertigpfeile von Easton (6 Stk. Set).<\/p>\n<p>Easton geht mit der Zeit, Carbonpfeile im sch\u00f6nen Holzdekor und einer L\u00e4nge von 34 Zoll. Auch f\u00fcr langen Auszug geeignet.<\/p>\n<p><strong>Eigenschaften:<\/strong><\/p>\n<ul>\n<li>Innendruchmesser von .244&#8243;<\/li>\n<li>Inklusive RPS-Insert, 6.5mm 3d Super Nocke und 4&#8243; Linksgeschwungene Shield Federn.<\/li>\n<li>Geradheit: \u00b1 .006&#8243;.<\/li>\n<li>Die Befiederung ist entweder 2 x Wei\u00df, 2 x Rot oder 2 x Gelb mit jeweils einer Leitfeder in Wei\u00df\/Grau gestreift.\u00a0<strong>Eine Farbauswahl ist nicht m\u00f6glich und kann durch uns nicht beeinflusst werden!<\/strong><\/li>\n<\/ul>\n<p><strong>Technische Spezifikationen:<\/strong><\/p>\n<table style=\"height: 344px;\" border=\"1\" width=\"1208\">\n<thead>\n<tr>\n<th>Spine<\/th>\n<th>Gewicht<br \/>\n(grains per inch)<\/th>\n<th>L\u00e4nge<br \/>\n(inches)<\/th>\n<th>Au\u00dfendurchmesser<br \/>\n(inches)<\/th>\n<th>RPS Spitze<\/th>\n<\/tr>\n<\/thead>\n<tbody>\n<tr>\n<td>340<\/td>\n<td>10.1<\/td>\n<td>34<\/td>\n<td>0.289<\/td>\n<td>9\/32<\/td>\n<\/tr>\n<tr>\n<td>400<\/td>\n<td>9.3<\/td>\n<td>34<\/td>\n<td>0.291<\/td>\n<td>9\/32<\/td>\n<\/tr>\n<tr>\n<td>500<\/td>\n<td>8.3<\/td>\n<td>34<\/td>\n<td>0.296<\/td>\n<td>9\/32<\/td>\n<\/tr>\n<tr>\n<td>600<\/td>\n<td>7.5<\/td>\n<td>34<\/td>\n<td>0.291<\/td>\n<td>9\/32<\/td>\n<\/tr>\n<tr>\n<td>700<\/td>\n<td>7.1<\/td>\n<td>34<\/td>\n<td>0.289<\/td>\n<td>9\/32<\/td>\n<\/tr>\n<\/tbody>\n<\/table>\n<p>&nbsp;<\/p>\n<table class=\"table table-sm\">\n<tbody>\n<tr class=\"attr-custom\">\n<td><b>Herstellerangaben<\/b>:<\/td>\n<td class=\"attr-value\"><strong>Herstellername:<\/strong><br \/>\nEaston Technical Products, Inc.<br \/>\n<strong>Anschrift:<\/strong><br \/>\n5040 Harold Gatty Dr, Salt Lake City, UTAH, USA<br \/>\n<strong>Herkunftsland:<\/strong><br \/>\nUSA<br \/>\n<strong>Webseite:<\/strong><br \/>\nhttps:\/\/eastonarchery.com\/<br \/>\n<strong>Kontakt:<\/strong><br \/>\nhttps:\/\/eastonarchery.com\/privacy\/<br \/>\n<strong>Marke:<\/strong><br \/>\nEASTON<\/td>\n<\/tr>\n<tr class=\"attr-custom\">\n<td><b>Verantwortliche Person<\/b>:<\/td>\n<td class=\"attr-value\"><strong>verantwortliche Person:<\/strong><br \/>\nJVD Group B.V.<br \/>\n<strong>Anschrift:<\/strong><br \/>\nLooier 9, 5253 RA Nieuwkuijk<br \/>\n<strong>Herkunftsland:<\/strong><br \/>\nNiederlande<br \/>\n<strong>Kontakt:<\/strong><br \/>\ncontact@jvd-group.com<\/td>\n<\/tr>\n<\/tbody>\n<\/table>\n","protected":false},"excerpt":{"rendered":"<p>Easton Legacy Hunting Carbon Pfeil<\/p>\n","protected":false},"featured_media":3783,"comment_status":"open","ping_status":"closed","template":"","meta":[],"product_brand":[],"product_cat":[804],"product_tag":[403,543,900,1077,1078],"class_list":{"0":"post-3777","1":"product","2":"type-product","3":"status-publish","4":"has-post-thumbnail","6":"product_cat-standard-carbonpfeil","7":"product_tag-easton","8":"product_tag-fertigpfeil","9":"product_tag-carbon","10":"product_tag-hunting","11":"product_tag-legacy","13":"first","14":"outofstock","15":"taxable","16":"shipping-taxable","17":"purchasable","18":"product-type-variable"},"_links":{"self":[{"href":"https:\/\/shop.xn--altmhl-bogensport-52b.de\/index.php?rest_route=\/wp\/v2\/product\/3777","targetHints":{"allow":["GET"]}}],"collection":[{"href":"https:\/\/shop.xn--altmhl-bogensport-52b.de\/index.php?rest_route=\/wp\/v2\/product"}],"about":[{"href":"https:\/\/shop.xn--altmhl-bogensport-52b.de\/index.php?rest_route=\/wp\/v2\/types\/product"}],"replies":[{"embeddable":true,"href":"https:\/\/shop.xn--altmhl-bogensport-52b.de\/index.php?rest_route=%2Fwp%2Fv2%2Fcomments&post=3777"}],"wp:featuredmedia":[{"embeddable":true,"href":"https:\/\/shop.xn--altmhl-bogensport-52b.de\/index.php?rest_route=\/wp\/v2\/media\/3783"}],"wp:attachment":[{"href":"https:\/\/shop.xn--altmhl-bogensport-52b.de\/index.php?rest_route=%2Fwp%2Fv2%2Fmedia&parent=3777"}],"wp:term":[{"taxonomy":"product_brand","embeddable":true,"href":"https:\/\/shop.xn--altmhl-bogensport-52b.de\/index.php?rest_route=%2Fwp%2Fv2%2Fproduct_brand&post=3777"},{"taxonomy":"product_cat","embeddable":true,"href":"https:\/\/shop.xn--altmhl-bogensport-52b.de\/index.php?rest_route=%2Fwp%2Fv2%2Fproduct_cat&post=3777"},{"taxonomy":"product_tag","embeddable":true,"href":"https:\/\/shop.xn--altmhl-bogensport-52b.de\/index.php?rest_route=%2Fwp%2Fv2%2Fproduct_tag&post=3777"}],"curies":[{"name":"wp","href":"https:\/\/api.w.org\/{rel}","templated":true}]}}