{"id":3714,"date":"2022-02-20T06:18:11","date_gmt":"2022-02-20T06:18:11","guid":{"rendered":"https:\/\/shop.xn--altmhl-bogensport-52b.de\/?post_type=product&#038;p=3714"},"modified":"2025-07-29T17:21:03","modified_gmt":"2025-07-29T17:21:03","slug":"ungarische-bratpfanne-eisen-mit-griff-gross-outdoorkueche","status":"publish","type":"product","link":"https:\/\/shop.xn--altmhl-bogensport-52b.de\/?product=ungarische-bratpfanne-eisen-mit-griff-gross-outdoorkueche","title":{"rendered":"Ungarische Bratpfanne &#8211; Eisen &#8211; mit Griff &#8211; gro\u00df- Outdoork\u00fcche"},"content":{"rendered":"<p><strong>Ungarische Bratpfanne &#8211; Eisen &#8211; mit Griff &#8211; gro\u00df<\/strong><\/p>\n<p>Eisengriff mit Aufh\u00e4nge\u00f6se ca. 27 cm<\/p>\n<p><strong>Ma\u00dfe:<\/strong>\u00a0ca. 26,5 x 3 cm (D x H)<br \/>\nGewicht: ca. 470 g<\/p>\n<p><strong>Material:<\/strong><br \/>\n100 % Eisen<\/p>\n<p>F\u00fcr Outdoor K\u00f6che, zur Zubereitung auf dem Lagerfeuer oder der Feuertonne.<\/p>\n<p>&nbsp;<\/p>\n","protected":false},"excerpt":{"rendered":"<p>Ungar. Bratpfanne &#8211; Eisen<\/p>\n","protected":false},"featured_media":3715,"comment_status":"open","ping_status":"closed","template":"","meta":[],"product_brand":[],"product_cat":[546,558,726],"product_tag":[1065,1066,1063,1064],"class_list":{"0":"post-3714","1":"product","2":"type-product","3":"status-publish","4":"has-post-thumbnail","6":"product_cat-survival","7":"product_cat-kuechen-kochen","8":"product_cat-lagerleben","9":"product_tag-ungarische","10":"product_tag-outdoorkueche","11":"product_tag-pfanne","12":"product_tag-bratpfanne","14":"first","15":"outofstock","16":"taxable","17":"shipping-taxable","18":"purchasable","19":"product-type-simple"},"_links":{"self":[{"href":"https:\/\/shop.xn--altmhl-bogensport-52b.de\/index.php?rest_route=\/wp\/v2\/product\/3714","targetHints":{"allow":["GET"]}}],"collection":[{"href":"https:\/\/shop.xn--altmhl-bogensport-52b.de\/index.php?rest_route=\/wp\/v2\/product"}],"about":[{"href":"https:\/\/shop.xn--altmhl-bogensport-52b.de\/index.php?rest_route=\/wp\/v2\/types\/product"}],"replies":[{"embeddable":true,"href":"https:\/\/shop.xn--altmhl-bogensport-52b.de\/index.php?rest_route=%2Fwp%2Fv2%2Fcomments&post=3714"}],"wp:featuredmedia":[{"embeddable":true,"href":"https:\/\/shop.xn--altmhl-bogensport-52b.de\/index.php?rest_route=\/wp\/v2\/media\/3715"}],"wp:attachment":[{"href":"https:\/\/shop.xn--altmhl-bogensport-52b.de\/index.php?rest_route=%2Fwp%2Fv2%2Fmedia&parent=3714"}],"wp:term":[{"taxonomy":"product_brand","embeddable":true,"href":"https:\/\/shop.xn--altmhl-bogensport-52b.de\/index.php?rest_route=%2Fwp%2Fv2%2Fproduct_brand&post=3714"},{"taxonomy":"product_cat","embeddable":true,"href":"https:\/\/shop.xn--altmhl-bogensport-52b.de\/index.php?rest_route=%2Fwp%2Fv2%2Fproduct_cat&post=3714"},{"taxonomy":"product_tag","embeddable":true,"href":"https:\/\/shop.xn--altmhl-bogensport-52b.de\/index.php?rest_route=%2Fwp%2Fv2%2Fproduct_tag&post=3714"}],"curies":[{"name":"wp","href":"https:\/\/api.w.org\/{rel}","templated":true}]}}