{"id":3706,"date":"2022-02-17T18:40:26","date_gmt":"2022-02-17T18:40:26","guid":{"rendered":"https:\/\/shop.xn--altmhl-bogensport-52b.de\/?post_type=product&#038;p=3706"},"modified":"2025-03-18T08:08:33","modified_gmt":"2025-03-18T08:08:33","slug":"jagdmesser-mit-schwarzem-griff-wood-jewel","status":"publish","type":"product","link":"https:\/\/shop.xn--altmhl-bogensport-52b.de\/?product=jagdmesser-mit-schwarzem-griff-wood-jewel","title":{"rendered":"Jagdmesser mit schwarzem Griff, Wood-Jewel"},"content":{"rendered":"<div class=\"content--title\">Produktinformationen &#8220;Jagdmesser mit schwarzem Griff, Wood-Jewel&#8221;<\/div>\n<div class=\"product--description\">\n<p><strong>Jagdmesser mit schwarzem Griff, Wood-Jewel<\/strong><\/p>\n<p>Wood Jewel ist eine kleine\u00a0<a class=\"internal-link\" title=\"Messer\" href=\"https:\/\/www.battlemerchant.com\/waffen\/messer\/\" rel=\"follow\">Messer<\/a>-Manufaktur aus dem finnischen Teil Lapplands. S\u00e4mtliche Messer werden handgefertigt und traditionell verarbeitet. Naturprodukte wie Maserbirke und Rentierhorn kommen bei diesen Messern wundersch\u00f6n verarbeitet zum Einsatz. Sie besitzen eine Klingengeometrie, die f\u00fcr den Einsatz in den verschiedensten Gebieten wie Jagd, Outdoor oder Survival wie geschaffen sind. Robust und zuverl\u00e4ssig erf\u00fcllen sie s\u00e4mtliche Arbeiten.<\/p>\n<p>Ein handliches Jagdmesser mit schwarz gef\u00e4rbtem Holzgriff und einer 8,5 cm langen Klinge. Durch seine kompakte Klinge ist es der ideale Begleiter bei Outdoor, Survival oder Jagd. Die Lieferung erfolgt in einer schwarzen Lederscheide.<\/p>\n<p><b>Details:<\/b><br \/>\n&#8211; Klingenmaterial: Kohlenstoffstahl<br \/>\n&#8211; Griffmaterial: schwarz gef\u00e4rbtes Holz<br \/>\n&#8211; Gesamtl\u00e4nge: ca. 19,5 cm<br \/>\n&#8211; Klingenl\u00e4nge: ca. 8,5 cm<br \/>\n&#8211; Gewicht: ca. 115 g<br \/>\n&#8211; Hersteller-Artikelnummer: 23BLACK<\/p>\n<\/div>\n<p><strong>Hersteller:<\/strong>\u00a0Wood Jewel Raatiniemi Oy, Jokijalantie 6, FI-95900 Kolari, Finland, info@woodjewel.fi<br \/>\n<strong>Verantwortliche Person: Battle-Merchant Wacken GmbH &amp; Co. KG, Gehrn 4, 25596 Wacken<\/strong><br \/>\n<strong>Kontakt: info@battlemerchant.com<\/strong><\/p>\n<p><strong>Sicherheitshinweis:<\/strong><br \/>\n&#8211; Das Produkt kann scharfe Schnittkanten aufweisen. Unsachgem\u00e4\u00dfer oder unvorsichtiger Gebrauch kann zu Verletzungen f\u00fchren.<\/p>\n","protected":false},"excerpt":{"rendered":"<p>Jagdmesser schwarzer Griff<\/p>\n","protected":false},"featured_media":3707,"comment_status":"open","ping_status":"closed","template":"","meta":[],"product_brand":[],"product_cat":[558,600],"product_tag":[414,604,606,1062],"class_list":{"0":"post-3706","1":"product","2":"type-product","3":"status-publish","4":"has-post-thumbnail","6":"product_cat-kuechen-kochen","7":"product_cat-messer","8":"product_tag-schwarz","9":"product_tag-wood-jewel","10":"product_tag-jagdmesser","11":"product_tag-kohlenstoff","13":"first","14":"instock","15":"taxable","16":"shipping-taxable","17":"purchasable","18":"product-type-simple"},"_links":{"self":[{"href":"https:\/\/shop.xn--altmhl-bogensport-52b.de\/index.php?rest_route=\/wp\/v2\/product\/3706","targetHints":{"allow":["GET"]}}],"collection":[{"href":"https:\/\/shop.xn--altmhl-bogensport-52b.de\/index.php?rest_route=\/wp\/v2\/product"}],"about":[{"href":"https:\/\/shop.xn--altmhl-bogensport-52b.de\/index.php?rest_route=\/wp\/v2\/types\/product"}],"replies":[{"embeddable":true,"href":"https:\/\/shop.xn--altmhl-bogensport-52b.de\/index.php?rest_route=%2Fwp%2Fv2%2Fcomments&post=3706"}],"wp:featuredmedia":[{"embeddable":true,"href":"https:\/\/shop.xn--altmhl-bogensport-52b.de\/index.php?rest_route=\/wp\/v2\/media\/3707"}],"wp:attachment":[{"href":"https:\/\/shop.xn--altmhl-bogensport-52b.de\/index.php?rest_route=%2Fwp%2Fv2%2Fmedia&parent=3706"}],"wp:term":[{"taxonomy":"product_brand","embeddable":true,"href":"https:\/\/shop.xn--altmhl-bogensport-52b.de\/index.php?rest_route=%2Fwp%2Fv2%2Fproduct_brand&post=3706"},{"taxonomy":"product_cat","embeddable":true,"href":"https:\/\/shop.xn--altmhl-bogensport-52b.de\/index.php?rest_route=%2Fwp%2Fv2%2Fproduct_cat&post=3706"},{"taxonomy":"product_tag","embeddable":true,"href":"https:\/\/shop.xn--altmhl-bogensport-52b.de\/index.php?rest_route=%2Fwp%2Fv2%2Fproduct_tag&post=3706"}],"curies":[{"name":"wp","href":"https:\/\/api.w.org\/{rel}","templated":true}]}}