{"id":3650,"date":"2022-02-02T16:16:21","date_gmt":"2022-02-02T16:16:21","guid":{"rendered":"https:\/\/shop.xn--altmhl-bogensport-52b.de\/?post_type=product&#038;p=3650"},"modified":"2022-02-02T16:16:21","modified_gmt":"2022-02-02T16:16:21","slug":"militaer-kompass-mit-metallgehaeuse","status":"publish","type":"product","link":"https:\/\/shop.xn--altmhl-bogensport-52b.de\/?product=militaer-kompass-mit-metallgehaeuse","title":{"rendered":"Milit\u00e4r-Kompass mit Metallgeh\u00e4use"},"content":{"rendered":"<p>Stabiler Kompass f\u00fcr die Outdoor Erlebnisse oder Pfadfinder Aktivit\u00e4ten.<\/p>\n<p>Mit Fl\u00fcssigkeitsd\u00e4mpfung, Vergr\u00f6\u00dferungsglas im Sucher, Visiereinrichtung mit Kimme und Korn, drehbare Skala, alle wichtigen Punkte mit Leuchtfarbe belegt,\u00a0 zusammenklappbar, stabiles Metallgeh\u00e4use.<\/p>\n<p>Farbe: oliv.<\/p>\n<p>Gute Hilfe, wenn es mal ohne Strom und GPS weitergehen soll.<\/p>\n<p>Sollte in keinem Survival- oder \u00dcberlebensrucksack fehlen.<\/p>\n","protected":false},"excerpt":{"rendered":"<p>Milit\u00e4rkompass Metall oliv<\/p>\n","protected":false},"featured_media":3651,"comment_status":"open","ping_status":"closed","template":"","meta":[],"product_brand":[],"product_cat":[546,548],"product_tag":[1049,539,541,551,1048],"class_list":{"0":"post-3650","1":"product","2":"type-product","3":"status-publish","4":"has-post-thumbnail","6":"product_cat-survival","7":"product_cat-outdoor-artikel","8":"product_tag-militaerkompass","9":"product_tag-bushcraft","10":"product_tag-survival","11":"product_tag-outdoor","12":"product_tag-kompass","14":"first","15":"instock","16":"taxable","17":"shipping-taxable","18":"purchasable","19":"product-type-simple"},"_links":{"self":[{"href":"https:\/\/shop.xn--altmhl-bogensport-52b.de\/index.php?rest_route=\/wp\/v2\/product\/3650","targetHints":{"allow":["GET"]}}],"collection":[{"href":"https:\/\/shop.xn--altmhl-bogensport-52b.de\/index.php?rest_route=\/wp\/v2\/product"}],"about":[{"href":"https:\/\/shop.xn--altmhl-bogensport-52b.de\/index.php?rest_route=\/wp\/v2\/types\/product"}],"replies":[{"embeddable":true,"href":"https:\/\/shop.xn--altmhl-bogensport-52b.de\/index.php?rest_route=%2Fwp%2Fv2%2Fcomments&post=3650"}],"wp:featuredmedia":[{"embeddable":true,"href":"https:\/\/shop.xn--altmhl-bogensport-52b.de\/index.php?rest_route=\/wp\/v2\/media\/3651"}],"wp:attachment":[{"href":"https:\/\/shop.xn--altmhl-bogensport-52b.de\/index.php?rest_route=%2Fwp%2Fv2%2Fmedia&parent=3650"}],"wp:term":[{"taxonomy":"product_brand","embeddable":true,"href":"https:\/\/shop.xn--altmhl-bogensport-52b.de\/index.php?rest_route=%2Fwp%2Fv2%2Fproduct_brand&post=3650"},{"taxonomy":"product_cat","embeddable":true,"href":"https:\/\/shop.xn--altmhl-bogensport-52b.de\/index.php?rest_route=%2Fwp%2Fv2%2Fproduct_cat&post=3650"},{"taxonomy":"product_tag","embeddable":true,"href":"https:\/\/shop.xn--altmhl-bogensport-52b.de\/index.php?rest_route=%2Fwp%2Fv2%2Fproduct_tag&post=3650"}],"curies":[{"name":"wp","href":"https:\/\/api.w.org\/{rel}","templated":true}]}}