{"id":3635,"date":"2022-02-01T18:55:38","date_gmt":"2022-02-01T18:55:38","guid":{"rendered":"https:\/\/shop.xn--altmhl-bogensport-52b.de\/?post_type=product&#038;p=3635"},"modified":"2025-08-20T13:08:56","modified_gmt":"2025-08-20T13:08:56","slug":"mfh-oesterr-bh-feldmesser-saegeruecken-scheide","status":"publish","type":"product","link":"https:\/\/shop.xn--altmhl-bogensport-52b.de\/?product=mfh-oesterr-bh-feldmesser-saegeruecken-scheide","title":{"rendered":"MFH &#8211; \u00d6sterr. BH Feldmesser &#8211; S\u00e4ger\u00fccken &#8211; Scheide"},"content":{"rendered":"<h3>MFH &#8211; \u00d6sterr. BH Feldmesser &#8211; schwarz oder oliv &#8211; S\u00e4ger\u00fccken &#8211; Scheide<\/h3>\n<p>&nbsp;<\/p>\n<p>Die g\u00fcnstige Alternative zum &#8220;Glock&#8221; Messer des \u00d6BH. Absolut ausreichend f\u00fcr jeden Bogensch\u00fctzen oder Outdoorfan.<\/p>\n<p>&nbsp;<\/p>\n<p>geschw\u00e4rzte Klinge mit Glattschliff<br \/>\nund S\u00e4ger\u00fccken<br \/>\nParierstange als Kapselheber verwendbar<br \/>\nKunststoffgriff mit Befestigungs\u00f6se<br \/>\nKunststoffscheide mit Klickverschluss<br \/>\nzum Fixieren des Messers und G\u00fcrtelhalterung<br \/>\nGesamtl\u00e4nge: ca. 29 cm<br \/>\nKlinge: ca. 16,5 cm<br \/>\nGewicht Messer: ca. 190 g<br \/>\nGewicht mit Scheide: ca. 240 g<\/p>\n<p><strong>Herstellername:<\/strong><br \/>\nMax Fuchs AG<br \/>\n<strong>Anschrift:<\/strong><br \/>\nIndustriestrasse 1, 94078 Freyung<br \/>\n<strong>Herkunftsland:<\/strong><br \/>\nDeutschland<br \/>\n<strong>Webseite:<\/strong><br \/>\nhttps:\/\/max-fuchs.de\/<br \/>\n<strong>Kontakt:<\/strong><br \/>\ninfo@max-fuchs.de<br \/>\n<strong>Marke:<\/strong><br \/>\nMFH<\/p>\n","protected":false},"excerpt":{"rendered":"<p>MFH \u00d6BH Feldmesser<\/p>\n","protected":false},"featured_media":3639,"comment_status":"open","ping_status":"closed","template":"","meta":[],"product_brand":[],"product_cat":[546,548,1025],"product_tag":[601,1028,1029,1045,469],"class_list":{"0":"post-3635","1":"product","2":"type-product","3":"status-publish","4":"has-post-thumbnail","6":"product_cat-survival","7":"product_cat-outdoor-artikel","8":"product_cat-kampfmesser","9":"product_tag-messer","10":"product_tag-kampfmesser","11":"product_tag-feldmesser","12":"product_tag-oesterr-bh","13":"product_tag-mfh","15":"first","16":"outofstock","17":"taxable","18":"shipping-taxable","19":"purchasable","20":"product-type-variable"},"_links":{"self":[{"href":"https:\/\/shop.xn--altmhl-bogensport-52b.de\/index.php?rest_route=\/wp\/v2\/product\/3635","targetHints":{"allow":["GET"]}}],"collection":[{"href":"https:\/\/shop.xn--altmhl-bogensport-52b.de\/index.php?rest_route=\/wp\/v2\/product"}],"about":[{"href":"https:\/\/shop.xn--altmhl-bogensport-52b.de\/index.php?rest_route=\/wp\/v2\/types\/product"}],"replies":[{"embeddable":true,"href":"https:\/\/shop.xn--altmhl-bogensport-52b.de\/index.php?rest_route=%2Fwp%2Fv2%2Fcomments&post=3635"}],"wp:featuredmedia":[{"embeddable":true,"href":"https:\/\/shop.xn--altmhl-bogensport-52b.de\/index.php?rest_route=\/wp\/v2\/media\/3639"}],"wp:attachment":[{"href":"https:\/\/shop.xn--altmhl-bogensport-52b.de\/index.php?rest_route=%2Fwp%2Fv2%2Fmedia&parent=3635"}],"wp:term":[{"taxonomy":"product_brand","embeddable":true,"href":"https:\/\/shop.xn--altmhl-bogensport-52b.de\/index.php?rest_route=%2Fwp%2Fv2%2Fproduct_brand&post=3635"},{"taxonomy":"product_cat","embeddable":true,"href":"https:\/\/shop.xn--altmhl-bogensport-52b.de\/index.php?rest_route=%2Fwp%2Fv2%2Fproduct_cat&post=3635"},{"taxonomy":"product_tag","embeddable":true,"href":"https:\/\/shop.xn--altmhl-bogensport-52b.de\/index.php?rest_route=%2Fwp%2Fv2%2Fproduct_tag&post=3635"}],"curies":[{"name":"wp","href":"https:\/\/api.w.org\/{rel}","templated":true}]}}