{"id":3613,"date":"2022-01-25T18:12:23","date_gmt":"2022-01-25T18:12:23","guid":{"rendered":"https:\/\/shop.xn--altmhl-bogensport-52b.de\/?post_type=product&#038;p=3613"},"modified":"2025-06-24T15:04:42","modified_gmt":"2025-06-24T15:04:42","slug":"x-line-woodmaster-carbonpfeil-incl-nockinsert-32-sonderform-firefly","status":"publish","type":"product","link":"https:\/\/shop.xn--altmhl-bogensport-52b.de\/?product=x-line-woodmaster-carbonpfeil-incl-nockinsert-32-sonderform-firefly","title":{"rendered":"X-line Woodmaster Carbonpfeil Incl. Nock+Insert  32\u201c Sonderform Firefly"},"content":{"rendered":"<div>\n<p>F\u00fcr diesen Carbonpfeil dient der Woodmaster Schaft als Grundlage.<\/p>\n<p>Wir achten beim Bau unserer Sonderpfeile darauf, da\u00df die Pfeile mit gr\u00f6\u00dftm\u00f6glicher Sorgfalt f\u00fcr Sie angefertigt werden. Schlie\u00dflich ist der Pfeil eine wichtige Grundlage f\u00fcr den erfolgreichen Schu\u00df.<\/p>\n<p>Dieser Carbonpfeil ist mit hochwertigen und sch\u00f6nen Naturfedern 3<strong>-fach<\/strong>\u00a0befiedert.<\/p>\n<p>Innenma\u00df sind 6,2mm bzw 0.244\u2033, somit passen alle Komponenten von Bearpaw, Easton oder Skylon und nat\u00fcrlich vom woodmaster.<\/p>\n<p>Wir bieten hier 12 Stk dieser Pfeile an, die Besonderheit ist die Federform \u201cFirefly\u201d in 3 Zoll, hier in der Farbgebung rot und gelb.<\/p>\n<p>Sollten diese Pfeile nicht vorr\u00e4tig sein, k\u00f6nnen diese gern nachbestellt werden.<\/p>\n<\/div>\n<div><\/div>\n<div><strong>Carbonpfeil \u201eWoodmaster\u201c\u00a0<\/strong><\/div>\n<div><strong>X-line<\/strong><\/div>\n<div><strong>\u00a0<\/strong><\/div>\n<div><strong>In Meranti Holzoptik\u00a0<\/strong><\/div>\n<div><strong>\u00a0<\/strong><\/div>\n<div><strong>ID 6,2 mm\u00a0<\/strong><\/div>\n<div><strong>Geradheid: 0.006&#8243;<\/strong><br \/>\n<strong>Gewichtstoleranz: +\/- 3 gn<\/strong><\/div>\n<div><strong>\u00a0<\/strong><\/div>\n<div><strong>Federfarben:<\/strong><\/div>\n<div><b>\u00a0Leitfeder rot, Feder 2+3 in gelb<\/b><\/div>\n<div><strong>Cresting in rot, Nocke 2C-Field Nock in rot<\/strong><\/div>\n<div><strong><a href=\"https:\/\/shop.xn--altmhl-bogensport-52b.de\/?product=x-line-break-off-insert-20-30-40-245\">X-Line Break off Insert<\/a> liegt lose bei.\u00a0<\/strong><\/div>\n<div><\/div>\n<div>passender <a href=\"https:\/\/shop.xn--altmhl-bogensport-52b.de\/?product=tophat-protector-ring\">Protectorring 7,15<\/a> und Spitze z.B. <a href=\"https:\/\/shop.xn--altmhl-bogensport-52b.de\/?product=tophat-3d-combo-schraubspitze-mit-schraubsicherung-o-ring-5-16\">Tophat<\/a> kann gleich mitbestellt werden.<\/div>\n<div><b>\u00a0<\/b><\/div>\n<div><\/div>\n<div><strong>\u00a0<\/strong><\/div>\n<div><strong>\u00a0geeignet f\u00fcr Recurvebogen, Jagdbogen, Langbogen, Reiterbogen<\/strong><\/div>\n<div><\/div>\n<div>Schaftl\u00e4nge 32\u201c<\/div>\n<div>Andere L\u00e4ngen auf Anfrage m\u00f6glich.<\/div>\n<div>Gern k\u00fcrzen wir den Schaft auf ihre Wunschl\u00e4nge.<\/div>\n<div><\/div>\n<div>Sie m\u00f6chten einen anderen Spinewert oder andere Federfarben, fragen sie gern nach.<\/div>\n<div><\/div>\n<div>\n<p>Herstellerangaben:<\/p>\n<p><strong>Dream Bow Factory Distribution GmbH,<\/strong><\/p>\n<p><strong>Saarstr. 100, 55765 Birkenfeld,<\/strong><\/p>\n<p><strong>Germany<\/strong><\/p>\n<p>info@dreambowfactory.eu<\/p>\n<\/div>\n<div><\/div>\n<div><\/div>\n","protected":false},"excerpt":{"rendered":"<p>X-Line Carbonpfeil woodmaster Firefly<\/p>\n","protected":false},"featured_media":3618,"comment_status":"open","ping_status":"closed","template":"","meta":[],"product_brand":[],"product_cat":[946,86],"product_tag":[543,694,695,696,697,791,1042],"class_list":{"0":"post-3613","1":"product","2":"type-product","3":"status-publish","4":"has-post-thumbnail","6":"product_cat-custompfeil-sonderanfertigung","7":"product_cat-carbonpfeil","8":"product_tag-fertigpfeil","9":"product_tag-woodmaster","10":"product_tag-x-line","11":"product_tag-meranti","12":"product_tag-holzoptik","13":"product_tag-firefly","14":"product_tag-sonderform","16":"first","17":"instock","18":"taxable","19":"shipping-taxable","20":"purchasable","21":"product-type-simple"},"_links":{"self":[{"href":"https:\/\/shop.xn--altmhl-bogensport-52b.de\/index.php?rest_route=\/wp\/v2\/product\/3613","targetHints":{"allow":["GET"]}}],"collection":[{"href":"https:\/\/shop.xn--altmhl-bogensport-52b.de\/index.php?rest_route=\/wp\/v2\/product"}],"about":[{"href":"https:\/\/shop.xn--altmhl-bogensport-52b.de\/index.php?rest_route=\/wp\/v2\/types\/product"}],"replies":[{"embeddable":true,"href":"https:\/\/shop.xn--altmhl-bogensport-52b.de\/index.php?rest_route=%2Fwp%2Fv2%2Fcomments&post=3613"}],"wp:featuredmedia":[{"embeddable":true,"href":"https:\/\/shop.xn--altmhl-bogensport-52b.de\/index.php?rest_route=\/wp\/v2\/media\/3618"}],"wp:attachment":[{"href":"https:\/\/shop.xn--altmhl-bogensport-52b.de\/index.php?rest_route=%2Fwp%2Fv2%2Fmedia&parent=3613"}],"wp:term":[{"taxonomy":"product_brand","embeddable":true,"href":"https:\/\/shop.xn--altmhl-bogensport-52b.de\/index.php?rest_route=%2Fwp%2Fv2%2Fproduct_brand&post=3613"},{"taxonomy":"product_cat","embeddable":true,"href":"https:\/\/shop.xn--altmhl-bogensport-52b.de\/index.php?rest_route=%2Fwp%2Fv2%2Fproduct_cat&post=3613"},{"taxonomy":"product_tag","embeddable":true,"href":"https:\/\/shop.xn--altmhl-bogensport-52b.de\/index.php?rest_route=%2Fwp%2Fv2%2Fproduct_tag&post=3613"}],"curies":[{"name":"wp","href":"https:\/\/api.w.org\/{rel}","templated":true}]}}