{"id":36,"date":"2019-09-18T17:48:59","date_gmt":"2019-09-18T17:48:59","guid":{"rendered":"http:\/\/shop.xn--altmhl-bogensport-52b.de\/?post_type=product&#038;p=36"},"modified":"2026-03-05T18:47:58","modified_gmt":"2026-03-05T18:47:58","slug":"saunders-nockpunkt-nockpunktbegrenzer","status":"publish","type":"product","link":"https:\/\/shop.xn--altmhl-bogensport-52b.de\/?product=saunders-nockpunkt-nockpunktbegrenzer","title":{"rendered":"SAUNDERS Nockpunkt Nockpunktbegrenzer NPG"},"content":{"rendered":"<p>Klemmnockpunkt aus Messing und Kunststoffinlet zum Aufbringen auf die Sehne.<\/p>\n<p>Der Nockpunkt wird meist unter Zuhilfenahme eines Sehnenma\u00dfstabs ( Checker ) in die richtige Position auf der Sehne angebracht und dient dem gleichm\u00e4\u00dfigen Einnocken des Pfeils und somit auch der Verbesserung des Schussbildes.<\/p>\n<p>Gr\u00f6\u00dfen:<\/p>\n<p>Small blau<\/p>\n<p>Medium schwarz<\/p>\n<p>Large red<\/p>\n","protected":false},"excerpt":{"rendered":"<p>Der Nockpunktbegrenzer wird mit der Nockpunktzange direkt \u00fcber dem Nockpunkt angebracht.<\/p>\n","protected":false},"featured_media":38,"comment_status":"open","ping_status":"closed","template":"","meta":[],"product_brand":[],"product_cat":[29],"product_tag":[369,370,26,27],"class_list":{"0":"post-36","1":"product","2":"type-product","3":"status-publish","4":"has-post-thumbnail","6":"product_cat-sehnenbau","7":"product_tag-nockpoint","8":"product_tag-nockpunktbegrenzer","9":"product_tag-nockpunkt","10":"product_tag-saunders","12":"first","13":"instock","14":"taxable","15":"shipping-taxable","16":"purchasable","17":"product-type-variable"},"_links":{"self":[{"href":"https:\/\/shop.xn--altmhl-bogensport-52b.de\/index.php?rest_route=\/wp\/v2\/product\/36","targetHints":{"allow":["GET"]}}],"collection":[{"href":"https:\/\/shop.xn--altmhl-bogensport-52b.de\/index.php?rest_route=\/wp\/v2\/product"}],"about":[{"href":"https:\/\/shop.xn--altmhl-bogensport-52b.de\/index.php?rest_route=\/wp\/v2\/types\/product"}],"replies":[{"embeddable":true,"href":"https:\/\/shop.xn--altmhl-bogensport-52b.de\/index.php?rest_route=%2Fwp%2Fv2%2Fcomments&post=36"}],"wp:featuredmedia":[{"embeddable":true,"href":"https:\/\/shop.xn--altmhl-bogensport-52b.de\/index.php?rest_route=\/wp\/v2\/media\/38"}],"wp:attachment":[{"href":"https:\/\/shop.xn--altmhl-bogensport-52b.de\/index.php?rest_route=%2Fwp%2Fv2%2Fmedia&parent=36"}],"wp:term":[{"taxonomy":"product_brand","embeddable":true,"href":"https:\/\/shop.xn--altmhl-bogensport-52b.de\/index.php?rest_route=%2Fwp%2Fv2%2Fproduct_brand&post=36"},{"taxonomy":"product_cat","embeddable":true,"href":"https:\/\/shop.xn--altmhl-bogensport-52b.de\/index.php?rest_route=%2Fwp%2Fv2%2Fproduct_cat&post=36"},{"taxonomy":"product_tag","embeddable":true,"href":"https:\/\/shop.xn--altmhl-bogensport-52b.de\/index.php?rest_route=%2Fwp%2Fv2%2Fproduct_tag&post=36"}],"curies":[{"name":"wp","href":"https:\/\/api.w.org\/{rel}","templated":true}]}}