{"id":3562,"date":"2022-01-23T06:21:19","date_gmt":"2022-01-23T06:21:19","guid":{"rendered":"https:\/\/shop.xn--altmhl-bogensport-52b.de\/?post_type=product&#038;p=3562"},"modified":"2022-07-07T18:12:04","modified_gmt":"2022-07-07T18:12:04","slug":"original-glock-feldmesser","status":"publish","type":"product","link":"https:\/\/shop.xn--altmhl-bogensport-52b.de\/?product=original-glock-feldmesser","title":{"rendered":"ORIGINAL GLOCK FELDMESSER"},"content":{"rendered":"<p>Diese Messer wurden in Zusammenarbeit mit dem \u00f6sterreichischen Bundesheer f\u00fcr den Milit\u00e4reinsatz entwickelt. Als wahres Multitalent l\u00e4sst es sich zum Schneiden, Hacken, Graben, Hebeln, zum \u00d6ffnen von Dosen und sogar als Kapselheber verwenden. Die Klinge ist aus rosttr\u00e4gem Federstahl mit einer H\u00e4rte von HRC55, die genaue Zusammensetzung ist allerdings ein gut geh\u00fctetes Betriebsgeheimnis. Als Reflektions- und Rostschutz ist die Klinge schwarz phosphatiert. Die Scheide und der Griff aus bew\u00e4hrtem Glock-Polymer sind nahezu unverw\u00fcstlich. In jeder Situation sicher gehalten wird das Messer mit einem simplen, aber wirkungsvollen Clipverschluss. Beim Ziehen des Messers wird dieser einfach mit dem Daumen entriegelt.<\/p>\n<p>Klingenl\u00e4nge 165 mm<br \/>\nGesamtl\u00e4nge 290 mm<\/p>\n<p>Ausf\u00fchrung schwarz mit und ohne S\u00e4ge erh\u00e4ltlich.<\/p>\n<p>&nbsp;<\/p>\n<div>\n<div><span style=\"color: red; font-family: Arial; font-size: small;\"><strong>Hieb- und Stichwaffen sind erst ab 18 Jahre erh\u00e4ltlich.<\/strong><\/span><\/div>\n<div><span style=\"color: red; font-family: Arial; font-size: small;\"><strong>Lieferung erfolgt nur gegen Altersnachweis.<\/strong><\/span><\/div>\n<div><span style=\"color: red; font-family: Arial; font-size: small;\"><strong>(Kopie des Personalausweises).Diese k\u00f6nnen Sie uns entweder<\/strong><\/span><\/div>\n<div><span style=\"color: red; font-family: Arial; font-size: small;\"><strong>per\u00a0<span class=\"SpellE\">e-mail-Anhang<\/span>\u00a0im\u00a0<span class=\"SpellE\">jpg-Format<\/span>\u00a0oder per Post zusenden.<\/strong><\/span><\/div>\n<\/div>\n","protected":false},"excerpt":{"rendered":"<p>Original Glock Feldmesser<\/p>\n","protected":false},"featured_media":3563,"comment_status":"open","ping_status":"closed","template":"","meta":[],"product_brand":[],"product_cat":[546,548,1025],"product_tag":[1027,1028,1029,539,1030,1151,1152],"class_list":{"0":"post-3562","1":"product","2":"type-product","3":"status-publish","4":"has-post-thumbnail","6":"product_cat-survival","7":"product_cat-outdoor-artikel","8":"product_cat-kampfmesser","9":"product_tag-glock","10":"product_tag-kampfmesser","11":"product_tag-feldmesser","12":"product_tag-bushcraft","13":"product_tag-saege","14":"product_tag-m78","15":"product_tag-bundesheer","17":"first","18":"instock","19":"sale","20":"taxable","21":"shipping-taxable","22":"purchasable","23":"product-type-variable"},"_links":{"self":[{"href":"https:\/\/shop.xn--altmhl-bogensport-52b.de\/index.php?rest_route=\/wp\/v2\/product\/3562","targetHints":{"allow":["GET"]}}],"collection":[{"href":"https:\/\/shop.xn--altmhl-bogensport-52b.de\/index.php?rest_route=\/wp\/v2\/product"}],"about":[{"href":"https:\/\/shop.xn--altmhl-bogensport-52b.de\/index.php?rest_route=\/wp\/v2\/types\/product"}],"replies":[{"embeddable":true,"href":"https:\/\/shop.xn--altmhl-bogensport-52b.de\/index.php?rest_route=%2Fwp%2Fv2%2Fcomments&post=3562"}],"wp:featuredmedia":[{"embeddable":true,"href":"https:\/\/shop.xn--altmhl-bogensport-52b.de\/index.php?rest_route=\/wp\/v2\/media\/3563"}],"wp:attachment":[{"href":"https:\/\/shop.xn--altmhl-bogensport-52b.de\/index.php?rest_route=%2Fwp%2Fv2%2Fmedia&parent=3562"}],"wp:term":[{"taxonomy":"product_brand","embeddable":true,"href":"https:\/\/shop.xn--altmhl-bogensport-52b.de\/index.php?rest_route=%2Fwp%2Fv2%2Fproduct_brand&post=3562"},{"taxonomy":"product_cat","embeddable":true,"href":"https:\/\/shop.xn--altmhl-bogensport-52b.de\/index.php?rest_route=%2Fwp%2Fv2%2Fproduct_cat&post=3562"},{"taxonomy":"product_tag","embeddable":true,"href":"https:\/\/shop.xn--altmhl-bogensport-52b.de\/index.php?rest_route=%2Fwp%2Fv2%2Fproduct_tag&post=3562"}],"curies":[{"name":"wp","href":"https:\/\/api.w.org\/{rel}","templated":true}]}}