{"id":3526,"date":"2022-01-19T15:13:43","date_gmt":"2022-01-19T15:13:43","guid":{"rendered":"https:\/\/shop.xn--altmhl-bogensport-52b.de\/?post_type=product&#038;p=3526"},"modified":"2025-11-17T10:16:15","modified_gmt":"2025-11-17T10:16:15","slug":"everts-clickr-klicker-fuer-traditionelle-schuetzen","status":"publish","type":"product","link":"https:\/\/shop.xn--altmhl-bogensport-52b.de\/?product=everts-clickr-klicker-fuer-traditionelle-schuetzen","title":{"rendered":"EVERTS ClickR &#8211; Klicker f\u00fcr traditionelle Sch\u00fctzen"},"content":{"rendered":"<p><strong>EVERTS ClickR &#8211; Klicker f\u00fcr traditionelle Sch\u00fctzen<\/strong><\/p>\n<p>Mit dem\u00a0EVERTS ClickR k\u00f6nnen endlich auch traditionelle Sch\u00fctzen von den Vorteilen eines Klickers profitieren.<\/p>\n<p><strong>Warum und f\u00fcr wen \u00fcberhaupt ein Klicker?<\/strong><\/p>\n<p>Bogenschie\u00dfen basiert auf einer jederzeit reproduzierbaren, sauberen Technik. Denn nur wer einen kontinuierlichen Schussablauf entwickelt und diesen tief verinnerlich hat, wird konstant gute Treffer erzielen. Dabei ist es egal ob man Lang-, Jagd-, Recurve-, Reiter- oder z.B. Blankbogen schie\u00dft und ob man versucht intuitiv oder mit\u00a0Visierung zu treffen.<\/p>\n<p>Ein ganz wesentlicher Bestandteil solch einer guten Technik ist eine gleichbleibende Auszugsl\u00e4nge.\u00a0Der EVERTS ClickR gew\u00e4hrleistet, dass diese bei jedem einzelnen Schuss erreicht und damit auch auf Dauer erlernt wird. Durch regelm\u00e4\u00dfiges Schie\u00dfen mit dem ClickR, pr\u00e4gt sich dem Sch\u00fctzen seine spezifische Auszugsl\u00e4nge ins Unterbewusstsein ein und wird so zum korrekt erlernten, wichtigen Baustein seines Schussablaufs.<\/p>\n<p>Auch im 3D- und Feldbogen-Schiessen und hier besonders bei Bergauf- und Bergabsch\u00fcssen, wo viele Sch\u00fctzen ihre Auszugsl\u00e4nge ungewollt ver\u00e4ndern, gew\u00e4hrleistet der ClickR\u00a0einen konstanten Auszug. Wenn\u00a0man nicht einfach nur Spa\u00df sondern kontinuierliche, stetig abrufbare Leistungen mit sch\u00f6nen Treffern will, kann der ClickR einen wesentlichen Teil dazu beitragen.<\/p>\n<p><strong>Behandlung von Goldangst\u00a0\/ Targetpanic<\/strong><\/p>\n<p>Bogensch\u00fctzen, die &#8211; bewusst oder unbewusst &#8211; unter Goldangst leiden, hilft der ClickR die Kontrolle \u00fcber den Zeitpunkt des L\u00f6sevorgangs zur\u00fcckzugewinnen. Der visuelle Reiz, der das Unterbewusstsein zum L\u00f6sen des Pfeils stimuliert, wird ersetzt durch den Fokus auf den akustischen Reiz des ClickR-Signals. So kann der ClickR die heilende, technische L\u00f6sung zur \u00dcberwindung dieser mentalen H\u00fcrde sein.<\/p>\n<p><strong>Montage<\/strong><\/p>\n<ol>\n<li>Spannen Sie Ihren Bogen auf und beachten Sie bitte dabei Ihre korrekte Standh\u00f6he .<\/li>\n<li>W\u00e4hlen Sie bitte eine Stelle, wo der Wurfarm beim Auszug kaum in die Biegung geht. Oftmals ist eine Handl\u00e4nge vom Wurfarm-Tip am oberen Wurfarm eine passende Position. Achten Sie darauf, dass sich der Faden bei Gebrauch nicht an Wurfarm- oder Sehnend\u00e4mpfern verheddern kann.<\/li>\n<li>Sie ben\u00f6tigen nun eine zweite Person, die den Abstand der zuk\u00fcnftigen Klickerposition bis zur Sehne mit einem Ma\u00dfband\/Meterma\u00df ausmisst. Ziehen Sie nun Ihren Bogen bis zur Ankerposition. Notieren Sie den Abstand vom ClickR bis zur Sehne.<\/li>\n<li>Reinigen Sie nun den Untergrund, z.B. mit Alkohol\/Spiritus o.\u00e4. Dieser soll sauber und fettfrei sein, damit das Klebepad zuverl\u00e4ssig und dauerhaft h\u00e4lt.<\/li>\n<li>Befestigen Sie nun den ClickR mit Hilfe der Klebefolie. Achtung, die 3M-Klebefolie entfaltet ihre volle Wirkung nach 24 Std.<\/li>\n<li>Markieren Sie sich die Stelle an Ihrer Sehne, wo der ClickR-Faden sp\u00e4ter eingef\u00e4delt werden soll. Die Richtung des Fadens zeigt lotrecht vom ausgezogenen ClickR zur Sehne und von dieser Stelle wandern Sie noch ca. 15mm h\u00f6her Richtung Tip.<\/li>\n<li>Spannen Sie nun den Bogen ab. Drehen Sie die Sehne an der gew\u00fcnschten Stelle auf und f\u00fchren Sie den ClickR-Faden hindurch, bis die ausgemessene Fadenl\u00e4nge erreicht ist und verknoten Sie den Faden hinter der Sehne, um ein Durchrutschen beim Auszug zu vermeiden.<\/li>\n<li>Durch Versetzen des Knotens, passen Sie nun im Finetuning die Fadenl\u00e4nge auf Sie an.<\/li>\n<\/ol>\n<p><strong><br \/>\nAchtung:<br \/>\n<\/strong>Bitte ziehen Sie den ClickR nie \u00fcber den Punkt des Klickger\u00e4uschs hinaus aus. Dies f\u00fchrt zu Verformung der Klickerplatte und hinterl\u00e4sst einen dauerhaften Schaden. Der Schuss eines Pfeils stellt eine Materialbelastung dar. Diese auftretenden Kr\u00e4fte und Vibrationen wirken nat\u00fcrlich auch auf den ClickR. Untersuchen Sie deshalb von Zeit zu Zeit, ob alle Teile noch fest sitzen und weiterhin intakt sind. Sollten sich Sch\u00e4den, Abnutzungen oder andere Unzul\u00e4nglichkeiten zeigen, so nutzen Sie das Produkt bitte nicht weiter.<\/p>\n<p><strong>Lieferumfang:<\/strong><br \/>\n1 St\u00fcck<\/p>\n<p>&nbsp;<\/p>\n<p><strong>Herstellername:<\/strong><br \/>\nBSW Handels GmbH<br \/>\n<strong>Anschrift:<\/strong><br \/>\nDemminer Strasse 32, 17389 Anklam<br \/>\n<strong>Herkunftsland:<\/strong><br \/>\nDeutschland<br \/>\n<strong>Webseite:<\/strong><br \/>\nhttps:\/\/www.bogensportwelt.de\/<br \/>\n<strong>Kontakt:<\/strong><br \/>\nhttps:\/\/www.bogensportwelt.de\/Kontakt<br \/>\n<strong>Marke:<\/strong><br \/>\nEwerts<\/p>\n","protected":false},"excerpt":{"rendered":"<p>Klicker f\u00fcr traditionelle Sch\u00fctzen<\/p>\n","protected":false},"featured_media":3527,"comment_status":"open","ping_status":"closed","template":"","meta":[],"product_brand":[],"product_cat":[28,1033],"product_tag":[],"class_list":{"0":"post-3526","1":"product","2":"type-product","3":"status-publish","4":"has-post-thumbnail","6":"product_cat-sonstiges","7":"product_cat-training","9":"first","10":"onbackorder","11":"taxable","12":"shipping-taxable","13":"purchasable","14":"product-type-simple"},"_links":{"self":[{"href":"https:\/\/shop.xn--altmhl-bogensport-52b.de\/index.php?rest_route=\/wp\/v2\/product\/3526","targetHints":{"allow":["GET"]}}],"collection":[{"href":"https:\/\/shop.xn--altmhl-bogensport-52b.de\/index.php?rest_route=\/wp\/v2\/product"}],"about":[{"href":"https:\/\/shop.xn--altmhl-bogensport-52b.de\/index.php?rest_route=\/wp\/v2\/types\/product"}],"replies":[{"embeddable":true,"href":"https:\/\/shop.xn--altmhl-bogensport-52b.de\/index.php?rest_route=%2Fwp%2Fv2%2Fcomments&post=3526"}],"wp:featuredmedia":[{"embeddable":true,"href":"https:\/\/shop.xn--altmhl-bogensport-52b.de\/index.php?rest_route=\/wp\/v2\/media\/3527"}],"wp:attachment":[{"href":"https:\/\/shop.xn--altmhl-bogensport-52b.de\/index.php?rest_route=%2Fwp%2Fv2%2Fmedia&parent=3526"}],"wp:term":[{"taxonomy":"product_brand","embeddable":true,"href":"https:\/\/shop.xn--altmhl-bogensport-52b.de\/index.php?rest_route=%2Fwp%2Fv2%2Fproduct_brand&post=3526"},{"taxonomy":"product_cat","embeddable":true,"href":"https:\/\/shop.xn--altmhl-bogensport-52b.de\/index.php?rest_route=%2Fwp%2Fv2%2Fproduct_cat&post=3526"},{"taxonomy":"product_tag","embeddable":true,"href":"https:\/\/shop.xn--altmhl-bogensport-52b.de\/index.php?rest_route=%2Fwp%2Fv2%2Fproduct_tag&post=3526"}],"curies":[{"name":"wp","href":"https:\/\/api.w.org\/{rel}","templated":true}]}}