{"id":3511,"date":"2022-01-17T15:44:57","date_gmt":"2022-01-17T15:44:57","guid":{"rendered":"https:\/\/shop.xn--altmhl-bogensport-52b.de\/?post_type=product&#038;p=3511"},"modified":"2025-09-15T00:37:17","modified_gmt":"2025-09-15T00:37:17","slug":"spannschnur-longbow","status":"publish","type":"product","link":"https:\/\/shop.xn--altmhl-bogensport-52b.de\/?product=spannschnur-longbow","title":{"rendered":"Spannschnur Longbow"},"content":{"rendered":"<p>Wir empfehlen grunds\u00e4tzlich das Spannen von B\u00f6gen nur mit einer Spannschnur vorzunehmen, um den Bogen nicht zu besch\u00e4digen.<\/p>\n<p>Zudem ist das Spannen des Bogens damit viel leichter und einfacher!<\/p>\n<p>Die Spannschnur Longbow ist perfekt f\u00fcr das Spannen von Langb\u00f6gen geeignet.<\/p>\n<ul>\n<li>Material: Leder<\/li>\n<li>L\u00e4nge Spannschnur: Individuell einstellbar<\/li>\n<\/ul>\n","protected":false},"excerpt":{"rendered":"<p>Spannschnur longbow<\/p>\n","protected":false},"featured_media":3512,"comment_status":"open","ping_status":"closed","template":"","meta":[],"product_brand":[],"product_cat":[611,1504],"product_tag":[45,613,641],"class_list":{"0":"post-3511","1":"product","2":"type-product","3":"status-publish","4":"has-post-thumbnail","6":"product_cat-spannschnuere-gurte","7":"product_cat-sommerschlussverkauf","8":"product_tag-spannschnur","9":"product_tag-longbow","10":"product_tag-langbogen","12":"first","13":"instock","14":"taxable","15":"shipping-taxable","16":"purchasable","17":"product-type-simple"},"_links":{"self":[{"href":"https:\/\/shop.xn--altmhl-bogensport-52b.de\/index.php?rest_route=\/wp\/v2\/product\/3511","targetHints":{"allow":["GET"]}}],"collection":[{"href":"https:\/\/shop.xn--altmhl-bogensport-52b.de\/index.php?rest_route=\/wp\/v2\/product"}],"about":[{"href":"https:\/\/shop.xn--altmhl-bogensport-52b.de\/index.php?rest_route=\/wp\/v2\/types\/product"}],"replies":[{"embeddable":true,"href":"https:\/\/shop.xn--altmhl-bogensport-52b.de\/index.php?rest_route=%2Fwp%2Fv2%2Fcomments&post=3511"}],"wp:featuredmedia":[{"embeddable":true,"href":"https:\/\/shop.xn--altmhl-bogensport-52b.de\/index.php?rest_route=\/wp\/v2\/media\/3512"}],"wp:attachment":[{"href":"https:\/\/shop.xn--altmhl-bogensport-52b.de\/index.php?rest_route=%2Fwp%2Fv2%2Fmedia&parent=3511"}],"wp:term":[{"taxonomy":"product_brand","embeddable":true,"href":"https:\/\/shop.xn--altmhl-bogensport-52b.de\/index.php?rest_route=%2Fwp%2Fv2%2Fproduct_brand&post=3511"},{"taxonomy":"product_cat","embeddable":true,"href":"https:\/\/shop.xn--altmhl-bogensport-52b.de\/index.php?rest_route=%2Fwp%2Fv2%2Fproduct_cat&post=3511"},{"taxonomy":"product_tag","embeddable":true,"href":"https:\/\/shop.xn--altmhl-bogensport-52b.de\/index.php?rest_route=%2Fwp%2Fv2%2Fproduct_tag&post=3511"}],"curies":[{"name":"wp","href":"https:\/\/api.w.org\/{rel}","templated":true}]}}