{"id":3489,"date":"2022-01-15T09:18:18","date_gmt":"2022-01-15T09:18:18","guid":{"rendered":"https:\/\/shop.xn--altmhl-bogensport-52b.de\/?post_type=product&#038;p=3489"},"modified":"2025-09-15T00:37:18","modified_gmt":"2025-09-15T00:37:18","slug":"tru-ball-bandit-release-mit-klettverschluss-farbe-camo","status":"publish","type":"product","link":"https:\/\/shop.xn--altmhl-bogensport-52b.de\/?product=tru-ball-bandit-release-mit-klettverschluss-farbe-camo","title":{"rendered":"TRU BALL Bandit &#8211; Release mit Klettverschluss  Farbe: Camo"},"content":{"rendered":"<p><strong>TRU BALL Bandit &#8211; Release<\/strong><\/p>\n<p>Das TRU BALL\u00a0Bandit Release verf\u00fcgt \u00fcber eine Seilverbindung zwischen der Handgelenksschlaufe und dem Releasekopf, die mit wetterbest\u00e4ndigem, flexiblem Schlauchmaterial \u00fcberzogen ist. Dieser \u00dcberzug sch\u00fctzt die Verbindung nicht nur vor ung\u00fcnstigen Wetterbedinungen, sondern verhindert auch ein Verdrehen der Seilverbindung. Das Release ist damit schneller einsatzbereit und die Zeiten der verdrehten B\u00e4nder sind vorbei. Die L\u00e4nge der Seilverbindung l\u00e4sst sich mit Hilfe des Red Rope Connectors einfach einstellen und fixieren.<\/p>\n<p><strong>Eigenschaften:<\/strong><\/p>\n<ul>\n<li>Seilverbindung mit wasserdichter, flexibler Schlauchabdeckung<\/li>\n<li>Red Rope\u00a0Connection System zur einfachen Anpassung der L\u00e4nge<\/li>\n<li>Stufenlos einstellbare Auszugsl\u00e4nge<\/li>\n<li>Geschlossene Zange f\u00fcr einen sicheren Halt der Sehne<\/li>\n<li>Klett- oder Schnallenverschluss<\/li>\n<li>Kleiner, eloxierter\u00a0Releasekopf<\/li>\n<li>Kompakte Form &#8211; Einfach\u00a0verstaubar<\/li>\n<\/ul>\n<p><strong>Modelle:<\/strong><\/p>\n<ul>\n<li>Schnallenverschluss: Handgelenkschlaufe aus schwarzem Leder<\/li>\n<li>Klettverschluss: Handgelenkschlaufe aus camofarbenem Nylon<\/li>\n<\/ul>\n<p>&nbsp;<\/p>\n<p>Lieferumfang:<br \/>\n1 St\u00fcck<\/p>\n","protected":false},"excerpt":{"rendered":"<p>Release Tru Ball Bandit camo<\/p>\n","protected":false},"featured_media":3490,"comment_status":"open","ping_status":"closed","template":"","meta":[],"product_brand":[],"product_cat":[1504,909],"product_tag":[77,233,1001,1002,1004],"class_list":{"0":"post-3489","1":"product","2":"type-product","3":"status-publish","4":"has-post-thumbnail","6":"product_cat-sommerschlussverkauf","7":"product_cat-release","8":"product_tag-release","9":"product_tag-camo","10":"product_tag-zangenrelease","11":"product_tag-tru-ball","12":"product_tag-bandit","14":"first","15":"instock","16":"taxable","17":"shipping-taxable","18":"purchasable","19":"product-type-simple"},"_links":{"self":[{"href":"https:\/\/shop.xn--altmhl-bogensport-52b.de\/index.php?rest_route=\/wp\/v2\/product\/3489","targetHints":{"allow":["GET"]}}],"collection":[{"href":"https:\/\/shop.xn--altmhl-bogensport-52b.de\/index.php?rest_route=\/wp\/v2\/product"}],"about":[{"href":"https:\/\/shop.xn--altmhl-bogensport-52b.de\/index.php?rest_route=\/wp\/v2\/types\/product"}],"replies":[{"embeddable":true,"href":"https:\/\/shop.xn--altmhl-bogensport-52b.de\/index.php?rest_route=%2Fwp%2Fv2%2Fcomments&post=3489"}],"wp:featuredmedia":[{"embeddable":true,"href":"https:\/\/shop.xn--altmhl-bogensport-52b.de\/index.php?rest_route=\/wp\/v2\/media\/3490"}],"wp:attachment":[{"href":"https:\/\/shop.xn--altmhl-bogensport-52b.de\/index.php?rest_route=%2Fwp%2Fv2%2Fmedia&parent=3489"}],"wp:term":[{"taxonomy":"product_brand","embeddable":true,"href":"https:\/\/shop.xn--altmhl-bogensport-52b.de\/index.php?rest_route=%2Fwp%2Fv2%2Fproduct_brand&post=3489"},{"taxonomy":"product_cat","embeddable":true,"href":"https:\/\/shop.xn--altmhl-bogensport-52b.de\/index.php?rest_route=%2Fwp%2Fv2%2Fproduct_cat&post=3489"},{"taxonomy":"product_tag","embeddable":true,"href":"https:\/\/shop.xn--altmhl-bogensport-52b.de\/index.php?rest_route=%2Fwp%2Fv2%2Fproduct_tag&post=3489"}],"curies":[{"name":"wp","href":"https:\/\/api.w.org\/{rel}","templated":true}]}}