{"id":3415,"date":"2022-01-09T18:30:47","date_gmt":"2022-01-09T18:30:47","guid":{"rendered":"https:\/\/shop.xn--altmhl-bogensport-52b.de\/?post_type=product&#038;p=3415"},"modified":"2025-06-25T14:33:50","modified_gmt":"2025-06-25T14:33:50","slug":"3di-pandora-wolpertinger","status":"publish","type":"product","link":"https:\/\/shop.xn--altmhl-bogensport-52b.de\/?product=3di-pandora-wolpertinger","title":{"rendered":"3Di Pandora Wolpertinger"},"content":{"rendered":"<p><strong>3Di Pandora Wolpertinger<\/strong><\/p>\n<p>Der Wolpertinger, das geheimnisvolle Mischwesen, jetzt auch als 3D-Tier f\u00fcr den heimischen Parcours. Und als ob der Wolpertinger nicht schon sagenumwoben genug w\u00e4re, bietet ihn 3Di auch in der Pandora Version an.<\/p>\n<p>Pandora &#8211; Eine fantastische Welt mit au\u00dfergew\u00f6hnlichen Lebewesen und kraftvollen Farben! Aus dieser Idee hat 3Di eine kleine Welt von Tieren erschaffen, die in auff\u00e4lligem Blau gestaltet sind und auf jedem Parcours auffallen und wie nicht von dieser Welt wirken.<\/p>\n<p>&nbsp;<\/p>\n<p><strong>Technische Daten:<\/strong><br \/>\nH\u00f6he: 46cm<br \/>\nBreite: 17cm<br \/>\nGewicht: 1,2kg<\/p>\n<p>IFAA-Gruppe: 4<br \/>\nAnzahl der Ringe: 3<\/p>\n<p>&nbsp;<\/p>\n<p>&nbsp;<\/p>\n<p><strong>Lieferumfang:<\/strong><br \/>\n1 St\u00fcck<\/p>\n","protected":false},"excerpt":{"rendered":"<p>Wolpertinger Pandora<\/p>\n","protected":false},"featured_media":3416,"comment_status":"open","ping_status":"closed","template":"","meta":[],"product_brand":[],"product_cat":[631,224],"product_tag":[226,797,970,971,972],"class_list":{"0":"post-3415","1":"product","2":"type-product","3":"status-publish","4":"has-post-thumbnail","6":"product_cat-zubehoer-kids","7":"product_cat-srt-targets","8":"product_tag-srt","9":"product_tag-3d-parcours","10":"product_tag-3d-international","11":"product_tag-wolpertinger","12":"product_tag-pandora","14":"first","15":"instock","16":"taxable","17":"shipping-taxable","18":"purchasable","19":"product-type-simple"},"_links":{"self":[{"href":"https:\/\/shop.xn--altmhl-bogensport-52b.de\/index.php?rest_route=\/wp\/v2\/product\/3415","targetHints":{"allow":["GET"]}}],"collection":[{"href":"https:\/\/shop.xn--altmhl-bogensport-52b.de\/index.php?rest_route=\/wp\/v2\/product"}],"about":[{"href":"https:\/\/shop.xn--altmhl-bogensport-52b.de\/index.php?rest_route=\/wp\/v2\/types\/product"}],"replies":[{"embeddable":true,"href":"https:\/\/shop.xn--altmhl-bogensport-52b.de\/index.php?rest_route=%2Fwp%2Fv2%2Fcomments&post=3415"}],"wp:featuredmedia":[{"embeddable":true,"href":"https:\/\/shop.xn--altmhl-bogensport-52b.de\/index.php?rest_route=\/wp\/v2\/media\/3416"}],"wp:attachment":[{"href":"https:\/\/shop.xn--altmhl-bogensport-52b.de\/index.php?rest_route=%2Fwp%2Fv2%2Fmedia&parent=3415"}],"wp:term":[{"taxonomy":"product_brand","embeddable":true,"href":"https:\/\/shop.xn--altmhl-bogensport-52b.de\/index.php?rest_route=%2Fwp%2Fv2%2Fproduct_brand&post=3415"},{"taxonomy":"product_cat","embeddable":true,"href":"https:\/\/shop.xn--altmhl-bogensport-52b.de\/index.php?rest_route=%2Fwp%2Fv2%2Fproduct_cat&post=3415"},{"taxonomy":"product_tag","embeddable":true,"href":"https:\/\/shop.xn--altmhl-bogensport-52b.de\/index.php?rest_route=%2Fwp%2Fv2%2Fproduct_tag&post=3415"}],"curies":[{"name":"wp","href":"https:\/\/api.w.org\/{rel}","templated":true}]}}