{"id":3406,"date":"2022-01-09T17:42:13","date_gmt":"2022-01-09T17:42:13","guid":{"rendered":"https:\/\/shop.xn--altmhl-bogensport-52b.de\/?post_type=product&#038;p=3406"},"modified":"2025-01-05T10:25:46","modified_gmt":"2025-01-05T10:25:46","slug":"avalon-a%c2%b3-magnetic-bogenstaender","status":"publish","type":"product","link":"https:\/\/shop.xn--altmhl-bogensport-52b.de\/?product=avalon-a%c2%b3-magnetic-bogenstaender","title":{"rendered":"AVALON A\u00b3 Magnetic &#8211; Bogenst\u00e4nder"},"content":{"rendered":"<p><strong>Avalon A3 &#8211; Bogenst\u00e4nder<\/strong><\/p>\n<p>Mit nur 150g Gewicht sehr leichter Bogenst\u00e4nder aus Aluminium. Besonders praktisch am AVALON A\u00b3 sind die\u00a0einzelnen Beine, denn diese m\u00fcssen zur Montage nicht eingeschraubt werden, sondern werden einfach \u00fcber Magneten in ihren Halterungen gehalten. Die Sehnenhalterung ist h\u00f6henverstellbar.<\/p>\n<p><strong>Technische Daten:<br \/>\n<\/strong>H\u00f6he: 36 cm<br \/>\nGewicht: 150g<\/p>\n<p><strong>Erh\u00e4ltlich in\u00a06 Farben:<\/strong><br \/>\nschwarz, blau, gold, gr\u00fcn, pink, rot<\/p>\n<p><strong>Lieferumfang:<br \/>\n<\/strong>1 St\u00fcck<\/p>\n<p>&nbsp;<\/p>\n<p><strong>Herstellername:<\/strong><br \/>\nS.S.A. Sporting Goods NV<br \/>\n<strong>Anschrift:<\/strong><br \/>\nJohn Cordierlaan 15, 8400 Ostende<br \/>\n<strong>Herkunftsland:<\/strong><br \/>\nBelgien<br \/>\n<strong>Webseite:<\/strong><br \/>\nhttps:\/\/www.ssa-archery.com\/de-de\/<br \/>\n<strong>Kontakt:<\/strong><br \/>\nhttps:\/\/www.ssa-archery.com\/de-de\/contact-us<br \/>\n<strong>Marke:<\/strong><br \/>\nAvalon<\/p>\n","protected":false},"excerpt":{"rendered":"<p>Bogenst\u00e4nder Avalon<\/p>\n","protected":false},"featured_media":3407,"comment_status":"open","ping_status":"closed","template":"","meta":[],"product_brand":[],"product_cat":[192,28],"product_tag":[46,969,167,24,967,968],"class_list":{"0":"post-3406","1":"product","2":"type-product","3":"status-publish","4":"has-post-thumbnail","6":"product_cat-werkzeug","7":"product_cat-sonstiges","8":"product_tag-recurve","9":"product_tag-3-bein","10":"product_tag-bogenstaender","11":"product_tag-avalon","12":"product_tag-bowstand","13":"product_tag-magnetic","15":"first","16":"outofstock","17":"taxable","18":"shipping-taxable","19":"purchasable","20":"product-type-variable"},"_links":{"self":[{"href":"https:\/\/shop.xn--altmhl-bogensport-52b.de\/index.php?rest_route=\/wp\/v2\/product\/3406","targetHints":{"allow":["GET"]}}],"collection":[{"href":"https:\/\/shop.xn--altmhl-bogensport-52b.de\/index.php?rest_route=\/wp\/v2\/product"}],"about":[{"href":"https:\/\/shop.xn--altmhl-bogensport-52b.de\/index.php?rest_route=\/wp\/v2\/types\/product"}],"replies":[{"embeddable":true,"href":"https:\/\/shop.xn--altmhl-bogensport-52b.de\/index.php?rest_route=%2Fwp%2Fv2%2Fcomments&post=3406"}],"wp:featuredmedia":[{"embeddable":true,"href":"https:\/\/shop.xn--altmhl-bogensport-52b.de\/index.php?rest_route=\/wp\/v2\/media\/3407"}],"wp:attachment":[{"href":"https:\/\/shop.xn--altmhl-bogensport-52b.de\/index.php?rest_route=%2Fwp%2Fv2%2Fmedia&parent=3406"}],"wp:term":[{"taxonomy":"product_brand","embeddable":true,"href":"https:\/\/shop.xn--altmhl-bogensport-52b.de\/index.php?rest_route=%2Fwp%2Fv2%2Fproduct_brand&post=3406"},{"taxonomy":"product_cat","embeddable":true,"href":"https:\/\/shop.xn--altmhl-bogensport-52b.de\/index.php?rest_route=%2Fwp%2Fv2%2Fproduct_cat&post=3406"},{"taxonomy":"product_tag","embeddable":true,"href":"https:\/\/shop.xn--altmhl-bogensport-52b.de\/index.php?rest_route=%2Fwp%2Fv2%2Fproduct_tag&post=3406"}],"curies":[{"name":"wp","href":"https:\/\/api.w.org\/{rel}","templated":true}]}}