{"id":3394,"date":"2022-01-07T18:04:19","date_gmt":"2022-01-07T18:04:19","guid":{"rendered":"https:\/\/shop.xn--altmhl-bogensport-52b.de\/?post_type=product&#038;p=3394"},"modified":"2025-05-04T09:10:05","modified_gmt":"2025-05-04T09:10:05","slug":"white-feather-oriole-mittelteil-ilf-19","status":"publish","type":"product","link":"https:\/\/shop.xn--altmhl-bogensport-52b.de\/?product=white-feather-oriole-mittelteil-ilf-19","title":{"rendered":"WHITE FEATHER Oriole Mittelteil ILF 19&#8243;"},"content":{"rendered":"<h3>WHITE FEATHER Oriole Mittelteil ILF 19&#8243;<\/h3>\n<p>&nbsp;<\/p>\n<p>Das WHITE FEATHER &#8220;Oriole&#8221; Griffst\u00fcck wird durch das verschieden farbige Actionwood (Holzverbundwerkstoff) ein besonderes Griffst\u00fcck. Die Farbgebung\u00a0 ist durch 2 helle Kontraststreifen unterbrochen und f\u00e4ngt den Blick des Betrachters immer wieder ein! Das Griffst\u00fcck bleibt \u00fcber l\u00e4ngeren Zeitraum ein echter Eyecatcher an dem sich nicht schnell sattgesehen wird.<\/p>\n<p>Das Actionwood besteht aus mehreren Lagen Holz und Epoxidharz und ist somit sehr stabil und zugleich schwingungsd\u00e4mpfend.<\/p>\n<p>Durch die ILF ( international limb fitting ) Wurfarmaufnahmen kann das Mittelteil vielseitig kombiniert werden. Verschiedene Wurfarmeinstellungen bieten die M\u00f6glichkeit die Wurfarme nach der Pr\u00e4ferenz des Sch\u00fctzen auszurichten und einzustellen.<\/p>\n<p>&nbsp;<\/p>\n<p>Empfehlung:\u00a0Das Griffst\u00fcck nur mit Wurfarmen bis zu einem Auszugsgewicht von 55lbs. kombinieren, um Sch\u00e4den zu vermeiden.<\/p>\n<p>&nbsp;<\/p>\n<h3>Alle wichtigen Informationen auf einen Blick:<\/h3>\n<ul>\n<li>L\u00e4nge: 19&#8243;<\/li>\n<li>Gewicht: ca. 800g<\/li>\n<li>Material: Actionwood (Holzverbundwerkstoff)<\/li>\n<li>Farbe: orange mit 2 Kontraststreifen<\/li>\n<li>Kompabilit\u00e4t: Standard ILF<\/li>\n<li>Griffst\u00fcck in RH und LH* erh\u00e4ltlich<\/li>\n<\/ul>\n<table class=\"table table-sm\">\n<tbody>\n<tr class=\"attr-custom\">\n<td><b>Herstellerangaben<\/b>:<\/td>\n<td class=\"attr-value\"><strong>Herstellername:<\/strong><br \/>\nHoneysuckle Woodworks and Farms, LLC<br \/>\n<strong>Anschrift:<\/strong><br \/>\n2641 Morgans Fork Rd, Waverly, OH 45690, USA<br \/>\n<strong>Webseite:<\/strong><br \/>\nhttps:\/\/www.whitefeatherarchery.com\/home<br \/>\n<strong>Kontakt:<\/strong><br \/>\nWhiteFeatherArchery@gmail.com<br \/>\n<strong>Marke:<\/strong><br \/>\nWhite Feather<\/td>\n<\/tr>\n<tr class=\"attr-custom\">\n<td><b>Verantwortliche Person<\/b>:<\/td>\n<td class=\"attr-value\"><strong>verantwortliche Person:<\/strong><br \/>\nJVD Group B.V.<br \/>\n<strong>Anschrift:<\/strong><br \/>\nLooier 9, 5253 RA Nieuwkuijk<br \/>\n<strong>Herkunftsland:<\/strong><br \/>\nNiederlande<br \/>\n<strong>Kontakt:<\/strong><br \/>\ncontact@jvd-group.com<\/td>\n<\/tr>\n<\/tbody>\n<\/table>\n","protected":false},"excerpt":{"rendered":"<p>Oriole ILF Handle<\/p>\n","protected":false},"featured_media":3399,"comment_status":"open","ping_status":"closed","template":"","meta":[],"product_brand":[],"product_cat":[658],"product_tag":[104,184,185,187,965],"class_list":{"0":"post-3394","1":"product","2":"type-product","3":"status-publish","4":"has-post-thumbnail","6":"product_cat-griffstueck-ilf","7":"product_tag-white-feather","8":"product_tag-mittelteil","9":"product_tag-griffstueck","10":"product_tag-ilf","11":"product_tag-oriole","13":"first","14":"onbackorder","15":"sale","16":"taxable","17":"shipping-taxable","18":"purchasable","19":"product-type-variable"},"_links":{"self":[{"href":"https:\/\/shop.xn--altmhl-bogensport-52b.de\/index.php?rest_route=\/wp\/v2\/product\/3394","targetHints":{"allow":["GET"]}}],"collection":[{"href":"https:\/\/shop.xn--altmhl-bogensport-52b.de\/index.php?rest_route=\/wp\/v2\/product"}],"about":[{"href":"https:\/\/shop.xn--altmhl-bogensport-52b.de\/index.php?rest_route=\/wp\/v2\/types\/product"}],"replies":[{"embeddable":true,"href":"https:\/\/shop.xn--altmhl-bogensport-52b.de\/index.php?rest_route=%2Fwp%2Fv2%2Fcomments&post=3394"}],"wp:featuredmedia":[{"embeddable":true,"href":"https:\/\/shop.xn--altmhl-bogensport-52b.de\/index.php?rest_route=\/wp\/v2\/media\/3399"}],"wp:attachment":[{"href":"https:\/\/shop.xn--altmhl-bogensport-52b.de\/index.php?rest_route=%2Fwp%2Fv2%2Fmedia&parent=3394"}],"wp:term":[{"taxonomy":"product_brand","embeddable":true,"href":"https:\/\/shop.xn--altmhl-bogensport-52b.de\/index.php?rest_route=%2Fwp%2Fv2%2Fproduct_brand&post=3394"},{"taxonomy":"product_cat","embeddable":true,"href":"https:\/\/shop.xn--altmhl-bogensport-52b.de\/index.php?rest_route=%2Fwp%2Fv2%2Fproduct_cat&post=3394"},{"taxonomy":"product_tag","embeddable":true,"href":"https:\/\/shop.xn--altmhl-bogensport-52b.de\/index.php?rest_route=%2Fwp%2Fv2%2Fproduct_tag&post=3394"}],"curies":[{"name":"wp","href":"https:\/\/api.w.org\/{rel}","templated":true}]}}