{"id":3380,"date":"2022-01-06T17:43:05","date_gmt":"2022-01-06T17:43:05","guid":{"rendered":"https:\/\/shop.xn--altmhl-bogensport-52b.de\/?post_type=product&#038;p=3380"},"modified":"2024-04-29T17:25:42","modified_gmt":"2024-04-29T17:25:42","slug":"guerteltasche-broesel-premium-class","status":"publish","type":"product","link":"https:\/\/shop.xn--altmhl-bogensport-52b.de\/?product=guerteltasche-broesel-premium-class","title":{"rendered":"G\u00fcrteltasche Br\u00f6sel Premium Class"},"content":{"rendered":"<h1>G\u00fcrteltasche Br\u00f6sel Premium Class<\/h1>\n<p>Mit dieser praktischen G\u00fcrteltasche hat man eine praktische Aufbewahrungsm\u00f6glichkeit f\u00fcr das\u00a0<strong>Handy<\/strong>, <strong>Feuerzeug<\/strong>\u00a0etc.<\/p>\n<p>Da kommt doch die\u00a0<strong>G\u00fcrteltasche<\/strong>\u00a0<strong>Br\u00f6sel\u00a0<\/strong>gerade recht und sie darf an keinem <strong>G\u00fcrtel\u00a0<\/strong>fehlen.<\/p>\n<p>Die praktische G\u00fcrteltasche\u00a0<strong>Br\u00f6sel<\/strong> leistet nicht nur beim\u00a0<strong>Bogenschiessen<\/strong>\u00a0gute Dienste, sondern auch bei anderen Gelegenheiten.\u00a0<strong>Br\u00f6sel<\/strong>\u00a0ist selbstverst\u00e4ndlich aus\u00a0<strong>Leder<\/strong>\u00a0der\u00a0<strong>Premium<\/strong>\u00a0Qualit\u00e4t angefertigt und ist mit einem Hornknopf ausgestattet &#8211; f\u00fcr Br\u00f6sel ist uns nichts zu schade.<\/p>\n<p>Ma\u00dfe: 17 x 16,5 x 7 cm<\/p>\n<p>Achtung: Leder ist ein Naturprodukt, daher kann es zu Farbabweichungen kommen.<\/p>\n<p>Auch wunderbar f\u00fcr das Mittelalter \/ Lagerleben zu verwenden.<\/p>\n<p>Lieferung erfolgt OHNE den abgebildeten K\u00f6cher.<\/p>\n","protected":false},"excerpt":{"rendered":"<p>Leder G\u00fcrteltasche Premium<\/p>\n","protected":false},"featured_media":3381,"comment_status":"open","ping_status":"closed","template":"","meta":[],"product_brand":[],"product_cat":[75,462,726],"product_tag":[962,963,964,76,594],"class_list":{"0":"post-3380","1":"product","2":"type-product","3":"status-publish","4":"has-post-thumbnail","6":"product_cat-guerteltaschen","7":"product_cat-guerteltaschen-taschen","8":"product_cat-lagerleben","9":"product_tag-ledertasche","10":"product_tag-broesel","11":"product_tag-premium","12":"product_tag-guerteltasche","13":"product_tag-bybeier","15":"first","16":"instock","17":"taxable","18":"shipping-taxable","19":"purchasable","20":"product-type-simple"},"_links":{"self":[{"href":"https:\/\/shop.xn--altmhl-bogensport-52b.de\/index.php?rest_route=\/wp\/v2\/product\/3380","targetHints":{"allow":["GET"]}}],"collection":[{"href":"https:\/\/shop.xn--altmhl-bogensport-52b.de\/index.php?rest_route=\/wp\/v2\/product"}],"about":[{"href":"https:\/\/shop.xn--altmhl-bogensport-52b.de\/index.php?rest_route=\/wp\/v2\/types\/product"}],"replies":[{"embeddable":true,"href":"https:\/\/shop.xn--altmhl-bogensport-52b.de\/index.php?rest_route=%2Fwp%2Fv2%2Fcomments&post=3380"}],"wp:featuredmedia":[{"embeddable":true,"href":"https:\/\/shop.xn--altmhl-bogensport-52b.de\/index.php?rest_route=\/wp\/v2\/media\/3381"}],"wp:attachment":[{"href":"https:\/\/shop.xn--altmhl-bogensport-52b.de\/index.php?rest_route=%2Fwp%2Fv2%2Fmedia&parent=3380"}],"wp:term":[{"taxonomy":"product_brand","embeddable":true,"href":"https:\/\/shop.xn--altmhl-bogensport-52b.de\/index.php?rest_route=%2Fwp%2Fv2%2Fproduct_brand&post=3380"},{"taxonomy":"product_cat","embeddable":true,"href":"https:\/\/shop.xn--altmhl-bogensport-52b.de\/index.php?rest_route=%2Fwp%2Fv2%2Fproduct_cat&post=3380"},{"taxonomy":"product_tag","embeddable":true,"href":"https:\/\/shop.xn--altmhl-bogensport-52b.de\/index.php?rest_route=%2Fwp%2Fv2%2Fproduct_tag&post=3380"}],"curies":[{"name":"wp","href":"https:\/\/api.w.org\/{rel}","templated":true}]}}