{"id":3371,"date":"2022-01-06T08:19:54","date_gmt":"2022-01-06T08:19:54","guid":{"rendered":"https:\/\/shop.xn--altmhl-bogensport-52b.de\/?post_type=product&#038;p=3371"},"modified":"2024-12-29T16:19:53","modified_gmt":"2024-12-29T16:19:53","slug":"outdoor-gamaschen-antur","status":"publish","type":"product","link":"https:\/\/shop.xn--altmhl-bogensport-52b.de\/?product=outdoor-gamaschen-antur","title":{"rendered":"Outdoor Gamaschen Antur"},"content":{"rendered":"<p>Die Outdoor Gamaschen aus rei\u00dffestem, wasserabweisendem Gewebestoff sind der perfekte Begleiter f\u00fcr Schlechtwetter oder Schnee im Gel\u00e4nde.<\/p>\n<p>Sie lassen sich dank Klettverschluss schnell und einfach anziehen und mittels Zipverschluss und Riemen auf die gew\u00fcnschte Gr\u00f6\u00dfe einstellen. F\u00fcr Erwachsene sowie Kinder geeignet.<\/p>\n<ul>\n<li>Material: Textilgewebe<\/li>\n<li>Gr\u00f6\u00dfe: Einheitsgr\u00f6\u00dfe<\/li>\n<li>Umfang: ca. 46 cm<\/li>\n<li>Gewicht: 80 g<\/li>\n<\/ul>\n<p><big>Eigenschaften<\/big><\/p>\n<ul>\n<li>rei\u00dffest<\/li>\n<li>wasserdicht<\/li>\n<li>schmutzabweisend<\/li>\n<\/ul>\n<p><big>Vielseitig einsetzbar zum<\/big><\/p>\n<ul>\n<li>klettern<\/li>\n<li>wandern<\/li>\n<li>bergsteigen<\/li>\n<li>jagen<\/li>\n<li>walken<\/li>\n<li>spazieren gehen im Wald<\/li>\n<li>UND VORALLEM WICHTIG F\u00dcR BOGENSCH\u00dcTZEN, die gerne im Winter oder bei Schlechtwetter auf den Parcours gehen!<\/li>\n<\/ul>\n<p><big>Farben<\/big><\/p>\n<ul>\n<li>schwarz<\/li>\n<li>blau<\/li>\n<\/ul>\n<h3>KEIN SCHMUTZ ODER NASSE F\u00dcSSE MEHR BEI REGEN UND SCHNEE<\/h3>\n<p>&nbsp;<\/p>\n<p><strong>Herstellername:<\/strong><br \/>\nBSW Handels GmbH<br \/>\n<strong>Anschrift:<\/strong><br \/>\nDemminer Strasse 32, 17389 Anklam<br \/>\n<strong>Herkunftsland:<\/strong><br \/>\nDeutschland<br \/>\n<strong>Webseite:<\/strong><br \/>\nhttps:\/\/anturbows.com\/<br \/>\n<strong>Kontakt:<\/strong><br \/>\ninfo@anturbows.com<br \/>\n<strong>Marke:<\/strong><br \/>\nAntur Archery<\/p>\n<p>&nbsp;<\/p>\n","protected":false},"excerpt":{"rendered":"<p>Outdoor Gamaschen<\/p>\n","protected":false},"featured_media":3372,"comment_status":"open","ping_status":"closed","template":"","meta":[],"product_brand":[],"product_cat":[28,548],"product_tag":[960,961,50,959],"class_list":{"0":"post-3371","1":"product","2":"type-product","3":"status-publish","4":"has-post-thumbnail","6":"product_cat-sonstiges","7":"product_cat-outdoor-artikel","8":"product_tag-gaiters","9":"product_tag-wasserdicht","10":"product_tag-antur","11":"product_tag-gamaschen","13":"first","14":"instock","15":"taxable","16":"shipping-taxable","17":"purchasable","18":"product-type-variable"},"_links":{"self":[{"href":"https:\/\/shop.xn--altmhl-bogensport-52b.de\/index.php?rest_route=\/wp\/v2\/product\/3371","targetHints":{"allow":["GET"]}}],"collection":[{"href":"https:\/\/shop.xn--altmhl-bogensport-52b.de\/index.php?rest_route=\/wp\/v2\/product"}],"about":[{"href":"https:\/\/shop.xn--altmhl-bogensport-52b.de\/index.php?rest_route=\/wp\/v2\/types\/product"}],"replies":[{"embeddable":true,"href":"https:\/\/shop.xn--altmhl-bogensport-52b.de\/index.php?rest_route=%2Fwp%2Fv2%2Fcomments&post=3371"}],"wp:featuredmedia":[{"embeddable":true,"href":"https:\/\/shop.xn--altmhl-bogensport-52b.de\/index.php?rest_route=\/wp\/v2\/media\/3372"}],"wp:attachment":[{"href":"https:\/\/shop.xn--altmhl-bogensport-52b.de\/index.php?rest_route=%2Fwp%2Fv2%2Fmedia&parent=3371"}],"wp:term":[{"taxonomy":"product_brand","embeddable":true,"href":"https:\/\/shop.xn--altmhl-bogensport-52b.de\/index.php?rest_route=%2Fwp%2Fv2%2Fproduct_brand&post=3371"},{"taxonomy":"product_cat","embeddable":true,"href":"https:\/\/shop.xn--altmhl-bogensport-52b.de\/index.php?rest_route=%2Fwp%2Fv2%2Fproduct_cat&post=3371"},{"taxonomy":"product_tag","embeddable":true,"href":"https:\/\/shop.xn--altmhl-bogensport-52b.de\/index.php?rest_route=%2Fwp%2Fv2%2Fproduct_tag&post=3371"}],"curies":[{"name":"wp","href":"https:\/\/api.w.org\/{rel}","templated":true}]}}