{"id":3351,"date":"2022-01-04T09:32:17","date_gmt":"2022-01-04T09:32:17","guid":{"rendered":"https:\/\/shop.xn--altmhl-bogensport-52b.de\/?post_type=product&#038;p=3351"},"modified":"2025-01-08T18:00:46","modified_gmt":"2025-01-08T18:00:46","slug":"fertigpfeil-penthalon-traditional-black-spine-600-naturfedern","status":"publish","type":"product","link":"https:\/\/shop.xn--altmhl-bogensport-52b.de\/?product=fertigpfeil-penthalon-traditional-black-spine-600-naturfedern","title":{"rendered":"Fertigpfeil Penthalon Traditional Black Spine 600 Naturfedern"},"content":{"rendered":"<p>F\u00fcr den Standard Carbonpfeil Traditional Black dient unser Penthaloln Carbonschaft Penthalon Traditional Black als wichtigste Grundlage.<\/p>\n<p>Wir achten auch beim Bau unserer Standardpfeile darauf, da\u00df die Pfeile mit gr\u00f6\u00dft m\u00f6glicher Sorgfalt f\u00fcr Sie angefertigt werden. Schlie\u00dflich ist der Pfeil eine wichtige Grundlage f\u00fcr den erfolgreichen Schu\u00df.<\/p>\n<p>Es ist ebenso wichtig, einen preiswerten Carbonpfeil mit guten Eigenschaften anzubieten. Dieser Carbonpfeil Penthalon Traditional Black ist mit unseren hochwertigen und sch\u00f6nen Naturfedern befiedert. Damit kann dieser Pfeil uneingeschr\u00e4nkt f\u00fcr alle Bogenarten verwendet werden.<\/p>\n<ul>\n<li>Verf\u00fcgbare Spinewerte:\u00a0 600<\/li>\n<li>Rundlauf: 006<\/li>\n<li>Qualit\u00e4t: 100% Carbon<\/li>\n<li>Optik: Carbon schwarz<\/li>\n<li>Schaftl\u00e4nge 32 Zoll, wird auf Kundenwunsch gek\u00fcrzt<\/li>\n<li>Befiederung: Bearpaw Naturfedern 4&#8243; shield weis, 2x rot<\/li>\n<li>Lieferumfang: Komplett befiedert, Penthalon Speed Nocke weis,<\/li>\n<li>Insert + Protectorring verklebt<\/li>\n<li>Schraubspitze Bearpaw Edelstahl 85gr, 100gr oder 125gr w\u00e4hlbar.<\/li>\n<\/ul>\n<p><b>F\u00fcr genauere Infos \u00fcber diese Pfeile dr\u00fccken Sie bitte den nachfolgenden Button<\/b><\/p>\n<p><a class=\"myButton\" href=\"http:\/\/download.bearpaw-blog.com\/wp-content\/uploads\/dateien\/penthalon-black-feathers-data-file-web.jpg\" target=\"_blank\" rel=\"noreferrer noopener\">Infos Penthalon Traditional Black<\/a><\/p>\n<p>Diese Pfeile sind normalerweise innerhalb 3-7 Tagen lieferbar.<\/p>\n<p>&nbsp;<\/p>\n<table class=\"table table-sm\">\n<tbody>\n<tr class=\"attr-custom\">\n<td class=\"attr-value\"><strong>Herstellername:<\/strong><br \/>\nBEARPAW GmbH<br \/>\n<strong>Anschrift:<\/strong><br \/>\nHannebach 30, 96269 Rossach<br \/>\n<strong>Herkunftsland:<\/strong><br \/>\nDeutschland<br \/>\n<strong>Webseite:<\/strong><br \/>\nhttps:\/\/www.bearpaw-products.de\/<br \/>\n<strong>Kontakt:<\/strong><br \/>\ninfo@bearpaw-products.com<br \/>\n<strong>Marke:<\/strong><br \/>\nBearpaw Products<\/td>\n<\/tr>\n<\/tbody>\n<\/table>\n<p>&nbsp;<\/p>\n","protected":false},"excerpt":{"rendered":"<p>Fertigpfeil Penthalon Traditonal Black 600<\/p>\n","protected":false},"featured_media":3327,"comment_status":"open","ping_status":"closed","template":"","meta":[],"product_brand":[],"product_cat":[86,946],"product_tag":[125,543,947,30],"class_list":{"0":"post-3351","1":"product","2":"type-product","3":"status-publish","4":"has-post-thumbnail","6":"product_cat-carbonpfeil","7":"product_cat-custompfeil-sonderanfertigung","8":"product_tag-penthalon-traditional-black","9":"product_tag-fertigpfeil","10":"product_tag-custompfeil","11":"product_tag-bearpaw","13":"first","14":"onbackorder","15":"taxable","16":"shipping-taxable","17":"purchasable","18":"product-type-variable"},"_links":{"self":[{"href":"https:\/\/shop.xn--altmhl-bogensport-52b.de\/index.php?rest_route=\/wp\/v2\/product\/3351","targetHints":{"allow":["GET"]}}],"collection":[{"href":"https:\/\/shop.xn--altmhl-bogensport-52b.de\/index.php?rest_route=\/wp\/v2\/product"}],"about":[{"href":"https:\/\/shop.xn--altmhl-bogensport-52b.de\/index.php?rest_route=\/wp\/v2\/types\/product"}],"replies":[{"embeddable":true,"href":"https:\/\/shop.xn--altmhl-bogensport-52b.de\/index.php?rest_route=%2Fwp%2Fv2%2Fcomments&post=3351"}],"wp:featuredmedia":[{"embeddable":true,"href":"https:\/\/shop.xn--altmhl-bogensport-52b.de\/index.php?rest_route=\/wp\/v2\/media\/3327"}],"wp:attachment":[{"href":"https:\/\/shop.xn--altmhl-bogensport-52b.de\/index.php?rest_route=%2Fwp%2Fv2%2Fmedia&parent=3351"}],"wp:term":[{"taxonomy":"product_brand","embeddable":true,"href":"https:\/\/shop.xn--altmhl-bogensport-52b.de\/index.php?rest_route=%2Fwp%2Fv2%2Fproduct_brand&post=3351"},{"taxonomy":"product_cat","embeddable":true,"href":"https:\/\/shop.xn--altmhl-bogensport-52b.de\/index.php?rest_route=%2Fwp%2Fv2%2Fproduct_cat&post=3351"},{"taxonomy":"product_tag","embeddable":true,"href":"https:\/\/shop.xn--altmhl-bogensport-52b.de\/index.php?rest_route=%2Fwp%2Fv2%2Fproduct_tag&post=3351"}],"curies":[{"name":"wp","href":"https:\/\/api.w.org\/{rel}","templated":true}]}}