{"id":3316,"date":"2022-01-02T17:20:59","date_gmt":"2022-01-02T17:20:59","guid":{"rendered":"https:\/\/shop.xn--altmhl-bogensport-52b.de\/?post_type=product&#038;p=3316"},"modified":"2025-09-26T13:32:57","modified_gmt":"2025-09-26T13:32:57","slug":"carbonpfeil-goldtip-warrior-mit-4-naturbefiederung","status":"publish","type":"product","link":"https:\/\/shop.xn--altmhl-bogensport-52b.de\/?product=carbonpfeil-goldtip-warrior-mit-4-naturbefiederung","title":{"rendered":"Carbonpfeil &#8220;Goldtip Warrior&#8221; mit 4&#8243; Naturbefiederung"},"content":{"rendered":"<p>Ein 100% Carbonschaft von GoldTip zum unschlagbaren Preis. Das Carbon ist Kreuzgewickelt.<\/p>\n<p>Fertigpfeil aus unserem Pfeilbau.<\/p>\n<p>Der Pfeil wird mit einem Accu Light Insert und einer Push In Nock ( Farbe weis)\u00a0 geliefert, und einer 100gr Spitze.<\/p>\n<p>Die Befiederung ist 4&#8243; Natur in shield Form. Eine Federfarbe ist nicht w\u00e4hlbar in dieser Ausf\u00fchrung.<\/p>\n<p>Eine Auswahl der Nockfarbe ist nicht m\u00f6glich. Wenn Sie eine spezielle Farbe m\u00f6chten, k\u00f6nnen Sie die Nocken zus\u00e4tzlich bestellen.<\/p>\n<p>&#8220;Der Carbonschaft zum kleinen Preis.<\/p>\n<p>Mit dem Warrior k\u00f6nnen wir einen &#8220;Top Carbonschaft&#8221; zu einem tollen Preis anbieten. Qualit\u00e4t und Preis sind hier im optimalen Bereich. Der Carbonschaft mit Memory Effekt und hervorragenden Eigenschaften.<\/p>\n<ul>\n<li>Verf\u00fcgbare Spinewerte: 700, 600, 500, 400<\/li>\n<li>Durchmesser: 5\/16<\/li>\n<li>L\u00e4nge 30 Zoll: 700, 600 (5,9 gpi) und 500 (7,4 gpi)<\/li>\n<li>L\u00e4nge 32 \u00a0Zoll: 400 (8,2 gpi)<\/li>\n<li>Optik: Schwarz<\/li>\n<li>Qualit\u00e4t: 100% Carbon<\/li>\n<li>Lieferumfang: Carbonschaft, Push In Nocke, Accu Light Insert, Spitze<\/li>\n<\/ul>\n<p>Dies sind die passenden\u00a0<a href=\"https:\/\/shop.xn--altmhl-bogensport-52b.de\/?product=tophat-protector-ring\">Protectorringe<\/a>\u00a0von TopHat f\u00fcr die jeweiligen Spinewerte:<\/p>\n<ul>\n<li>340 &#8211; 7,75<\/li>\n<li>400 &#8211; 7,6<\/li>\n<li>500 &#8211; 7,45<\/li>\n<li>600 &#8211; 7,3<\/li>\n<li>700 &#8211; 7,15<\/li>\n<\/ul>\n<p>M\u00f6chten sie eine Edelstahlspitze, bestellen sie z.B. die <a href=\"https:\/\/shop.xn--altmhl-bogensport-52b.de\/?product=tophat-3d-combo-schraubspitze-mit-schraubsicherung-o-ring-5-16\">TopHat Apex Spitze<\/a> mit.<\/p>\n<p>&nbsp;<\/p>\n<table class=\"table table-sm\">\n<tbody>\n<tr class=\"attr-custom\">\n<td><b>Herstellerangaben<\/b>:<\/td>\n<td class=\"attr-value\"><strong>Herstellername:<\/strong><br \/>\nVISTA OUTDOOR LLC<br \/>\n<strong>Anschrift:<\/strong><br \/>\n3985 N 75 W, Hyde Park, UT 84318<br \/>\n<strong>Herkunftsland:<\/strong><br \/>\nUSA<br \/>\n<strong>Webseite:<\/strong><br \/>\nhttps:\/\/www.goldtip.com\/<br \/>\n<strong>Kontakt:<\/strong><br \/>\ncustomerservice@goldtip.com<br \/>\n<strong>Marke:<\/strong><br \/>\nGOLD TIP<\/td>\n<\/tr>\n<tr class=\"attr-custom\">\n<td><b>Verantwortliche Person<\/b>:<\/td>\n<td class=\"attr-value\"><strong>verantwortliche Person:<\/strong><br \/>\nJVD Group B.V.<br \/>\n<strong>Anschrift:<\/strong><br \/>\nLooier 9, 5253 RA Nieuwkuijk<br \/>\n<strong>Herkunftsland:<\/strong><br \/>\nNiederlande<br \/>\n<strong>Kontakt:<\/strong><br \/>\ncontact@jvd-group.com<\/td>\n<\/tr>\n<\/tbody>\n<\/table>\n<p>&nbsp;<\/p>\n","protected":false},"excerpt":{"rendered":"<p>Komplettpfeil Warrior<\/p>\n","protected":false},"featured_media":3318,"comment_status":"open","ping_status":"closed","template":"","meta":[],"product_brand":[],"product_cat":[804,86],"product_tag":[543,945,1013,74,437],"class_list":{"0":"post-3316","1":"product","2":"type-product","3":"status-publish","4":"has-post-thumbnail","6":"product_cat-standard-carbonpfeil","7":"product_cat-carbonpfeil","8":"product_tag-fertigpfeil","9":"product_tag-komplettpfeil","10":"product_tag-carbonpfeil","11":"product_tag-goldtip","12":"product_tag-warrior","14":"first","15":"instock","16":"taxable","17":"shipping-taxable","18":"purchasable","19":"product-type-variable"},"_links":{"self":[{"href":"https:\/\/shop.xn--altmhl-bogensport-52b.de\/index.php?rest_route=\/wp\/v2\/product\/3316","targetHints":{"allow":["GET"]}}],"collection":[{"href":"https:\/\/shop.xn--altmhl-bogensport-52b.de\/index.php?rest_route=\/wp\/v2\/product"}],"about":[{"href":"https:\/\/shop.xn--altmhl-bogensport-52b.de\/index.php?rest_route=\/wp\/v2\/types\/product"}],"replies":[{"embeddable":true,"href":"https:\/\/shop.xn--altmhl-bogensport-52b.de\/index.php?rest_route=%2Fwp%2Fv2%2Fcomments&post=3316"}],"wp:featuredmedia":[{"embeddable":true,"href":"https:\/\/shop.xn--altmhl-bogensport-52b.de\/index.php?rest_route=\/wp\/v2\/media\/3318"}],"wp:attachment":[{"href":"https:\/\/shop.xn--altmhl-bogensport-52b.de\/index.php?rest_route=%2Fwp%2Fv2%2Fmedia&parent=3316"}],"wp:term":[{"taxonomy":"product_brand","embeddable":true,"href":"https:\/\/shop.xn--altmhl-bogensport-52b.de\/index.php?rest_route=%2Fwp%2Fv2%2Fproduct_brand&post=3316"},{"taxonomy":"product_cat","embeddable":true,"href":"https:\/\/shop.xn--altmhl-bogensport-52b.de\/index.php?rest_route=%2Fwp%2Fv2%2Fproduct_cat&post=3316"},{"taxonomy":"product_tag","embeddable":true,"href":"https:\/\/shop.xn--altmhl-bogensport-52b.de\/index.php?rest_route=%2Fwp%2Fv2%2Fproduct_tag&post=3316"}],"curies":[{"name":"wp","href":"https:\/\/api.w.org\/{rel}","templated":true}]}}