{"id":3292,"date":"2021-12-31T16:28:03","date_gmt":"2021-12-31T16:28:03","guid":{"rendered":"https:\/\/shop.xn--altmhl-bogensport-52b.de\/?post_type=product&#038;p=3292"},"modified":"2026-03-24T18:17:04","modified_gmt":"2026-03-24T18:17:04","slug":"armschutz-green-acer-baumwolle-leder","status":"publish","type":"product","link":"https:\/\/shop.xn--altmhl-bogensport-52b.de\/?product=armschutz-green-acer-baumwolle-leder","title":{"rendered":"Armschutz Green Acer Baumwolle &#038; Leder"},"content":{"rendered":"<p>Armschutz Green Acer Baumwolle &amp; Leder<br \/>\nDer Armschutz Green Acer f\u00fcr die Bogensch\u00fctzin und den Bogensch\u00fctzen mit Geschmack. Er passt auch perfekt zum Schie\u00dfhandschuh Green Acer, R\u00fcckenk\u00f6cher Green Acer und zur Bogentasche Green Acer.<\/p>\n<p>Die Materialkombination spricht f\u00fcr durchdachte Funktionalit\u00e4t:<\/p>\n<p>Wasserabweisende Baumwolle<br \/>\nDas feine Leder und der Gummizug sorgen f\u00fcr besten Tragekomfort beim Bogenschie\u00dfen.<br \/>\nGr\u00f6\u00dfe: ca. 17cm x 17cm<\/p>\n<table class=\"table table-sm\">\n<tbody>\n<tr class=\"attr-custom\">\n<td class=\"attr-value\"><strong>Herstellername:<\/strong><br \/>\nBeier Distribution GmbH<br \/>\n<strong>Anschrift:<\/strong><br \/>\nPyramidenweg 20, 96253 Untersiemau<br \/>\n<strong>Herkunftsland:<\/strong><br \/>\nDeutschland<br \/>\n<strong>Webseite:<\/strong><br \/>\nhttps:\/\/www.bogensport-beier.de\/<br \/>\n<strong>Kontakt:<\/strong><br \/>\ncontact@bogensport-beier.de<br \/>\n<strong>Marke:<\/strong><br \/>\nBeier<\/td>\n<\/tr>\n<\/tbody>\n<\/table>\n","protected":false},"excerpt":{"rendered":"<p>Armschutz Green Acer ByBeier<\/p>\n","protected":false},"featured_media":3293,"comment_status":"open","ping_status":"closed","template":"","meta":[],"product_brand":[],"product_cat":[40],"product_tag":[41,594,934],"class_list":{"0":"post-3292","1":"product","2":"type-product","3":"status-publish","4":"has-post-thumbnail","6":"product_cat-armschutz","7":"product_tag-armschutz","8":"product_tag-bybeier","9":"product_tag-green-acer","11":"first","12":"onbackorder","13":"taxable","14":"shipping-taxable","15":"purchasable","16":"product-type-simple"},"_links":{"self":[{"href":"https:\/\/shop.xn--altmhl-bogensport-52b.de\/index.php?rest_route=\/wp\/v2\/product\/3292","targetHints":{"allow":["GET"]}}],"collection":[{"href":"https:\/\/shop.xn--altmhl-bogensport-52b.de\/index.php?rest_route=\/wp\/v2\/product"}],"about":[{"href":"https:\/\/shop.xn--altmhl-bogensport-52b.de\/index.php?rest_route=\/wp\/v2\/types\/product"}],"replies":[{"embeddable":true,"href":"https:\/\/shop.xn--altmhl-bogensport-52b.de\/index.php?rest_route=%2Fwp%2Fv2%2Fcomments&post=3292"}],"wp:featuredmedia":[{"embeddable":true,"href":"https:\/\/shop.xn--altmhl-bogensport-52b.de\/index.php?rest_route=\/wp\/v2\/media\/3293"}],"wp:attachment":[{"href":"https:\/\/shop.xn--altmhl-bogensport-52b.de\/index.php?rest_route=%2Fwp%2Fv2%2Fmedia&parent=3292"}],"wp:term":[{"taxonomy":"product_brand","embeddable":true,"href":"https:\/\/shop.xn--altmhl-bogensport-52b.de\/index.php?rest_route=%2Fwp%2Fv2%2Fproduct_brand&post=3292"},{"taxonomy":"product_cat","embeddable":true,"href":"https:\/\/shop.xn--altmhl-bogensport-52b.de\/index.php?rest_route=%2Fwp%2Fv2%2Fproduct_cat&post=3292"},{"taxonomy":"product_tag","embeddable":true,"href":"https:\/\/shop.xn--altmhl-bogensport-52b.de\/index.php?rest_route=%2Fwp%2Fv2%2Fproduct_tag&post=3292"}],"curies":[{"name":"wp","href":"https:\/\/api.w.org\/{rel}","templated":true}]}}