{"id":3281,"date":"2021-12-31T15:21:51","date_gmt":"2021-12-31T15:21:51","guid":{"rendered":"https:\/\/shop.xn--altmhl-bogensport-52b.de\/?post_type=product&#038;p=3281"},"modified":"2025-01-05T10:17:37","modified_gmt":"2025-01-05T10:17:37","slug":"schiesshandschuh-green-acer-baumwolle-leder","status":"publish","type":"product","link":"https:\/\/shop.xn--altmhl-bogensport-52b.de\/?product=schiesshandschuh-green-acer-baumwolle-leder","title":{"rendered":"Schie\u00dfhandschuh Green Acer Baumwolle &#038; Leder"},"content":{"rendered":"<div class=\"content--title\"><\/div>\n<div class=\"product--description\">\n<h2>Schie\u00dfhandschuh Green Acer Baumwolle &amp; Leder<\/h2>\n<p>Der Schie\u00dfhandschuh Green Acer f\u00fcr die Bogensch\u00fctzin und den Bogensch\u00fctzen mit Sinn f\u00fcr Geschmack. Er passt perfekt zum Armschutz Green Acer, R\u00fcckenk\u00f6cher Green Acer und Bogentasche Green Acer.<\/p>\n<p>Die Materialkombination spricht f\u00fcr Funktionalit\u00e4t:<\/p>\n<p>wasserabweisende Baumwolle und hochwertiges Leder f\u00fcr den optimalen Ablass beim Schie\u00df- und Tragekomfort beim Bogenschie\u00dfen.<\/p>\n<\/div>\n<table class=\"table table-sm\">\n<tbody>\n<tr class=\"attr-custom\">\n<td class=\"attr-value\"><strong>Herstellername:<\/strong><br \/>\nBeier Distribution GmbH<br \/>\n<strong>Anschrift:<\/strong><br \/>\nPyramidenweg 20, 96253 Untersiemau<br \/>\n<strong>Herkunftsland:<\/strong><br \/>\nDeutschland<br \/>\n<strong>Webseite:<\/strong><br \/>\nhttps:\/\/www.bogensport-beier.de\/<br \/>\n<strong>Kontakt:<\/strong><br \/>\ncontact@bogensport-beier.de<br \/>\n<strong>Marke:<\/strong><br \/>\nBeier<\/td>\n<\/tr>\n<\/tbody>\n<\/table>\n","protected":false},"excerpt":{"rendered":"<p>Handschuh Green Acer ByBeier<\/p>\n","protected":false},"featured_media":3286,"comment_status":"open","ping_status":"closed","template":"","meta":[],"product_brand":[],"product_cat":[100,163],"product_tag":[934,102,594,879],"class_list":{"0":"post-3281","1":"product","2":"type-product","3":"status-publish","4":"has-post-thumbnail","6":"product_cat-handschuhe","7":"product_cat-sale","8":"product_tag-green-acer","9":"product_tag-schiesshandschuh","10":"product_tag-bybeier","11":"product_tag-3-finger-handschuhe","13":"first","14":"instock","15":"taxable","16":"shipping-taxable","17":"purchasable","18":"product-type-variable"},"_links":{"self":[{"href":"https:\/\/shop.xn--altmhl-bogensport-52b.de\/index.php?rest_route=\/wp\/v2\/product\/3281","targetHints":{"allow":["GET"]}}],"collection":[{"href":"https:\/\/shop.xn--altmhl-bogensport-52b.de\/index.php?rest_route=\/wp\/v2\/product"}],"about":[{"href":"https:\/\/shop.xn--altmhl-bogensport-52b.de\/index.php?rest_route=\/wp\/v2\/types\/product"}],"replies":[{"embeddable":true,"href":"https:\/\/shop.xn--altmhl-bogensport-52b.de\/index.php?rest_route=%2Fwp%2Fv2%2Fcomments&post=3281"}],"wp:featuredmedia":[{"embeddable":true,"href":"https:\/\/shop.xn--altmhl-bogensport-52b.de\/index.php?rest_route=\/wp\/v2\/media\/3286"}],"wp:attachment":[{"href":"https:\/\/shop.xn--altmhl-bogensport-52b.de\/index.php?rest_route=%2Fwp%2Fv2%2Fmedia&parent=3281"}],"wp:term":[{"taxonomy":"product_brand","embeddable":true,"href":"https:\/\/shop.xn--altmhl-bogensport-52b.de\/index.php?rest_route=%2Fwp%2Fv2%2Fproduct_brand&post=3281"},{"taxonomy":"product_cat","embeddable":true,"href":"https:\/\/shop.xn--altmhl-bogensport-52b.de\/index.php?rest_route=%2Fwp%2Fv2%2Fproduct_cat&post=3281"},{"taxonomy":"product_tag","embeddable":true,"href":"https:\/\/shop.xn--altmhl-bogensport-52b.de\/index.php?rest_route=%2Fwp%2Fv2%2Fproduct_tag&post=3281"}],"curies":[{"name":"wp","href":"https:\/\/api.w.org\/{rel}","templated":true}]}}