{"id":3257,"date":"2021-12-31T15:04:00","date_gmt":"2021-12-31T15:04:00","guid":{"rendered":"https:\/\/shop.xn--altmhl-bogensport-52b.de\/?post_type=product&#038;p=3257"},"modified":"2023-02-19T21:05:21","modified_gmt":"2023-02-19T21:05:21","slug":"schiesshandschuh-black-baumwolle-leder","status":"publish","type":"product","link":"https:\/\/shop.xn--altmhl-bogensport-52b.de\/?product=schiesshandschuh-black-baumwolle-leder","title":{"rendered":"Schie\u00dfhandschuh Black Baumwolle &#038; Leder"},"content":{"rendered":"<div class=\"content--title\">Produktinformationen &#8220;Schie\u00dfhandschuh Black Baumwolle &amp; Leder&#8221;<\/div>\n<div class=\"product--description\">\n<h2>Schie\u00dfhandschuh Black<\/h2>\n<p>Der ideale\u00a0<strong>Schie\u00dfhandschuh<\/strong>\u00a0f\u00fcr den Bogensch\u00fctzen. Eine ideale Kombination aus hochwertigstem Leder und impr\u00e4gnierter schwarzer Baumwolle. Zudem passt der\u00a0<strong>Schiesshandschuh<\/strong>\u00a0perfekt zum Armschutz Black und dem R\u00fcckenk\u00f6cher Black.<\/p>\n<p>Eine echt durchdachte Kombination f\u00fcr den Bogensch\u00fctzen.<\/p>\n<\/div>\n","protected":false},"excerpt":{"rendered":"<p>Schiesshandschuh black Baumwolle &amp; Leder<\/p>\n","protected":false},"featured_media":3258,"comment_status":"open","ping_status":"closed","template":"","meta":[],"product_brand":[],"product_cat":[100,163],"product_tag":[879,101,102,263,594],"class_list":{"0":"post-3257","1":"product","2":"type-product","3":"status-publish","4":"has-post-thumbnail","6":"product_cat-handschuhe","7":"product_cat-sale","8":"product_tag-3-finger-handschuhe","9":"product_tag-handschuh","10":"product_tag-schiesshandschuh","11":"product_tag-black","12":"product_tag-bybeier","14":"first","15":"instock","16":"taxable","17":"shipping-taxable","18":"purchasable","19":"product-type-variable"},"_links":{"self":[{"href":"https:\/\/shop.xn--altmhl-bogensport-52b.de\/index.php?rest_route=\/wp\/v2\/product\/3257","targetHints":{"allow":["GET"]}}],"collection":[{"href":"https:\/\/shop.xn--altmhl-bogensport-52b.de\/index.php?rest_route=\/wp\/v2\/product"}],"about":[{"href":"https:\/\/shop.xn--altmhl-bogensport-52b.de\/index.php?rest_route=\/wp\/v2\/types\/product"}],"replies":[{"embeddable":true,"href":"https:\/\/shop.xn--altmhl-bogensport-52b.de\/index.php?rest_route=%2Fwp%2Fv2%2Fcomments&post=3257"}],"wp:featuredmedia":[{"embeddable":true,"href":"https:\/\/shop.xn--altmhl-bogensport-52b.de\/index.php?rest_route=\/wp\/v2\/media\/3258"}],"wp:attachment":[{"href":"https:\/\/shop.xn--altmhl-bogensport-52b.de\/index.php?rest_route=%2Fwp%2Fv2%2Fmedia&parent=3257"}],"wp:term":[{"taxonomy":"product_brand","embeddable":true,"href":"https:\/\/shop.xn--altmhl-bogensport-52b.de\/index.php?rest_route=%2Fwp%2Fv2%2Fproduct_brand&post=3257"},{"taxonomy":"product_cat","embeddable":true,"href":"https:\/\/shop.xn--altmhl-bogensport-52b.de\/index.php?rest_route=%2Fwp%2Fv2%2Fproduct_cat&post=3257"},{"taxonomy":"product_tag","embeddable":true,"href":"https:\/\/shop.xn--altmhl-bogensport-52b.de\/index.php?rest_route=%2Fwp%2Fv2%2Fproduct_tag&post=3257"}],"curies":[{"name":"wp","href":"https:\/\/api.w.org\/{rel}","templated":true}]}}