{"id":3201,"date":"2021-12-29T12:28:05","date_gmt":"2021-12-29T12:28:05","guid":{"rendered":"https:\/\/shop.xn--altmhl-bogensport-52b.de\/?post_type=product&#038;p=3201"},"modified":"2021-12-29T12:31:20","modified_gmt":"2021-12-29T12:31:20","slug":"neet-pocket-quiver-fred-bear-taschenkoecher-feldkoecher","status":"publish","type":"product","link":"https:\/\/shop.xn--altmhl-bogensport-52b.de\/?product=neet-pocket-quiver-fred-bear-taschenkoecher-feldkoecher","title":{"rendered":"Neet Pocket Quiver &#8221; Fred Bear&#8221; Taschenk\u00f6cher Feldk\u00f6cher"},"content":{"rendered":"<div><span style=\"color: #002cfd; font-family: Tahoma; font-size: x-large;\">traditioneller Taschenk\u00f6cher aus Leder f\u00fcr 6-8 Pfeile,\u00a0<\/span><\/div>\n<div><span style=\"color: #002cfd; font-family: Tahoma; font-size: x-large;\">\u00a0<\/span><\/div>\n<div><span style=\"color: #002cfd; font-family: Tahoma; font-size: x-large;\">trotz der geringen Taschenma\u00dfe sitzen die Pfeile sicher und fest,\u00a0<\/span><\/div>\n<div><span style=\"color: #002cfd; font-family: Tahoma; font-size: x-large;\">\u00a0<\/span><\/div>\n<div><span style=\"color: #002cfd; font-family: Tahoma; font-size: x-large;\">K\u00f6cher kann einfach und schnell in der Ges\u00e4\u00dftasche der Hose verstaut werden.<\/span><\/div>\n<div><span style=\"color: #002cfd; font-family: Tahoma; font-size: x-large;\">\u00a0<\/span><\/div>\n<div><span style=\"color: #002cfd; font-family: Tahoma; font-size: x-large;\">Hersteller: Neet<\/span><\/div>\n<div><span style=\"color: #002cfd; font-family: Tahoma; font-size: x-large;\">Modell: &#8220;Fred Bear&#8221;\u00a0\u00a0<\/span><\/div>\n<div><\/div>\n","protected":false},"excerpt":{"rendered":"<p>Neet Pocket Quiver\u00a0 Taschenk\u00f6cher Feldk\u00f6cher Fred Bear<\/p>\n","protected":false},"featured_media":3202,"comment_status":"open","ping_status":"closed","template":"","meta":[],"product_brand":[],"product_cat":[164,454],"product_tag":[128,228,229,59],"class_list":{"0":"post-3201","1":"product","2":"type-product","3":"status-publish","4":"has-post-thumbnail","6":"product_cat-koecher","7":"product_cat-seitenkoecher","8":"product_tag-fred-bear","9":"product_tag-taschenkoecher","10":"product_tag-neet","11":"product_tag-leder","13":"first","14":"instock","15":"taxable","16":"shipping-taxable","17":"purchasable","18":"product-type-simple"},"_links":{"self":[{"href":"https:\/\/shop.xn--altmhl-bogensport-52b.de\/index.php?rest_route=\/wp\/v2\/product\/3201","targetHints":{"allow":["GET"]}}],"collection":[{"href":"https:\/\/shop.xn--altmhl-bogensport-52b.de\/index.php?rest_route=\/wp\/v2\/product"}],"about":[{"href":"https:\/\/shop.xn--altmhl-bogensport-52b.de\/index.php?rest_route=\/wp\/v2\/types\/product"}],"replies":[{"embeddable":true,"href":"https:\/\/shop.xn--altmhl-bogensport-52b.de\/index.php?rest_route=%2Fwp%2Fv2%2Fcomments&post=3201"}],"wp:featuredmedia":[{"embeddable":true,"href":"https:\/\/shop.xn--altmhl-bogensport-52b.de\/index.php?rest_route=\/wp\/v2\/media\/3202"}],"wp:attachment":[{"href":"https:\/\/shop.xn--altmhl-bogensport-52b.de\/index.php?rest_route=%2Fwp%2Fv2%2Fmedia&parent=3201"}],"wp:term":[{"taxonomy":"product_brand","embeddable":true,"href":"https:\/\/shop.xn--altmhl-bogensport-52b.de\/index.php?rest_route=%2Fwp%2Fv2%2Fproduct_brand&post=3201"},{"taxonomy":"product_cat","embeddable":true,"href":"https:\/\/shop.xn--altmhl-bogensport-52b.de\/index.php?rest_route=%2Fwp%2Fv2%2Fproduct_cat&post=3201"},{"taxonomy":"product_tag","embeddable":true,"href":"https:\/\/shop.xn--altmhl-bogensport-52b.de\/index.php?rest_route=%2Fwp%2Fv2%2Fproduct_tag&post=3201"}],"curies":[{"name":"wp","href":"https:\/\/api.w.org\/{rel}","templated":true}]}}