{"id":3198,"date":"2021-12-29T10:24:08","date_gmt":"2021-12-29T10:24:08","guid":{"rendered":"https:\/\/shop.xn--altmhl-bogensport-52b.de\/?post_type=product&#038;p=3198"},"modified":"2021-12-29T12:20:08","modified_gmt":"2021-12-29T12:20:08","slug":"neet-pocket-quiver-braun-taschenkoecher-feldkoecher","status":"publish","type":"product","link":"https:\/\/shop.xn--altmhl-bogensport-52b.de\/?product=neet-pocket-quiver-braun-taschenkoecher-feldkoecher","title":{"rendered":"Neet Pocket Quiver braun Taschenk\u00f6cher Feldk\u00f6cher"},"content":{"rendered":"<div><span style=\"color: #002cfd; font-family: Tahoma; font-size: x-large;\">traditioneller Taschenk\u00f6cher aus Leder f\u00fcr 6-8 Pfeile,\u00a0<\/span><\/div>\n<div><span style=\"color: #002cfd; font-family: Tahoma; font-size: x-large;\">\u00a0<\/span><\/div>\n<div><span style=\"color: #002cfd; font-family: Tahoma; font-size: x-large;\">trotz der geringen Taschenma\u00dfe sitzen die Pfeile sicher und fest,\u00a0<\/span><\/div>\n<div><span style=\"color: #002cfd; font-family: Tahoma; font-size: x-large;\">\u00a0<\/span><\/div>\n<div><span style=\"color: #002cfd; font-family: Tahoma; font-size: x-large;\">K\u00f6cher kann einfach und schnell in der Ges\u00e4\u00dftasche der Hose verstaut werden oder mittels der G\u00fcrtelschlaufe am G\u00fcrtel getragen werden.\u00a0<\/span><\/div>\n<div><span style=\"color: #002cfd; font-family: Tahoma; font-size: x-large;\">\u00a0<\/span><\/div>\n<div><span style=\"color: #002cfd; font-family: Tahoma; font-size: x-large;\">Hersteller: Neet<\/span><\/div>\n","protected":false},"excerpt":{"rendered":"<p>Neet Pocket Quiver\u00a0 Taschenk\u00f6cher Feldk\u00f6cher<\/p>\n","protected":false},"featured_media":3199,"comment_status":"open","ping_status":"closed","template":"","meta":[],"product_brand":[],"product_cat":[164,454],"product_tag":[59,228,229],"class_list":{"0":"post-3198","1":"product","2":"type-product","3":"status-publish","4":"has-post-thumbnail","6":"product_cat-koecher","7":"product_cat-seitenkoecher","8":"product_tag-leder","9":"product_tag-taschenkoecher","10":"product_tag-neet","12":"first","13":"instock","14":"taxable","15":"shipping-taxable","16":"purchasable","17":"product-type-simple"},"_links":{"self":[{"href":"https:\/\/shop.xn--altmhl-bogensport-52b.de\/index.php?rest_route=\/wp\/v2\/product\/3198","targetHints":{"allow":["GET"]}}],"collection":[{"href":"https:\/\/shop.xn--altmhl-bogensport-52b.de\/index.php?rest_route=\/wp\/v2\/product"}],"about":[{"href":"https:\/\/shop.xn--altmhl-bogensport-52b.de\/index.php?rest_route=\/wp\/v2\/types\/product"}],"replies":[{"embeddable":true,"href":"https:\/\/shop.xn--altmhl-bogensport-52b.de\/index.php?rest_route=%2Fwp%2Fv2%2Fcomments&post=3198"}],"wp:featuredmedia":[{"embeddable":true,"href":"https:\/\/shop.xn--altmhl-bogensport-52b.de\/index.php?rest_route=\/wp\/v2\/media\/3199"}],"wp:attachment":[{"href":"https:\/\/shop.xn--altmhl-bogensport-52b.de\/index.php?rest_route=%2Fwp%2Fv2%2Fmedia&parent=3198"}],"wp:term":[{"taxonomy":"product_brand","embeddable":true,"href":"https:\/\/shop.xn--altmhl-bogensport-52b.de\/index.php?rest_route=%2Fwp%2Fv2%2Fproduct_brand&post=3198"},{"taxonomy":"product_cat","embeddable":true,"href":"https:\/\/shop.xn--altmhl-bogensport-52b.de\/index.php?rest_route=%2Fwp%2Fv2%2Fproduct_cat&post=3198"},{"taxonomy":"product_tag","embeddable":true,"href":"https:\/\/shop.xn--altmhl-bogensport-52b.de\/index.php?rest_route=%2Fwp%2Fv2%2Fproduct_tag&post=3198"}],"curies":[{"name":"wp","href":"https:\/\/api.w.org\/{rel}","templated":true}]}}