{"id":3141,"date":"2021-12-28T16:01:35","date_gmt":"2021-12-28T16:01:35","guid":{"rendered":"https:\/\/shop.xn--altmhl-bogensport-52b.de\/?post_type=product&#038;p=3141"},"modified":"2021-12-28T16:01:36","modified_gmt":"2021-12-28T16:01:36","slug":"release-caliper-ek-poelang","status":"publish","type":"product","link":"https:\/\/shop.xn--altmhl-bogensport-52b.de\/?product=release-caliper-ek-poelang","title":{"rendered":"Release Caliper EK-Poelang"},"content":{"rendered":"<p>Das Release ist die perfekte Unterst\u00fctzung beim Ausziehen des Bogens, denn das Zangenrelease h\u00e4lt f\u00fcr Sie die Sehne des Bogens. Die Funktionsweise ist dabei so einfach wie genial: Das Release wird einfach um das Handgelenk geschlungen und verschlossen, die aus Aluminium gefertigten Zangen des Releasekopfes greifen das Loop der Sehne und schon k\u00f6nnen Sie Ihren Bogen ausziehen. Mit dem Zeigefinger am Abzug geben Sie dann die Sehne spielend leicht und vor allem sauber und pr\u00e4zise frei.<\/p>\n<p>F\u00fcr Rechts- und Linkshandsch\u00fctzen geeignet.<\/p>\n<p><strong>Spezifikationen:<\/strong><br \/>\n&#8211; Zangenrelease mit Handgelenkschlaufe.<br \/>\n&#8211; Die Schussausl\u00f6sung erfolgt \u00fcber den Zeigefinger.<br \/>\n&#8211; S\u00e4mtliche Teile sind\u00a0aus Aluminium bzw. rostfreiem Stahl.<br \/>\n&#8211; Geeignet f\u00fcr B\u00f6gen mit einem Zuggewicht bis\u00a090 lbs.<br \/>\n&#8211; In der L\u00e4nge verstellbare Handgelenksschlaufe mit Klettverschluss.<br \/>\n&#8211; Der Release-Kopf l\u00e4sst sich um 360\u00b0 drehen.<br \/>\n&#8211; Abstand zwischen Handgelenkschlaufe und Releasekopf in der L\u00e4nge verstellbar.<\/p>\n<p><strong>Lieferumfang:<br \/>\n<\/strong>1 St\u00fcck<\/p>\n","protected":false},"excerpt":{"rendered":"<p>Release Caliper EK Archery<\/p>\n","protected":false},"featured_media":3142,"comment_status":"open","ping_status":"closed","template":"","meta":[],"product_brand":[],"product_cat":[163,909],"product_tag":[77,744,830],"class_list":{"0":"post-3141","1":"product","2":"type-product","3":"status-publish","4":"has-post-thumbnail","6":"product_cat-sale","7":"product_cat-release","8":"product_tag-release","9":"product_tag-ek-poelang","10":"product_tag-ek-archery","12":"first","13":"instock","14":"taxable","15":"shipping-taxable","16":"purchasable","17":"product-type-simple"},"_links":{"self":[{"href":"https:\/\/shop.xn--altmhl-bogensport-52b.de\/index.php?rest_route=\/wp\/v2\/product\/3141","targetHints":{"allow":["GET"]}}],"collection":[{"href":"https:\/\/shop.xn--altmhl-bogensport-52b.de\/index.php?rest_route=\/wp\/v2\/product"}],"about":[{"href":"https:\/\/shop.xn--altmhl-bogensport-52b.de\/index.php?rest_route=\/wp\/v2\/types\/product"}],"replies":[{"embeddable":true,"href":"https:\/\/shop.xn--altmhl-bogensport-52b.de\/index.php?rest_route=%2Fwp%2Fv2%2Fcomments&post=3141"}],"wp:featuredmedia":[{"embeddable":true,"href":"https:\/\/shop.xn--altmhl-bogensport-52b.de\/index.php?rest_route=\/wp\/v2\/media\/3142"}],"wp:attachment":[{"href":"https:\/\/shop.xn--altmhl-bogensport-52b.de\/index.php?rest_route=%2Fwp%2Fv2%2Fmedia&parent=3141"}],"wp:term":[{"taxonomy":"product_brand","embeddable":true,"href":"https:\/\/shop.xn--altmhl-bogensport-52b.de\/index.php?rest_route=%2Fwp%2Fv2%2Fproduct_brand&post=3141"},{"taxonomy":"product_cat","embeddable":true,"href":"https:\/\/shop.xn--altmhl-bogensport-52b.de\/index.php?rest_route=%2Fwp%2Fv2%2Fproduct_cat&post=3141"},{"taxonomy":"product_tag","embeddable":true,"href":"https:\/\/shop.xn--altmhl-bogensport-52b.de\/index.php?rest_route=%2Fwp%2Fv2%2Fproduct_tag&post=3141"}],"curies":[{"name":"wp","href":"https:\/\/api.w.org\/{rel}","templated":true}]}}