{"id":3137,"date":"2021-12-28T15:43:30","date_gmt":"2021-12-28T15:43:30","guid":{"rendered":"https:\/\/shop.xn--altmhl-bogensport-52b.de\/?post_type=product&#038;p=3137"},"modified":"2021-12-28T15:45:19","modified_gmt":"2021-12-28T15:45:19","slug":"spannhilfe-armbrust-ek-poelang","status":"publish","type":"product","link":"https:\/\/shop.xn--altmhl-bogensport-52b.de\/?product=spannhilfe-armbrust-ek-poelang","title":{"rendered":"Spannhilfe Armbrust EK-Poelang"},"content":{"rendered":"<p>Das Spannen einer Armbrust kann einen Kraftaufwand von mehr als 150 Pfund erfordern. Um diesen Aufwand zu minimieren ist die Verwendung einer Spannhilfe zu empfehlen. Dieses einfache aber sehr effektive Hilfsmittel reduziert den Kraftaufwand um circa die H\u00e4lfte. Im Vergleich zu einer mechanischen Spannhilfe, wie einem Kurbelspanner, der noch leichter zu bedienen ist, ist die Spannschnur deutlich praktischer und bedeutend schneller in der Anwendung, was bei mehreren Sch\u00fcssen hintereinander nicht zu untersch\u00e4tzen ist.<\/p>\n<p><strong>Eigenschaften:<\/strong><\/p>\n<ul>\n<li>Garantiert eine auf beide Wurfarme gleichm\u00e4\u00dfig verteilte Spannkraft und ein zentriertes Einh\u00e4ngen des Spannhakens am Abschussmechanismus.<\/li>\n<li>Reduziert den notwendigen Kraftaufwand beim Spannen um ca. 50%.<\/li>\n<li>Einfach zu transportieren, leicht und praktisch. Die T-f\u00f6rmigen Griffe erleichtern das Ziehen. Kann einfach an die Armbrust angebracht werden.<\/li>\n<li>Geeignet f\u00fcr fast alle Armbr\u00fcste<\/li>\n<\/ul>\n<p><strong>Lieferumfang:<\/strong><br \/>\n1 St\u00fcck<\/p>\n","protected":false},"excerpt":{"rendered":"<p>Armbrust Spannhilfe<\/p>\n","protected":false},"featured_media":3138,"comment_status":"open","ping_status":"closed","template":"","meta":[],"product_brand":[],"product_cat":[893],"product_tag":[907,908,571,744],"class_list":{"0":"post-3137","1":"product","2":"type-product","3":"status-publish","4":"has-post-thumbnail","6":"product_cat-zubehoer-armbrust-zubehoer","7":"product_tag-rope","8":"product_tag-spannhilfe","9":"product_tag-armbrust","10":"product_tag-ek-poelang","12":"first","13":"instock","14":"taxable","15":"shipping-taxable","16":"purchasable","17":"product-type-simple"},"_links":{"self":[{"href":"https:\/\/shop.xn--altmhl-bogensport-52b.de\/index.php?rest_route=\/wp\/v2\/product\/3137","targetHints":{"allow":["GET"]}}],"collection":[{"href":"https:\/\/shop.xn--altmhl-bogensport-52b.de\/index.php?rest_route=\/wp\/v2\/product"}],"about":[{"href":"https:\/\/shop.xn--altmhl-bogensport-52b.de\/index.php?rest_route=\/wp\/v2\/types\/product"}],"replies":[{"embeddable":true,"href":"https:\/\/shop.xn--altmhl-bogensport-52b.de\/index.php?rest_route=%2Fwp%2Fv2%2Fcomments&post=3137"}],"wp:featuredmedia":[{"embeddable":true,"href":"https:\/\/shop.xn--altmhl-bogensport-52b.de\/index.php?rest_route=\/wp\/v2\/media\/3138"}],"wp:attachment":[{"href":"https:\/\/shop.xn--altmhl-bogensport-52b.de\/index.php?rest_route=%2Fwp%2Fv2%2Fmedia&parent=3137"}],"wp:term":[{"taxonomy":"product_brand","embeddable":true,"href":"https:\/\/shop.xn--altmhl-bogensport-52b.de\/index.php?rest_route=%2Fwp%2Fv2%2Fproduct_brand&post=3137"},{"taxonomy":"product_cat","embeddable":true,"href":"https:\/\/shop.xn--altmhl-bogensport-52b.de\/index.php?rest_route=%2Fwp%2Fv2%2Fproduct_cat&post=3137"},{"taxonomy":"product_tag","embeddable":true,"href":"https:\/\/shop.xn--altmhl-bogensport-52b.de\/index.php?rest_route=%2Fwp%2Fv2%2Fproduct_tag&post=3137"}],"curies":[{"name":"wp","href":"https:\/\/api.w.org\/{rel}","templated":true}]}}