{"id":3124,"date":"2021-12-28T14:46:40","date_gmt":"2021-12-28T14:46:40","guid":{"rendered":"https:\/\/shop.xn--altmhl-bogensport-52b.de\/?post_type=product&#038;p=3124"},"modified":"2021-12-28T14:46:40","modified_gmt":"2021-12-28T14:46:40","slug":"maximal-total-alloy-aluminium-armbrustbolzen","status":"publish","type":"product","link":"https:\/\/shop.xn--altmhl-bogensport-52b.de\/?product=maximal-total-alloy-aluminium-armbrustbolzen","title":{"rendered":"Maximal Total Alloy Aluminium Armbrustbolzen"},"content":{"rendered":"<ul>\n<li>schussfertiger Armbustbolzen aus Aluminium im Spine 2219<\/li>\n<li>lieferbar in der L\u00e4nge 20&#8243;<\/li>\n<li>mit\u00a0<strong>Moon<\/strong>\u00a0Nocks<\/li>\n<li>inkl. geklebtem Insert<\/li>\n<li>inkl. Spitze<\/li>\n<\/ul>\n<p>Auf die Farbe der Nocke bzw. der Befiederung kann bei ab Werk hergestellten Bolzen kein Einfluss genommen werden. Welche L\u00e4nge und welche Nockenform Sie f\u00fcr Ihr Armbrustmodell ben\u00f6tigen, entnehmen Sie bitte der Bedienungsanleitung. Ein zu kurzer Bolzen ist immer ein Problem, ein zu langer hingegen selten.<\/p>\n","protected":false},"excerpt":{"rendered":"<p>Armbrustbolzen Maximal total Alloy 2219<\/p>\n","protected":false},"featured_media":3125,"comment_status":"open","ping_status":"closed","template":"","meta":[],"product_brand":[],"product_cat":[700],"product_tag":[232,896,897,898],"class_list":{"0":"post-3124","1":"product","2":"type-product","3":"status-publish","4":"has-post-thumbnail","6":"product_cat-bolzen","7":"product_tag-maximal","8":"product_tag-arbrust","9":"product_tag-bolzen-2219","10":"product_tag-898","12":"first","13":"instock","14":"taxable","15":"shipping-taxable","16":"purchasable","17":"product-type-simple"},"_links":{"self":[{"href":"https:\/\/shop.xn--altmhl-bogensport-52b.de\/index.php?rest_route=\/wp\/v2\/product\/3124","targetHints":{"allow":["GET"]}}],"collection":[{"href":"https:\/\/shop.xn--altmhl-bogensport-52b.de\/index.php?rest_route=\/wp\/v2\/product"}],"about":[{"href":"https:\/\/shop.xn--altmhl-bogensport-52b.de\/index.php?rest_route=\/wp\/v2\/types\/product"}],"replies":[{"embeddable":true,"href":"https:\/\/shop.xn--altmhl-bogensport-52b.de\/index.php?rest_route=%2Fwp%2Fv2%2Fcomments&post=3124"}],"wp:featuredmedia":[{"embeddable":true,"href":"https:\/\/shop.xn--altmhl-bogensport-52b.de\/index.php?rest_route=\/wp\/v2\/media\/3125"}],"wp:attachment":[{"href":"https:\/\/shop.xn--altmhl-bogensport-52b.de\/index.php?rest_route=%2Fwp%2Fv2%2Fmedia&parent=3124"}],"wp:term":[{"taxonomy":"product_brand","embeddable":true,"href":"https:\/\/shop.xn--altmhl-bogensport-52b.de\/index.php?rest_route=%2Fwp%2Fv2%2Fproduct_brand&post=3124"},{"taxonomy":"product_cat","embeddable":true,"href":"https:\/\/shop.xn--altmhl-bogensport-52b.de\/index.php?rest_route=%2Fwp%2Fv2%2Fproduct_cat&post=3124"},{"taxonomy":"product_tag","embeddable":true,"href":"https:\/\/shop.xn--altmhl-bogensport-52b.de\/index.php?rest_route=%2Fwp%2Fv2%2Fproduct_tag&post=3124"}],"curies":[{"name":"wp","href":"https:\/\/api.w.org\/{rel}","templated":true}]}}