{"id":3108,"date":"2021-12-28T13:46:55","date_gmt":"2021-12-28T13:46:55","guid":{"rendered":"https:\/\/shop.xn--altmhl-bogensport-52b.de\/?post_type=product&#038;p=3108"},"modified":"2021-12-28T13:46:56","modified_gmt":"2021-12-28T13:46:56","slug":"stretchyguard-armschutz-camo-maximal","status":"publish","type":"product","link":"https:\/\/shop.xn--altmhl-bogensport-52b.de\/?product=stretchyguard-armschutz-camo-maximal","title":{"rendered":"Stretchyguard &#8211; Armschutz camo Maximal"},"content":{"rendered":"<p><strong>Stretchyguard &#8211; Armschutz<\/strong><\/p>\n<p>Der klassische Armschutz mal anders! Nicht aus Leder mit Schn\u00fcrungen oder aus Nylon mit Gummib\u00e4ndern und Clipverschluss, sondern aus dehnbarem Neoprene. Der Armschutz Stretchyguard wird einfach \u00fcber den Unterarm gezogen und sitzt. Das verwendete Material passt sich dabei perfekt an und passt nahezu jedem Sch\u00fctzen.<\/p>\n<p>Nat\u00fcrlich erf\u00fcllt der Armschutz Stretchyguard durch eine eingearbeitete Gummiverst\u00e4rkung auch seine eigentlich Aufgabe, den Schutz des Unterarms vor Verletzungen durch die Sehne, zuverl\u00e4ssig.<\/p>\n<p>Farbe: Camo<\/p>\n","protected":false},"excerpt":{"rendered":"<p>Stretchyguard Armschutz<\/p>\n","protected":false},"featured_media":3109,"comment_status":"open","ping_status":"closed","template":"","meta":[],"product_brand":[],"product_cat":[40],"product_tag":[892,162,232,233],"class_list":{"0":"post-3108","1":"product","2":"type-product","3":"status-publish","4":"has-post-thumbnail","6":"product_cat-armschutz","7":"product_tag-stretchyguard","8":"product_tag-unterarmschutz","9":"product_tag-maximal","10":"product_tag-camo","12":"first","13":"instock","14":"taxable","15":"shipping-taxable","16":"purchasable","17":"product-type-variable"},"_links":{"self":[{"href":"https:\/\/shop.xn--altmhl-bogensport-52b.de\/index.php?rest_route=\/wp\/v2\/product\/3108","targetHints":{"allow":["GET"]}}],"collection":[{"href":"https:\/\/shop.xn--altmhl-bogensport-52b.de\/index.php?rest_route=\/wp\/v2\/product"}],"about":[{"href":"https:\/\/shop.xn--altmhl-bogensport-52b.de\/index.php?rest_route=\/wp\/v2\/types\/product"}],"replies":[{"embeddable":true,"href":"https:\/\/shop.xn--altmhl-bogensport-52b.de\/index.php?rest_route=%2Fwp%2Fv2%2Fcomments&post=3108"}],"wp:featuredmedia":[{"embeddable":true,"href":"https:\/\/shop.xn--altmhl-bogensport-52b.de\/index.php?rest_route=\/wp\/v2\/media\/3109"}],"wp:attachment":[{"href":"https:\/\/shop.xn--altmhl-bogensport-52b.de\/index.php?rest_route=%2Fwp%2Fv2%2Fmedia&parent=3108"}],"wp:term":[{"taxonomy":"product_brand","embeddable":true,"href":"https:\/\/shop.xn--altmhl-bogensport-52b.de\/index.php?rest_route=%2Fwp%2Fv2%2Fproduct_brand&post=3108"},{"taxonomy":"product_cat","embeddable":true,"href":"https:\/\/shop.xn--altmhl-bogensport-52b.de\/index.php?rest_route=%2Fwp%2Fv2%2Fproduct_cat&post=3108"},{"taxonomy":"product_tag","embeddable":true,"href":"https:\/\/shop.xn--altmhl-bogensport-52b.de\/index.php?rest_route=%2Fwp%2Fv2%2Fproduct_tag&post=3108"}],"curies":[{"name":"wp","href":"https:\/\/api.w.org\/{rel}","templated":true}]}}