{"id":3089,"date":"2021-12-28T10:15:26","date_gmt":"2021-12-28T10:15:26","guid":{"rendered":"https:\/\/shop.xn--altmhl-bogensport-52b.de\/?post_type=product&#038;p=3089"},"modified":"2025-11-19T09:48:24","modified_gmt":"2025-11-19T09:48:24","slug":"skylon-bentwood-carbonschaft-62mm-holzoptik","status":"publish","type":"product","link":"https:\/\/shop.xn--altmhl-bogensport-52b.de\/?product=skylon-bentwood-carbonschaft-62mm-holzoptik","title":{"rendered":"SKYLON Bentwood &#8211; Carbonschaft 6,2mm Holzoptik"},"content":{"rendered":"<p><strong>Schaft SKYLON Bentwood &#8211; Carbon<\/strong><\/p>\n<p>Der Skylon Bentwood l\u00f6st den Vorg\u00e4nger Bucktrail Timber ab, die Farbgebung bei diesem Schaft ist etwas kr\u00e4ftiger und wird gern im traditionellem Bereich geschossen.<\/p>\n<p>Die SKYLON Bentwood Sch\u00e4fte sind aus 24T Carbon mit einem Innendurchmesser von 6,2 mm \/ 0.244 Zoll\u00a0gefertigt.<\/p>\n<p>Die Sch\u00e4fte eignen sich besonders f\u00fcr Pfeile f\u00fcr traditionelle Bogensch\u00fctzen im\u00a0Outdoor- und 3-D-Bereich.<\/p>\n<p>&nbsp;<\/p>\n<p><strong>Technische Daten:<\/strong><br \/>\nMaterial: 24T Carbon<br \/>\nInnendurchmesser: 6,2mm \/ 0.244 Zoll<br \/>\nGeradheit: \u00b10,005 Zoll<br \/>\nSpine:<\/p>\n<ul>\n<li>Spine 300\n<ul>\n<li>\u00d8 aussen: 7,70mm<\/li>\n<li>Gewicht (GPI): 9,68 gr\/Zoll<\/li>\n<li>max. L\u00e4nge: 33 Zoll<\/li>\n<\/ul>\n<\/li>\n<li>Spine 350\n<ul>\n<li>\u00d8 aussen: 7,43mm<\/li>\n<li>Gewicht (GPI): 7,89gr\/Zoll<\/li>\n<li>max. L\u00e4nge: 33 Zoll<\/li>\n<\/ul>\n<\/li>\n<li>Spine 400\n<ul>\n<li>\u00d8 aussen: 7,40mm<\/li>\n<li>Gewicht (GPI): 7,73gr\/Zoll<\/li>\n<li>max. L\u00e4nge: 33 Zoll<\/li>\n<\/ul>\n<\/li>\n<li>Spine 500\n<ul>\n<li>\u00d8 aussen: 7,36mm<\/li>\n<li>Gewicht (GPI): 7,25gr\/Zoll<\/li>\n<li>max. L\u00e4nge: 33 Zoll<\/li>\n<\/ul>\n<\/li>\n<li>Spine 600\n<ul>\n<li>\u00d8 aussen: 7,17mm<\/li>\n<li>Gewicht (GPI): 5,87gr\/Zoll<\/li>\n<li>max. L\u00e4nge: 33 Zoll<\/li>\n<\/ul>\n<\/li>\n<li>Spine 700\n<ul>\n<li>\u00d8 aussen: 7,10mm<\/li>\n<li>Gewicht (GPI): 5,70gr\/Zoll<\/li>\n<li>max. L\u00e4nge: 33 Zoll<\/li>\n<\/ul>\n<\/li>\n<li>Spine 800\n<ul>\n<li>\u00d8 aussen: 7,00mm<\/li>\n<li>Gewicht (GPI): 5,40gr\/Zoll<\/li>\n<li>max. L\u00e4nge: 33 Zoll<\/li>\n<\/ul>\n<\/li>\n<\/ul>\n<p>&nbsp;<\/p>\n<p><strong>Lieferumfang:<\/strong><br \/>\nSchaft inkl. Nocke und Insert<\/p>\n<p>Gern k\u00fcrzen wir den Schaft f\u00fcr Euch. Bitte dazu die reine Schaftl\u00e4nge angeben.<\/p>\n<p>&nbsp;<\/p>\n<table class=\"table table-sm\">\n<tbody>\n<tr class=\"attr-custom\">\n<td><b>Herstellerangaben<\/b>:<\/td>\n<td class=\"attr-value\"><strong>Herstellername:<\/strong><br \/>\nWeiHai AnPu Composite Co.<br \/>\n<strong>Anschrift:<\/strong><br \/>\nLtd WenDeng, WeiHai, ShanDong 264400<br \/>\n<strong>Herkunftsland:<\/strong><br \/>\nChina<br \/>\n<strong>Webseite:<\/strong><br \/>\nhttps:\/\/www.skylonarchery.com\/<br \/>\n<strong>Kontakt:<\/strong><br \/>\ncontact@skylonarchery.com<br \/>\n<strong>Marke:<\/strong><br \/>\nSkylon Archery<\/td>\n<\/tr>\n<tr class=\"attr-custom\">\n<td><b>Verantwortliche Person<\/b>:<\/td>\n<td class=\"attr-value\"><strong>verantwortliche Person:<\/strong><br \/>\nNV S.S.A. Sporting Goods<br \/>\n<strong>Anschrift:<\/strong><br \/>\nNeringstraat 2, 8370 Blankenberge, Belgien<br \/>\n<strong>Herkunftsland:<\/strong><br \/>\nBelgien<br \/>\n<strong>Kontakt:<\/strong><br \/>\nhttps:\/\/www.ssa-archery.com\/de-de\/contact-us<\/td>\n<\/tr>\n<\/tbody>\n<\/table>\n","protected":false},"excerpt":{"rendered":"<p>Schaft Skylon Bentwood<\/p>\n","protected":false},"featured_media":3097,"comment_status":"open","ping_status":"closed","template":"","meta":[],"product_brand":[],"product_cat":[19],"product_tag":[396,72,641,793,847,887,1293],"class_list":{"0":"post-3089","1":"product","2":"type-product","3":"status-publish","4":"has-post-thumbnail","6":"product_cat-carbonschaefte","7":"product_tag-skylon","8":"product_tag-carbonschaft","9":"product_tag-langbogen","10":"product_tag-6-2mm","11":"product_tag-bentwood","12":"product_tag-33-zoll","13":"product_tag-holzdekor","15":"first","16":"instock","17":"taxable","18":"shipping-taxable","19":"purchasable","20":"product-type-variable"},"_links":{"self":[{"href":"https:\/\/shop.xn--altmhl-bogensport-52b.de\/index.php?rest_route=\/wp\/v2\/product\/3089","targetHints":{"allow":["GET"]}}],"collection":[{"href":"https:\/\/shop.xn--altmhl-bogensport-52b.de\/index.php?rest_route=\/wp\/v2\/product"}],"about":[{"href":"https:\/\/shop.xn--altmhl-bogensport-52b.de\/index.php?rest_route=\/wp\/v2\/types\/product"}],"replies":[{"embeddable":true,"href":"https:\/\/shop.xn--altmhl-bogensport-52b.de\/index.php?rest_route=%2Fwp%2Fv2%2Fcomments&post=3089"}],"wp:featuredmedia":[{"embeddable":true,"href":"https:\/\/shop.xn--altmhl-bogensport-52b.de\/index.php?rest_route=\/wp\/v2\/media\/3097"}],"wp:attachment":[{"href":"https:\/\/shop.xn--altmhl-bogensport-52b.de\/index.php?rest_route=%2Fwp%2Fv2%2Fmedia&parent=3089"}],"wp:term":[{"taxonomy":"product_brand","embeddable":true,"href":"https:\/\/shop.xn--altmhl-bogensport-52b.de\/index.php?rest_route=%2Fwp%2Fv2%2Fproduct_brand&post=3089"},{"taxonomy":"product_cat","embeddable":true,"href":"https:\/\/shop.xn--altmhl-bogensport-52b.de\/index.php?rest_route=%2Fwp%2Fv2%2Fproduct_cat&post=3089"},{"taxonomy":"product_tag","embeddable":true,"href":"https:\/\/shop.xn--altmhl-bogensport-52b.de\/index.php?rest_route=%2Fwp%2Fv2%2Fproduct_tag&post=3089"}],"curies":[{"name":"wp","href":"https:\/\/api.w.org\/{rel}","templated":true}]}}