{"id":3078,"date":"2021-12-28T10:13:09","date_gmt":"2021-12-28T10:13:09","guid":{"rendered":"https:\/\/shop.xn--altmhl-bogensport-52b.de\/?post_type=product&#038;p=3078"},"modified":"2025-01-26T11:30:46","modified_gmt":"2025-01-26T11:30:46","slug":"skylon-edge-carbonschaft-62mm","status":"publish","type":"product","link":"https:\/\/shop.xn--altmhl-bogensport-52b.de\/?product=skylon-edge-carbonschaft-62mm","title":{"rendered":"SKYLON Edge &#8211; Carbonschaft 6,2mm"},"content":{"rendered":"<p><strong>Schaft | SKYLON Edge &#8211; Carbon<\/strong><\/p>\n<p>Die SKYLON Edge Sch\u00e4fte sind aus 24T Carbon mit einem Innendurchmesser von 6,2 mm \/ 0.244 Zoll\u00a0gefertigt. Die Sch\u00e4fte eignen sich besonders f\u00fcr Pfeile f\u00fcr Compoundbogensch\u00fctzen im\u00a0Outdoor- und 3-D-Bereich.<\/p>\n<p>&nbsp;<\/p>\n<p><strong>Technische Daten:<\/strong><br \/>\nMaterial: 24T Carbon<br \/>\nInnendurchmesser: 6,2mm \/ 0.244 Zoll<br \/>\nGeradheit: \u00b10,005 Zoll<br \/>\nSpine:<\/p>\n<ul>\n<li>Spine 300\n<ul>\n<li>\u00d8 aussen: 7,55mm<\/li>\n<li>Gewicht (GPI):\u00a08,50 gr\/Zoll<\/li>\n<li>max. L\u00e4nge: 33 Zoll<\/li>\n<\/ul>\n<\/li>\n<li>Spine 350\n<ul>\n<li>\u00d8 aussen: 7,39mm<\/li>\n<li>Gewicht (GPI): 7,61gr\/Zoll<\/li>\n<li>max. L\u00e4nge: 33 Zoll<\/li>\n<\/ul>\n<\/li>\n<li>Spine 400\n<ul>\n<li>\u00d8 aussen: 7,35mm<\/li>\n<li>Gewicht (GPI): 7,33gr\/Zoll<\/li>\n<li>max. L\u00e4nge: 33 Zoll<\/li>\n<\/ul>\n<\/li>\n<li>Spine 500\n<ul>\n<li>\u00d8 aussen: 7,12mm<\/li>\n<li>Gewicht (GPI): 5,80gr\/Zoll<\/li>\n<li>max. L\u00e4nge: 33 Zoll<\/li>\n<\/ul>\n<\/li>\n<li>Spine 600\n<ul>\n<li>\u00d8 aussen: 7,05mm<\/li>\n<li>Gewicht (GPI): 5,58gr\/Zoll<\/li>\n<li>max. L\u00e4nge: 33 Zoll<\/li>\n<\/ul>\n<\/li>\n<li>Spine 700\n<ul>\n<li>\u00d8 aussen: 7,00mm<\/li>\n<li>Gewicht (GPI): 5,12gr\/Zoll<\/li>\n<li>max. L\u00e4nge: 33 Zoll<\/li>\n<\/ul>\n<\/li>\n<li>Spine 800\n<ul>\n<li>\u00d8 aussen: 6,85mm<\/li>\n<li>Gewicht (GPI): 4,20gr\/Zoll<\/li>\n<li>max. L\u00e4nge: 33 Zoll<\/li>\n<\/ul>\n<\/li>\n<\/ul>\n<p>&nbsp;<\/p>\n<p>&nbsp;<\/p>\n<p><strong>Lieferumfang:<\/strong><br \/>\nSchaft inkl. Nocke und Insert<\/p>\n<p>Gern k\u00fcrzen wir den Schaft f\u00fcr Euch.<\/p>\n<p>&nbsp;<\/p>\n<table class=\"table table-sm\">\n<tbody>\n<tr class=\"attr-custom\">\n<td><b>Herstellerangaben<\/b>:<\/td>\n<td class=\"attr-value\"><strong>Herstellername:<\/strong><br \/>\nWeiHai AnPu Composite Co.<br \/>\n<strong>Anschrift:<\/strong><br \/>\nLtd WenDeng, WeiHai, ShanDong 264400<br \/>\n<strong>Herkunftsland:<\/strong><br \/>\nChina<br \/>\n<strong>Webseite:<\/strong><br \/>\nhttps:\/\/www.skylonarchery.com\/<br \/>\n<strong>Kontakt:<\/strong><br \/>\ncontact@skylonarchery.com<br \/>\n<strong>Marke:<\/strong><br \/>\nSkylon Archery<\/td>\n<\/tr>\n<tr class=\"attr-custom\">\n<td><b>Verantwortliche Person<\/b>:<\/td>\n<td class=\"attr-value\"><strong>verantwortliche Person:<\/strong><br \/>\nNV S.S.A. Sporting Goods<br \/>\n<strong>Anschrift:<\/strong><br \/>\nNeringstraat 2, 8370 Blankenberge, Belgien<br \/>\n<strong>Herkunftsland:<\/strong><br \/>\nBelgien<br \/>\n<strong>Kontakt:<\/strong><br \/>\nhttps:\/\/www.ssa-archery.com\/de-de\/contact-us<\/td>\n<\/tr>\n<\/tbody>\n<\/table>\n","protected":false},"excerpt":{"rendered":"<p>Schaft Skylon Edge<\/p>\n","protected":false},"featured_media":3079,"comment_status":"open","ping_status":"closed","template":"","meta":[],"product_brand":[],"product_cat":[19],"product_tag":[396,72,792,793,887],"class_list":{"0":"post-3078","1":"product","2":"type-product","3":"status-publish","4":"has-post-thumbnail","6":"product_cat-carbonschaefte","7":"product_tag-skylon","8":"product_tag-carbonschaft","9":"product_tag-edge","10":"product_tag-6-2mm","11":"product_tag-33-zoll","13":"first","14":"instock","15":"taxable","16":"shipping-taxable","17":"purchasable","18":"product-type-variable"},"_links":{"self":[{"href":"https:\/\/shop.xn--altmhl-bogensport-52b.de\/index.php?rest_route=\/wp\/v2\/product\/3078","targetHints":{"allow":["GET"]}}],"collection":[{"href":"https:\/\/shop.xn--altmhl-bogensport-52b.de\/index.php?rest_route=\/wp\/v2\/product"}],"about":[{"href":"https:\/\/shop.xn--altmhl-bogensport-52b.de\/index.php?rest_route=\/wp\/v2\/types\/product"}],"replies":[{"embeddable":true,"href":"https:\/\/shop.xn--altmhl-bogensport-52b.de\/index.php?rest_route=%2Fwp%2Fv2%2Fcomments&post=3078"}],"wp:featuredmedia":[{"embeddable":true,"href":"https:\/\/shop.xn--altmhl-bogensport-52b.de\/index.php?rest_route=\/wp\/v2\/media\/3079"}],"wp:attachment":[{"href":"https:\/\/shop.xn--altmhl-bogensport-52b.de\/index.php?rest_route=%2Fwp%2Fv2%2Fmedia&parent=3078"}],"wp:term":[{"taxonomy":"product_brand","embeddable":true,"href":"https:\/\/shop.xn--altmhl-bogensport-52b.de\/index.php?rest_route=%2Fwp%2Fv2%2Fproduct_brand&post=3078"},{"taxonomy":"product_cat","embeddable":true,"href":"https:\/\/shop.xn--altmhl-bogensport-52b.de\/index.php?rest_route=%2Fwp%2Fv2%2Fproduct_cat&post=3078"},{"taxonomy":"product_tag","embeddable":true,"href":"https:\/\/shop.xn--altmhl-bogensport-52b.de\/index.php?rest_route=%2Fwp%2Fv2%2Fproduct_tag&post=3078"}],"curies":[{"name":"wp","href":"https:\/\/api.w.org\/{rel}","templated":true}]}}