{"id":3058,"date":"2021-12-27T18:34:18","date_gmt":"2021-12-27T18:34:18","guid":{"rendered":"https:\/\/shop.xn--altmhl-bogensport-52b.de\/?post_type=product&#038;p=3058"},"modified":"2026-01-31T17:54:06","modified_gmt":"2026-01-31T17:54:06","slug":"thermokissen-sitzkissen-faltbar-schwarz-oder-oliv","status":"publish","type":"product","link":"https:\/\/shop.xn--altmhl-bogensport-52b.de\/?product=thermokissen-sitzkissen-faltbar-schwarz-oder-oliv","title":{"rendered":"Thermokissen, Sitzkissen, faltbar, schwarz oder oliv"},"content":{"rendered":"<p>Sitzkissen besonders f\u00fcr die kalte Jahreszeit aus robustem Spezialschaumstoff<br \/>\nrutschhemmende und hervorragend isolierende Noppenstruktur<\/p>\n<p>Packma\u00df: ca. 30 x 10 x 3 cm (L x B x H)<br \/>\nSitz Ma\u00dfe: ca. 39 x 30 x 1 cm (L x B x H)<br \/>\nGewicht: ca. 30 g<\/p>\n<p>Material:<br \/>\n100 % Polyethylene (XPE)<\/p>\n<p>Ob im Kindergarten oder auf den Bogensport-Turnier, sch\u00fctzt das Hinterteil vor K\u00e4ltesch\u00e4den \ud83d\ude42<\/p>\n","protected":false},"excerpt":{"rendered":"<p>Fox Outdoor Sitzkissen<\/p>\n","protected":false},"featured_media":3059,"comment_status":"open","ping_status":"closed","template":"","meta":[],"product_brand":[],"product_cat":[1533,546,726],"product_tag":[881,882,883,414,469],"class_list":{"0":"post-3058","1":"product","2":"type-product","3":"status-publish","4":"has-post-thumbnail","6":"product_cat-waerme","7":"product_cat-survival","8":"product_cat-lagerleben","9":"product_tag-sitzkissen","10":"product_tag-thermokissen","11":"product_tag-oliv","12":"product_tag-schwarz","13":"product_tag-mfh","15":"first","16":"instock","17":"taxable","18":"shipping-taxable","19":"purchasable","20":"product-type-variable"},"_links":{"self":[{"href":"https:\/\/shop.xn--altmhl-bogensport-52b.de\/index.php?rest_route=\/wp\/v2\/product\/3058","targetHints":{"allow":["GET"]}}],"collection":[{"href":"https:\/\/shop.xn--altmhl-bogensport-52b.de\/index.php?rest_route=\/wp\/v2\/product"}],"about":[{"href":"https:\/\/shop.xn--altmhl-bogensport-52b.de\/index.php?rest_route=\/wp\/v2\/types\/product"}],"replies":[{"embeddable":true,"href":"https:\/\/shop.xn--altmhl-bogensport-52b.de\/index.php?rest_route=%2Fwp%2Fv2%2Fcomments&post=3058"}],"wp:featuredmedia":[{"embeddable":true,"href":"https:\/\/shop.xn--altmhl-bogensport-52b.de\/index.php?rest_route=\/wp\/v2\/media\/3059"}],"wp:attachment":[{"href":"https:\/\/shop.xn--altmhl-bogensport-52b.de\/index.php?rest_route=%2Fwp%2Fv2%2Fmedia&parent=3058"}],"wp:term":[{"taxonomy":"product_brand","embeddable":true,"href":"https:\/\/shop.xn--altmhl-bogensport-52b.de\/index.php?rest_route=%2Fwp%2Fv2%2Fproduct_brand&post=3058"},{"taxonomy":"product_cat","embeddable":true,"href":"https:\/\/shop.xn--altmhl-bogensport-52b.de\/index.php?rest_route=%2Fwp%2Fv2%2Fproduct_cat&post=3058"},{"taxonomy":"product_tag","embeddable":true,"href":"https:\/\/shop.xn--altmhl-bogensport-52b.de\/index.php?rest_route=%2Fwp%2Fv2%2Fproduct_tag&post=3058"}],"curies":[{"name":"wp","href":"https:\/\/api.w.org\/{rel}","templated":true}]}}