{"id":2992,"date":"2021-12-26T11:52:46","date_gmt":"2021-12-26T11:52:46","guid":{"rendered":"https:\/\/shop.xn--altmhl-bogensport-52b.de\/?post_type=product&#038;p=2992"},"modified":"2021-12-27T18:55:51","modified_gmt":"2021-12-27T18:55:51","slug":"core-bogentasche-recurve-soft-case-fuer-take-down-bogen","status":"publish","type":"product","link":"https:\/\/shop.xn--altmhl-bogensport-52b.de\/?product=core-bogentasche-recurve-soft-case-fuer-take-down-bogen","title":{"rendered":"Core Bogentasche Recurve Soft Case f\u00fcr Take Down Bogen"},"content":{"rendered":"<p>Einfache Tragetasche \/ SOFT CASE f\u00fcr\u00a0 T\/D BOWS von CORE.<\/p>\n<p>Innen F\u00e4cher und Schlaufen f\u00fcr Kleinteile, Pfeile, Griffst\u00fcck und Wurfarme.<\/p>\n<p><strong>Technische Daten:<\/strong><br \/>\nFarbe: schwarz<br \/>\nGr\u00f6\u00dfe: ca. 80 x 30 cm<br \/>\nTragegriff<\/p>\n<p>Rei\u00dfverschlu\u00df zum Schlie\u00dfen.<\/p>\n","protected":false},"excerpt":{"rendered":"<p>Core Recurvebogentasche schwarz<\/p>\n","protected":false},"featured_media":2993,"comment_status":"open","ping_status":"closed","template":"","meta":[],"product_brand":[],"product_cat":[204,33],"product_tag":[181,855,52,156],"class_list":{"0":"post-2992","1":"product","2":"type-product","3":"status-publish","4":"has-post-thumbnail","6":"product_cat-bogenzubehoer","7":"product_cat-bogenhuellen-taschen","8":"product_tag-recurvebogen","9":"product_tag-core","10":"product_tag-takedown","11":"product_tag-bogentasche","13":"first","14":"instock","15":"taxable","16":"shipping-taxable","17":"purchasable","18":"product-type-simple"},"_links":{"self":[{"href":"https:\/\/shop.xn--altmhl-bogensport-52b.de\/index.php?rest_route=\/wp\/v2\/product\/2992","targetHints":{"allow":["GET"]}}],"collection":[{"href":"https:\/\/shop.xn--altmhl-bogensport-52b.de\/index.php?rest_route=\/wp\/v2\/product"}],"about":[{"href":"https:\/\/shop.xn--altmhl-bogensport-52b.de\/index.php?rest_route=\/wp\/v2\/types\/product"}],"replies":[{"embeddable":true,"href":"https:\/\/shop.xn--altmhl-bogensport-52b.de\/index.php?rest_route=%2Fwp%2Fv2%2Fcomments&post=2992"}],"wp:featuredmedia":[{"embeddable":true,"href":"https:\/\/shop.xn--altmhl-bogensport-52b.de\/index.php?rest_route=\/wp\/v2\/media\/2993"}],"wp:attachment":[{"href":"https:\/\/shop.xn--altmhl-bogensport-52b.de\/index.php?rest_route=%2Fwp%2Fv2%2Fmedia&parent=2992"}],"wp:term":[{"taxonomy":"product_brand","embeddable":true,"href":"https:\/\/shop.xn--altmhl-bogensport-52b.de\/index.php?rest_route=%2Fwp%2Fv2%2Fproduct_brand&post=2992"},{"taxonomy":"product_cat","embeddable":true,"href":"https:\/\/shop.xn--altmhl-bogensport-52b.de\/index.php?rest_route=%2Fwp%2Fv2%2Fproduct_cat&post=2992"},{"taxonomy":"product_tag","embeddable":true,"href":"https:\/\/shop.xn--altmhl-bogensport-52b.de\/index.php?rest_route=%2Fwp%2Fv2%2Fproduct_tag&post=2992"}],"curies":[{"name":"wp","href":"https:\/\/api.w.org\/{rel}","templated":true}]}}