{"id":2934,"date":"2021-12-26T07:28:07","date_gmt":"2021-12-26T07:28:07","guid":{"rendered":"https:\/\/shop.xn--altmhl-bogensport-52b.de\/?post_type=product&#038;p=2934"},"modified":"2025-11-07T16:12:08","modified_gmt":"2025-11-07T16:12:08","slug":"avalon-guertel-verstellbar-hd-clip","status":"publish","type":"product","link":"https:\/\/shop.xn--altmhl-bogensport-52b.de\/?product=avalon-guertel-verstellbar-hd-clip","title":{"rendered":"Avalon G\u00fcrtel verstellbar HD Clip"},"content":{"rendered":"<p>Universal K\u00f6cherg\u00fcrtel aus robustem Nylongewebe und HD Clip<\/p>\n<div><strong>Technische Daten:<\/strong><\/div>\n<div>L\u00e4nge: max. 120 cm universal verstellbar<\/div>\n<div>Breite: ca. 3,8 cm<br \/>\nFarbe: schwarz\/schwarz<\/div>\n<div><\/div>\n<div><strong>Herstellername:<\/strong><br \/>\nS.S.A. Sporting Goods NV<br \/>\n<strong>Anschrift:<\/strong><br \/>\nJohn Cordierlaan 15, 8400 Ostende<br \/>\n<strong>Herkunftsland:<\/strong><br \/>\nBelgien<br \/>\n<strong>Webseite:<\/strong><br \/>\nhttps:\/\/www.ssa-archery.com\/de-de\/<br \/>\n<strong>Kontakt:<\/strong><br \/>\nhttps:\/\/www.ssa-archery.com\/de-de\/contact-us<br \/>\n<strong>Marke:<\/strong><br \/>\nAvalon<\/div>\n","protected":false},"excerpt":{"rendered":"<p>Avalon G\u00fcrtel<\/p>\n","protected":false},"featured_media":2935,"comment_status":"open","ping_status":"closed","template":"","meta":[],"product_brand":[],"product_cat":[75,454],"product_tag":[846,24,766,845],"class_list":{"0":"post-2934","1":"product","2":"type-product","3":"status-publish","4":"has-post-thumbnail","6":"product_cat-guerteltaschen","7":"product_cat-seitenkoecher","8":"product_tag-belt","9":"product_tag-avalon","10":"product_tag-belt-clip","11":"product_tag-guertel","13":"first","14":"outofstock","15":"taxable","16":"shipping-taxable","17":"purchasable","18":"product-type-simple"},"_links":{"self":[{"href":"https:\/\/shop.xn--altmhl-bogensport-52b.de\/index.php?rest_route=\/wp\/v2\/product\/2934","targetHints":{"allow":["GET"]}}],"collection":[{"href":"https:\/\/shop.xn--altmhl-bogensport-52b.de\/index.php?rest_route=\/wp\/v2\/product"}],"about":[{"href":"https:\/\/shop.xn--altmhl-bogensport-52b.de\/index.php?rest_route=\/wp\/v2\/types\/product"}],"replies":[{"embeddable":true,"href":"https:\/\/shop.xn--altmhl-bogensport-52b.de\/index.php?rest_route=%2Fwp%2Fv2%2Fcomments&post=2934"}],"wp:featuredmedia":[{"embeddable":true,"href":"https:\/\/shop.xn--altmhl-bogensport-52b.de\/index.php?rest_route=\/wp\/v2\/media\/2935"}],"wp:attachment":[{"href":"https:\/\/shop.xn--altmhl-bogensport-52b.de\/index.php?rest_route=%2Fwp%2Fv2%2Fmedia&parent=2934"}],"wp:term":[{"taxonomy":"product_brand","embeddable":true,"href":"https:\/\/shop.xn--altmhl-bogensport-52b.de\/index.php?rest_route=%2Fwp%2Fv2%2Fproduct_brand&post=2934"},{"taxonomy":"product_cat","embeddable":true,"href":"https:\/\/shop.xn--altmhl-bogensport-52b.de\/index.php?rest_route=%2Fwp%2Fv2%2Fproduct_cat&post=2934"},{"taxonomy":"product_tag","embeddable":true,"href":"https:\/\/shop.xn--altmhl-bogensport-52b.de\/index.php?rest_route=%2Fwp%2Fv2%2Fproduct_tag&post=2934"}],"curies":[{"name":"wp","href":"https:\/\/api.w.org\/{rel}","templated":true}]}}