{"id":2897,"date":"2021-12-25T13:58:18","date_gmt":"2021-12-25T13:58:18","guid":{"rendered":"https:\/\/shop.xn--altmhl-bogensport-52b.de\/?post_type=product&#038;p=2897"},"modified":"2025-11-14T07:20:14","modified_gmt":"2025-11-14T07:20:14","slug":"avalon-tyro-recurvebogenvisier","status":"publish","type":"product","link":"https:\/\/shop.xn--altmhl-bogensport-52b.de\/?product=avalon-tyro-recurvebogenvisier","title":{"rendered":"AVALON Tyro &#8211; Recurvebogenvisier"},"content":{"rendered":"<p><strong>AVALON Tyro &#8211; Recurvebogenvisier<\/strong><\/p>\n<p>Das AVALON Tyro ist ein leichtes, g\u00fcnstiges Visier f\u00fcr\u00a0 junge Recurvebogensch\u00fctzen. Es besteht aus hochfestem Kunststoff und ist \u00e4u\u00dferst verwindungssteif.<br \/>\nDie Einstellung erfolgt durch einfaches Verschieben des Visierschlittens auf der vertikalen Schiene bzw. durch das Verstellrad (f\u00fcr die Feineinstellung).<\/p>\n<p>Durch das einfache Umdrehen der horizontalen Schiene eignet sich das Visier f\u00fcr Rechts- und Linkshandsch\u00fctzen gleicherma\u00dfen.<\/p>\n<p><strong>L\u00e4nge des Auslegers:<\/strong>\u00a0ca. 10cm<\/p>\n<p>&nbsp;<\/p>\n<p><strong>Lieferumfang:<\/strong><br \/>\n1x Visier inkl. Pin<\/p>\n<p><strong>Herstellername:<\/strong><br \/>\nS.S.A. Sporting Goods NV<br \/>\n<strong>Anschrift:<\/strong><br \/>\nJohn Cordierlaan 15, 8400 Ostende<br \/>\n<strong>Herkunftsland:<\/strong><br \/>\nBelgien<br \/>\n<strong>Webseite:<\/strong><br \/>\nhttps:\/\/www.ssa-archery.com\/de-de\/<br \/>\n<strong>Kontakt:<\/strong><br \/>\nhttps:\/\/www.ssa-archery.com\/de-de\/contact-us<br \/>\n<strong>Marke:<\/strong><br \/>\nAvalon<\/p>\n","protected":false},"excerpt":{"rendered":"<p>Avalon Recurvebogenvisier Tyro<\/p>\n","protected":false},"featured_media":2898,"comment_status":"open","ping_status":"closed","template":"","meta":[],"product_brand":[],"product_cat":[163,835],"product_tag":[24,132,836],"class_list":{"0":"post-2897","1":"product","2":"type-product","3":"status-publish","4":"has-post-thumbnail","6":"product_cat-sale","7":"product_cat-visiere","8":"product_tag-avalon","9":"product_tag-tyro","10":"product_tag-recurvebogenvisier","12":"first","13":"outofstock","14":"taxable","15":"shipping-taxable","16":"purchasable","17":"product-type-simple"},"_links":{"self":[{"href":"https:\/\/shop.xn--altmhl-bogensport-52b.de\/index.php?rest_route=\/wp\/v2\/product\/2897","targetHints":{"allow":["GET"]}}],"collection":[{"href":"https:\/\/shop.xn--altmhl-bogensport-52b.de\/index.php?rest_route=\/wp\/v2\/product"}],"about":[{"href":"https:\/\/shop.xn--altmhl-bogensport-52b.de\/index.php?rest_route=\/wp\/v2\/types\/product"}],"replies":[{"embeddable":true,"href":"https:\/\/shop.xn--altmhl-bogensport-52b.de\/index.php?rest_route=%2Fwp%2Fv2%2Fcomments&post=2897"}],"wp:featuredmedia":[{"embeddable":true,"href":"https:\/\/shop.xn--altmhl-bogensport-52b.de\/index.php?rest_route=\/wp\/v2\/media\/2898"}],"wp:attachment":[{"href":"https:\/\/shop.xn--altmhl-bogensport-52b.de\/index.php?rest_route=%2Fwp%2Fv2%2Fmedia&parent=2897"}],"wp:term":[{"taxonomy":"product_brand","embeddable":true,"href":"https:\/\/shop.xn--altmhl-bogensport-52b.de\/index.php?rest_route=%2Fwp%2Fv2%2Fproduct_brand&post=2897"},{"taxonomy":"product_cat","embeddable":true,"href":"https:\/\/shop.xn--altmhl-bogensport-52b.de\/index.php?rest_route=%2Fwp%2Fv2%2Fproduct_cat&post=2897"},{"taxonomy":"product_tag","embeddable":true,"href":"https:\/\/shop.xn--altmhl-bogensport-52b.de\/index.php?rest_route=%2Fwp%2Fv2%2Fproduct_tag&post=2897"}],"curies":[{"name":"wp","href":"https:\/\/api.w.org\/{rel}","templated":true}]}}