{"id":2862,"date":"2021-12-25T07:59:25","date_gmt":"2021-12-25T07:59:25","guid":{"rendered":"https:\/\/shop.xn--altmhl-bogensport-52b.de\/?post_type=product&#038;p=2862"},"modified":"2024-09-25T12:44:29","modified_gmt":"2024-09-25T12:44:29","slug":"oak-ridge-tikana-56-hybridbogen","status":"publish","type":"product","link":"https:\/\/shop.xn--altmhl-bogensport-52b.de\/?product=oak-ridge-tikana-56-hybridbogen","title":{"rendered":"OAK RIDGE Tikana 56&#8243; Hybridbogen"},"content":{"rendered":"<h2>OAK RIDGE Tikana 56&#8243; Hybridbogen<\/h2>\n<p>&nbsp;<\/p>\n<p><strong>Alle nicht ausw\u00e4hlbaren B\u00f6gen erhalten Sie auf Anfrage (20 &#8211; 50\u00a0lbs in 5 lbs Schritten).<\/strong><\/p>\n<p>&nbsp;<\/p>\n<p>Der Tikana Hybridbogen von OAK RIDGE ist mit seiner L\u00e4nge von 56 Zoll ein sehr wendiger und gut zu handhabender Bogen. Er besitzt keinen Shelf und verf\u00fcgt \u00fcber ein\u00a0mit Leder umwickelten rundes und schmales Griffst\u00fcck, wodurch er bequem von Rechts- und\u00a0Linkshandsch\u00fctzen geschossen werden kann.<\/p>\n<p>Das Griffst\u00fcck des Tikana besteht aus Ebenholz und hebt sich von der dunkleren Farbgebung von den aus Bambus bestehenden Wurfarmen ab. Die Wurfarme sind zur Verst\u00e4rkung mit durchsichtigem Fiberglas \u00fcberzogen. Eingesetzte Tips bestehen aus einem langlebigen\u00a0Kunstharz (Bakelit). Um das Material vor Schl\u00e4gen zu Sch\u00fctzen empfehlen wir die Nutzung von einem\u00a0Endenschutz.<\/p>\n<p>&nbsp;<\/p>\n<h3>Alle wichtigen Informationen auf einem Blick:<\/h3>\n<ul>\n<li>Bogenl\u00e4nge: 56 Zoll<\/li>\n<li>Zuggewicht: 20 &#8211; 50 lbs<\/li>\n<li>Griffoptik: Ebenholz mit dunkler Lederumwicklung<\/li>\n<li>Griffart: schmales rundes Griffst\u00fcck<\/li>\n<li>Wurfarme: Bambus mit durchsichtigem\u00a0Fiberglas<\/li>\n<li>Tips: langlebiges Kunstharz (Bakelit)<\/li>\n<li>Sehne: Dyneema Sehne (enthalten)<\/li>\n<li>Standh\u00f6he: ca. 7 Zoll<\/li>\n<li>f\u00fcr Rechts- und Linkshandsch\u00fctzen<\/li>\n<\/ul>\n<p>Die Standh\u00f6he ist der Abstand zwischen dem tiefsten Punkt im Griff und der Sehne.<\/p>\n","protected":false},"excerpt":{"rendered":"<p>Oak Ridge Tikana Hybridbogen<\/p>\n","protected":false},"featured_media":2863,"comment_status":"open","ping_status":"closed","template":"","meta":[],"product_brand":[],"product_cat":[435,644],"product_tag":[590,653,824],"class_list":{"0":"post-2862","1":"product","2":"type-product","3":"status-publish","4":"has-post-thumbnail","6":"product_cat-hybridbogen","7":"product_cat-kinder-jugendbogen","8":"product_tag-hybrid","9":"product_tag-oak-ridge","10":"product_tag-tikana","12":"first","13":"outofstock","14":"taxable","15":"shipping-taxable","16":"purchasable","17":"product-type-variable"},"_links":{"self":[{"href":"https:\/\/shop.xn--altmhl-bogensport-52b.de\/index.php?rest_route=\/wp\/v2\/product\/2862","targetHints":{"allow":["GET"]}}],"collection":[{"href":"https:\/\/shop.xn--altmhl-bogensport-52b.de\/index.php?rest_route=\/wp\/v2\/product"}],"about":[{"href":"https:\/\/shop.xn--altmhl-bogensport-52b.de\/index.php?rest_route=\/wp\/v2\/types\/product"}],"replies":[{"embeddable":true,"href":"https:\/\/shop.xn--altmhl-bogensport-52b.de\/index.php?rest_route=%2Fwp%2Fv2%2Fcomments&post=2862"}],"wp:featuredmedia":[{"embeddable":true,"href":"https:\/\/shop.xn--altmhl-bogensport-52b.de\/index.php?rest_route=\/wp\/v2\/media\/2863"}],"wp:attachment":[{"href":"https:\/\/shop.xn--altmhl-bogensport-52b.de\/index.php?rest_route=%2Fwp%2Fv2%2Fmedia&parent=2862"}],"wp:term":[{"taxonomy":"product_brand","embeddable":true,"href":"https:\/\/shop.xn--altmhl-bogensport-52b.de\/index.php?rest_route=%2Fwp%2Fv2%2Fproduct_brand&post=2862"},{"taxonomy":"product_cat","embeddable":true,"href":"https:\/\/shop.xn--altmhl-bogensport-52b.de\/index.php?rest_route=%2Fwp%2Fv2%2Fproduct_cat&post=2862"},{"taxonomy":"product_tag","embeddable":true,"href":"https:\/\/shop.xn--altmhl-bogensport-52b.de\/index.php?rest_route=%2Fwp%2Fv2%2Fproduct_tag&post=2862"}],"curies":[{"name":"wp","href":"https:\/\/api.w.org\/{rel}","templated":true}]}}