{"id":2855,"date":"2021-12-24T11:01:28","date_gmt":"2021-12-24T11:01:28","guid":{"rendered":"https:\/\/shop.xn--altmhl-bogensport-52b.de\/?post_type=product&#038;p=2855"},"modified":"2021-12-24T11:01:29","modified_gmt":"2021-12-24T11:01:29","slug":"black-stallion-hueftkoecher-picollo","status":"publish","type":"product","link":"https:\/\/shop.xn--altmhl-bogensport-52b.de\/?product=black-stallion-hueftkoecher-picollo","title":{"rendered":"Black Stallion H\u00fcftk\u00f6cher &#8220;Picollo&#8221;"},"content":{"rendered":"<p>Holsterk\u00f6cher in schwarzem Leder.<\/p>\n<p>RH+LH Version, bitte ausw\u00e4hlen.<\/p>\n<p>Gesamtl\u00e4nge: 36cm<br \/>\nTiefe Pfeilfach: 20 bis 22cm<br \/>\nGewicht: ca. 300g<br \/>\nF\u00fcr 10 bis 12 Pfeilen<\/p>\n<p>Zum Tragen wird ein G\u00fcrtel ben\u00f6tigt, dieser ist nicht im Lieferumfang.<\/p>\n","protected":false},"excerpt":{"rendered":"<p>Black Stallion Holsterk\u00f6cher<\/p>\n","protected":false},"featured_media":2856,"comment_status":"open","ping_status":"closed","template":"","meta":[],"product_brand":[],"product_cat":[454],"product_tag":[168,416,821,822],"class_list":{"0":"post-2855","1":"product","2":"type-product","3":"status-publish","4":"has-post-thumbnail","6":"product_cat-seitenkoecher","7":"product_tag-holsterkoecher","8":"product_tag-black-stallion","9":"product_tag-sidequiver","10":"product_tag-hueftkoecher","12":"first","13":"instock","14":"sale","15":"taxable","16":"shipping-taxable","17":"purchasable","18":"product-type-variable"},"_links":{"self":[{"href":"https:\/\/shop.xn--altmhl-bogensport-52b.de\/index.php?rest_route=\/wp\/v2\/product\/2855","targetHints":{"allow":["GET"]}}],"collection":[{"href":"https:\/\/shop.xn--altmhl-bogensport-52b.de\/index.php?rest_route=\/wp\/v2\/product"}],"about":[{"href":"https:\/\/shop.xn--altmhl-bogensport-52b.de\/index.php?rest_route=\/wp\/v2\/types\/product"}],"replies":[{"embeddable":true,"href":"https:\/\/shop.xn--altmhl-bogensport-52b.de\/index.php?rest_route=%2Fwp%2Fv2%2Fcomments&post=2855"}],"wp:featuredmedia":[{"embeddable":true,"href":"https:\/\/shop.xn--altmhl-bogensport-52b.de\/index.php?rest_route=\/wp\/v2\/media\/2856"}],"wp:attachment":[{"href":"https:\/\/shop.xn--altmhl-bogensport-52b.de\/index.php?rest_route=%2Fwp%2Fv2%2Fmedia&parent=2855"}],"wp:term":[{"taxonomy":"product_brand","embeddable":true,"href":"https:\/\/shop.xn--altmhl-bogensport-52b.de\/index.php?rest_route=%2Fwp%2Fv2%2Fproduct_brand&post=2855"},{"taxonomy":"product_cat","embeddable":true,"href":"https:\/\/shop.xn--altmhl-bogensport-52b.de\/index.php?rest_route=%2Fwp%2Fv2%2Fproduct_cat&post=2855"},{"taxonomy":"product_tag","embeddable":true,"href":"https:\/\/shop.xn--altmhl-bogensport-52b.de\/index.php?rest_route=%2Fwp%2Fv2%2Fproduct_tag&post=2855"}],"curies":[{"name":"wp","href":"https:\/\/api.w.org\/{rel}","templated":true}]}}