{"id":2828,"date":"2021-12-24T10:26:54","date_gmt":"2021-12-24T10:26:54","guid":{"rendered":"https:\/\/shop.xn--altmhl-bogensport-52b.de\/?post_type=product&#038;p=2828"},"modified":"2023-10-08T13:16:33","modified_gmt":"2023-10-08T13:16:33","slug":"buck-trail-bogenkoecher-aus-leder-6-pfeile","status":"publish","type":"product","link":"https:\/\/shop.xn--altmhl-bogensport-52b.de\/?product=buck-trail-bogenkoecher-aus-leder-6-pfeile","title":{"rendered":"Buck Trail Bogenk\u00f6cher aus Leder 6 Pfeile"},"content":{"rendered":"<h2><u>Bogenk\u00f6cher aus Leder<\/u><\/h2>\n<p>&nbsp;<\/p>\n<p>Der Buck Trail Bogenk\u00f6cher ist ein g\u00fcnstiger Bogenk\u00f6cher mit Leder\u00fcberzug.<\/p>\n<p>Er bietet Platz f\u00fcr sechs Pfeile und ist in verschiedenen Farbausf\u00fchrunge<wbr \/>n erh\u00e4ltlich.<\/p>\n<p>Der Bogenk\u00f6cher wurde so entworfen, dass er sowohl f\u00fcr Rechtshand- als auch f\u00fcr Linkshandsch\u00fctz<wbr \/>en geeignet ist.<\/p>\n<p>Die zwei Teile aus denen er besteht m\u00fcssen beide am Bogen befestigt werden, die Montage ist jedoch denkbar einfach und es werden keine Schraubgewinde am Bogen ben\u00f6tigt.<\/p>\n<p>Beide Teile haben eine F\u00fchrung aus Hartgummi, die auf den Wurfarm gesteckt wird. Damit wird das K\u00f6cherteil zum Fade-Out geschoben (also Richtung Griffst\u00fcck) bis es fest sitzt.<\/p>\n<p>Am Ende wird es mit einem Gummiriemen gesichert und der K\u00f6cher ist befestigt.<br \/>\nEr passt so ziemlich auf jeden Lang- , Hybrid- oder Recurvebogen.<\/p>\n<p>Die Pfeilhalterung ist ebenfalls aus Gummi, die Spitzen sitzen fest in einem Block aus Polyfoam.<\/p>\n<p>Ein Bogenk\u00f6cher kann ihr Schussbild verbessern! Durch das zus\u00e4tzliche Gewicht am Griffst\u00fcck steigert er die Schussruhe des Bogens und damit einen saubereren Abschuss.<\/p>\n","protected":false},"excerpt":{"rendered":"<p>Bogenk\u00f6cher Bucktrail f\u00fcr 6 Pfeile<\/p>\n","protected":false},"featured_media":2829,"comment_status":"open","ping_status":"closed","template":"","meta":[],"product_brand":[],"product_cat":[812],"product_tag":[818,819,47],"class_list":{"0":"post-2828","1":"product","2":"type-product","3":"status-publish","4":"has-post-thumbnail","6":"product_cat-anbaukoecher","7":"product_tag-anbaukoecher","8":"product_tag-bogenkoecher","9":"product_tag-bucktrail","11":"first","12":"outofstock","13":"taxable","14":"shipping-taxable","15":"purchasable","16":"product-type-variable"},"_links":{"self":[{"href":"https:\/\/shop.xn--altmhl-bogensport-52b.de\/index.php?rest_route=\/wp\/v2\/product\/2828","targetHints":{"allow":["GET"]}}],"collection":[{"href":"https:\/\/shop.xn--altmhl-bogensport-52b.de\/index.php?rest_route=\/wp\/v2\/product"}],"about":[{"href":"https:\/\/shop.xn--altmhl-bogensport-52b.de\/index.php?rest_route=\/wp\/v2\/types\/product"}],"replies":[{"embeddable":true,"href":"https:\/\/shop.xn--altmhl-bogensport-52b.de\/index.php?rest_route=%2Fwp%2Fv2%2Fcomments&post=2828"}],"wp:featuredmedia":[{"embeddable":true,"href":"https:\/\/shop.xn--altmhl-bogensport-52b.de\/index.php?rest_route=\/wp\/v2\/media\/2829"}],"wp:attachment":[{"href":"https:\/\/shop.xn--altmhl-bogensport-52b.de\/index.php?rest_route=%2Fwp%2Fv2%2Fmedia&parent=2828"}],"wp:term":[{"taxonomy":"product_brand","embeddable":true,"href":"https:\/\/shop.xn--altmhl-bogensport-52b.de\/index.php?rest_route=%2Fwp%2Fv2%2Fproduct_brand&post=2828"},{"taxonomy":"product_cat","embeddable":true,"href":"https:\/\/shop.xn--altmhl-bogensport-52b.de\/index.php?rest_route=%2Fwp%2Fv2%2Fproduct_cat&post=2828"},{"taxonomy":"product_tag","embeddable":true,"href":"https:\/\/shop.xn--altmhl-bogensport-52b.de\/index.php?rest_route=%2Fwp%2Fv2%2Fproduct_tag&post=2828"}],"curies":[{"name":"wp","href":"https:\/\/api.w.org\/{rel}","templated":true}]}}